{"id":33654,"date":"2021-05-10T08:30:20","date_gmt":"2021-05-10T08:30:20","guid":{"rendered":"https:\/\/wp-staging.amberscript.com\/terms-and-conditions-it\/"},"modified":"2026-01-16T10:26:17","modified_gmt":"2026-01-16T09:26:17","slug":"termini-e-condizioni","status":"publish","type":"page","link":"https:\/\/wp-staging.amberscript.com\/it\/termini-e-condizioni\/","title":{"rendered":"Terms and conditions | IT"},"content":{"rendered":"<div class=\"w-full flex justify-center bg-surface-elevated relative border-and-shadow-bottom\">\n    <div class=\"flex flex-col max-w-container w-full px-4 lg:px-[100px] gap-title-description-spacing-mobile sm:gap-title-description-spacing-desktop py-block-padding-1-mobile xl:py-block-padding-1-desktop\">\n        <div class=\"lg:mx-auto flex flex-col gap-title-description-spacing-mobile lg:max-w-4xl text-center\">\n            <h1 class=\"text-h1 text-content-primary\">Termini e condizioni<\/h1>\n            <p class=\"text-body-1 max-w-4xl text-content-secondary mx-auto text-lg\/8\">Ultimo aggiornamento: 29 agosto 2025<\/p>\n        <\/div>\n    <\/div>\n<\/div>\n\n\n<div class=\"w-full flex justify-center\">\n    <div class=\"flex flex-col max-w-container w-full px-4 lg:px-[100px] gap-title-description-spacing-mobile sm:gap-title-description-spacing-desktop py-block-padding-0.5-mobile xl:py-block-padding-0.5-desktop lg:!py-[68px] lg:!px-[290px]\">\n        <div class=\"text-body-2 text-content-secondary\"><h3 class=\"p1\">Termini e condizioni<\/h3>\n<p class=\"p1\">La raccomandiamo fortemente di leggere i termini e le condizioni attentamente prima di usare il nostro sito. Usando il sito wp-staging.amberscript.com sta accettando i termini e le condizioni.<\/p>\n<h3>La nostra piattaforma e i nostri servizi<\/h3>\n<p>Amberscript ha sviluppato la piattaforma Amberscript usando la tecnologia IA per fornire servizi di trascrizioni e sottotitoli. Usiamo algoritmi speech-to-text automatici per generare trascrizioni\/sottotitoli accurati e un servizio opzionale per il perfezionamento dei testi dei nostri trascrittori. Il nostro sito vuole fornire i seguenti servizi (citati in seguito come servizi):<\/p>\n<ul>\n<li>Caricamento del file audio\/video sul nostro sito.<\/li>\n<li>Creazione automatica di trascrizioni\/sottotitoli di file audio\/video.<\/li>\n<li>Collegamento della trascrizione al contenuto audio\/video.<\/li>\n<li>Il nostro editor online su app.wp-staging.amberscript.com le permette di modificare facilmente la trascrizione.<\/li>\n<li>Accesso a servizi manuali per trascrizioni forniti da un grande network di trascrittori qualificati.<\/li>\n<li>Accesso a servizi manuali per sottotitoli forniti da un grande network di trascrittori qualificati.<\/li>\n<li>Diverse modalit\u00e0 di esportazione e condivisione del contenuto.<\/li>\n<\/ul>\n<p>Amberscript si riserva il diritto di modificare questi termini di volta in volta. Consigliamo gli utenti di Amberscript di revisionare gli attuali termini d\u2019uso, essendo vincolante l\u2019ultima versione.<\/p>\n<h3>Prova gratis, pagamenti &amp; abbonamenti: Trascrizioni\/Sottotitoli Automatici<\/h3>\n<p>Amberscript offre ai nuovi clienti una prova gratuita per trascrizioni\/sottotitoli automatici. Se \u00e8 un nuovo utente iscritto per la prima volta alla piattaforma Amberscript, ha 00:10:00 minuti di credito aggiunti al suo account. Il suo account include anche un video demo che spiega il nostro tool.<\/p>\n<p>Questo credito pu\u00f2 essere usato per trascrizioni\/sottotitoli automatici per un file audio\/video non pi\u00f9 lungo dei minuti di credito sul suo account (vale a dire 00:10:00 minuti). Non ha bisogno di inserire i suoi dettagli per il pagamento per la prova gratuita. Una volta superati 00:10:00 minuti di credito, la piattaforma richieder\u00e0 i dettagli per il pagamento.<\/p>\n<p>Quando la sua prova gratuita per trascrizioni\/sottotitoli automatici finisce, potr\u00e0 scegliere una delle seguenti opzioni:<\/p>\n<ul>\n<li><strong>Automatico per ora:<\/strong> compra credito per ora (vale a dire 00:60:00 minuti di credito) che sar\u00e0 direttamente aggiunto al suo account. Pu\u00f2 caricare file audio\/video sulla piattaforma Amberscript fino a che avr\u00e0 usato tutto il credito acquistato. I crediti nel tuo account sono validi per 12 mesi dalla data di acquisto. I crediti non utilizzati non saranno rimborsati.<\/li>\n<li><strong>Abbonamenti al servizio automatico annuali e mensili:<\/strong> quando ti iscrivi al nostro abbonamento al servizio automatico annuale o mensile, ti verr\u00e0 richiesto un pagamento il giorno esatto della data dell&#8217;iscrizione per un totale di cinque (5) ore di credito. Lo stesso giorno del mese successivo verr\u00e0 elaborato il secondo pagamento (ossia se ti iscrivi il 15 maggio, il secondo pagamento viene elaborato il 15 giugno). Se nel mese precedente non hai utilizzato in toto le cinque (5) ore di credito, queste <strong>non verranno <\/strong> trasferite al mese successivo nel tuo account.Se utilizzi pi\u00f9 di cinque (5) ore di crediti in un mese specifico, puoi continuare a caricare i file e a trascrivere, ma riceverai una fattura aggiuntiva per i crediti spesi in eccesso alla fine del mese. Le ore aggiuntive acquistate, che non includono le cinque (5) ore previste dall\u2019abbonamento, verranno trasferite al mese successivo nel caso in cui non venissero utilizzate completamente. Il termine minimo di sottoscrizione al nostro abbonamento mensile al servizio automatico \u00e8 di due (2) mesi e per l&#8217;abbonamento annuale di dodici (12) mesi.<\/li>\n<\/ul>\n<p><span data-sheets-value=\"{&quot;1&quot;:2,&quot;2&quot;:&quot;Tutti i diritti di licenza dovuti dal licenziatario in base a questo contratto per l'uso dei sistemi di Amberscript sono soggetti ad un aumento pari al maggiore tra il 5 percento (5%) annuo o l'indice dei prezzi al consumo (IPC) cos\u00ec come pubblicato dal Wall Street Journal.&quot;}\" data-sheets-userformat=\"{&quot;2&quot;:769,&quot;3&quot;:{&quot;1&quot;:0},&quot;11&quot;:4,&quot;12&quot;:0}\">Tutti i diritti di licenza dovuti dal licenziatario in base a questo contratto per l&#8217;uso dei sistemi di Amberscript sono soggetti ad un aumento pari al maggiore tra il 5 percento (5%) annuo o l&#8217;indice dei prezzi al consumo (IPC) cos\u00ec come pubblicato dal Wall Street Journal.<\/span><\/p>\n<p>Pu\u00f2 trovare una descrizione di tutti i costi dei servizi Amberscript <a href=\"https:\/\/wp-staging.amberscript.com\/it\/prezzi\/\">qui.<\/a><\/p>\n<h3>Account Doppi<\/h3>\n<p>Ogni utente pu\u00f2 avere un (1) account Amberscript attivo. Amberscript si riserva il diritto di rifiutare la creazione di account doppi per lo stesso utente. In caso di account doppi rilevati, Amberscript ha il diritto di disattivare gli account doppi senza notifica.<\/p>\n<h3>Costi &amp; Scadenze per la consegna: Trascrizioni\/Sottotitoli Manuali<\/h3>\n<p>Oltre ai servizi automatici, Amberscript offre un servizio di trascrizioni\/sottotitoli manuali. Effettuato da un vasto network di trascrittori qualificati, che correggono le trascrizioni generate automaticamente secondo le linee guida di Amberscript e secondo gli <a href=\"https:\/\/wp-staging.amberscript.com\/en\/blog\/edited-vs-verbatim-transcription\/\">standard di trascrizioni clean read o verbatim.<\/a> Per questo servizio paga per minuto trascritto\/sottotitolato.<\/p>\n<p>Amberscript approva la consegna dei file entro i tre (3) \u2013 cinque (5) giorni lavorativi* dopo che i file sono stati caricati. I giorni lavorativi sono Luned\u00ec, Marted\u00ec, Mercoled\u00ec, Gioved\u00ec e Venerd\u00ec, con l\u2019eccezione delle vacanze nazionali olandesi. Se i file vengono caricati sulla piattaforma Amberscript prima delle 16:00 CET, allora Amberscript considera il primo giorno lavorativo lo stesso giorno del caricamento. Se i file vengono caricati dopo le 16:00 CET, il giorno lavorativo successivo viene considerato il giorno del caricamento (vale a dire se un file viene caricato Luned\u00ec prima delle 16:00 CET, il file sar\u00e0 pronto non pi\u00f9 tardi del Luned\u00ec successivo alle 16:00 CET).<\/p>\n<p><span data-sheets-value=\"{&quot;1&quot;:2,&quot;2&quot;:&quot;Tutti i diritti di licenza dovuti dal licenziatario in base a questo contratto per l'uso dei sistemi di Amberscript sono soggetti ad un aumento pari al maggiore tra il 5 percento (5%) annuo o l'indice dei prezzi al consumo (IPC) cos\u00ec come pubblicato dal Wall Street Journal.&quot;}\" data-sheets-userformat=\"{&quot;2&quot;:769,&quot;3&quot;:{&quot;1&quot;:0},&quot;11&quot;:4,&quot;12&quot;:0}\">Tutti i diritti di licenza dovuti dal licenziatario in base a questo contratto per l&#8217;uso dei sistemi di Amberscript sono soggetti ad un aumento pari al maggiore tra il 5 percento (5%) annuo o l&#8217;indice dei prezzi al consumo (IPC) cos\u00ec come pubblicato dal Wall Street Journal.<\/span><\/p>\n<p>Pu\u00f2 trovare una descrizione di tutti i costi dei servizi Amberscript <a href=\"https:\/\/wp-staging.amberscript.com\/it\/prezzi\/\">qui.<\/a><\/p>\n<p>*Amberscript si riserva il diritto di discostarsi dal tempo di consegna in caso un cliente carichi pi\u00f9 di dieci (10) ore di audio\/video in una sola volta.<\/p>\n<h3>Polizza di Rimborso<\/h3>\n<p>Per assicurarci che i nostri clienti familiarizzino con il nostro prodotto e qualit\u00e0, forniamo una prova gratuita di 10 minuti del nostro software per trascrizioni\/sottotitoli automatici. Pertanto non rimborsiamo in base al livello di soddisfazione sulla qualit\u00e0 del prodotto finale. In caso di errori tecnici, Amberscript si impegna a risolverli o compensare per il tempo di trascrizione perso.<\/p>\n<p>In caso di abbonamento mensile automatico, la durata minima di questo abbonamento \u00e8 due mesi. Pertanto, le viene addebitato per due mesi anche se cancella l\u2019abbonamento dopo un mese. Amberscript quindi non rimborsa per un secondo mese in caso abbia disattivato l\u2019abbonamento nel primo mese o in caso abbia dimenticato di cancellare il suo abbonamento.<\/p>\n<p>Per i servizi manuali di trascrizione e sottotitoli (tradotti), i nostri trascrittori correggono le trascrizioni generate automaticamente secondo le linee guida di Amberscript e secondo gli standard di trascrizioni clean read o verbatim. I nostri addetti al controllo qualit\u00e0 interni controllano la qualit\u00e0 del lavoro prima di consegnarlo al cliente. Se il cliente ritenesse la trascrizione o i sottotitoli (tradotti) non accurati, pu\u00f2 contattarci non pi\u00f9 tardi di cinque (5) giorni lavorativi dopo aver ricevuto la trascrizione \/ i sottotitoli (tradotti). In quel caso, Amberscript far\u00e0 una revisione della trascrizione entro cinque (5) giorni lavorativi per migliorare la qualit\u00e0 per raggiungere il 99% di accuratezza. Nel caso raro in cui la qualit\u00e0 di una trascrizione non venga rispettata, Amberscript decider\u00e0 sul rimborso sulla base del singolo caso, dopo aver con il cliente.<\/p>\n<p>La garanzia di accuratezza al 99% vale per una qualit\u00e0 audio buona\/ottima, infatti una buona\/ottima qualit\u00e0 audio \u00e8 il requisito chiave per una trascrizione \/ sottotitoli accurati. Per file di bassa qualit\u00e0, l\u2019accuratezza non pu\u00f2 essere garantita. La qualit\u00e0 audio \u00e8 a discrezione di Amberscript.<\/p>\n<h3>Contenuti del sito<\/h3>\n<p>Tutti i contenuti del sito di Amberscript \u00e8 protetto da copyright e altri diritti di propriet\u00e0 intellettuale. Non pu\u00f2 copiare o concedere nessun contenuto del sito di Amberscript senza il permesso scritto di Amberscript.<\/p>\n<h3>Accordo di Servizio<\/h3>\n<ol>\n<li>Amberscript vuole essere operativo 24 ore al giorno. Tuttavia, se per qualche ragione il sito non fosse disponibile, Amberscript non \u00e8 responsabile.<\/li>\n<li>Nella registrazione per i nostri servizi, i clienti devono scegliere una password. Gli utenti sono responsabili di mantenere le loro password confidenziali.<\/li>\n<li>Il servizio clienti di Amberscript \u00e8 disponibile durante le ore lavorative (09:00 &#8211; 18:00 CET) nei giorni feriali (da Luned\u00ec a Venerd\u00ec) tramite telefono o e-mail.<\/li>\n<\/ol>\n<p>Per il nostro servizio automatico di trascrizioni\/sottotitoli, Amberscript consegna trascrizioni modificabili di file audio\/media entro due (2) ore il 95% del tempo quando ci sono i seguenti criteri:<\/p>\n<ul>\n<li>Il file audio o media caricato non supera la dimensione di 4 GB.<\/li>\n<li>Caricamento simultaneo di non pi\u00f9 di dieci (10) file.<\/li>\n<li>Il file non \u00e8 pi\u00f9 lungo di due (2) ore.<\/li>\n<\/ul>\n<p>In caso dei seguenti eventi rari, Amberscript non \u00e8 vincolato dall\u2019accordo di servizio relativo al tempo di editing:<\/p>\n<ul>\n<li>Interruzioni programmate.<\/li>\n<li>Eventi fuori controllo.<\/li>\n<\/ul>\n<p>Se Amberscript non soddisfa il tempo di editing e nessuna rara circostanza \u00e8 applicabile, gli utenti riceveranno un voucher per una trascrizione automatica di un\u2019 (1) ora di audio (vale a dire 00:60:00 di credito).<\/p>\n<p>Amberscript non ha alcun obbligo di buon fine. La qualit\u00e0 delle trascrizioni dipende dalla qualit\u00e0 dell\u2019audio. Suono\/i di sottofondo, microfoni di bassa qualit\u00e0, scarsa qualit\u00e0 nella registrazione, accenti marcati e, per esempio, persone che parlano simultaneamente possono abbassare la qualit\u00e0 della trascrizione. Gli utenti stessi sono responsabili di testare la qualit\u00e0 della trascrizione per prevedere il risultato aspettato. Amberscript non rimborsa mai per qualit\u00e0 della trascrizione deludente. La qualit\u00e0 dell\u2019audio \u00e8 a discrezione di Amberscript.<\/p>\n<h3>Privacy Policy<\/h3>\n<p>Dato che Amberscript prende la privacy dei suoi clienti seriamente, ha istituito un numero di misure per assicurarsi il suo mantenimento. Per scoprire di pi\u00f9 come Amberscript protegge le tue informazioni personali, per favore leggi la nostra privacy policy <a href=\"&quot;https:\/\/wp-staging.amberscript.com\/en\/privacy-policy\/u0022\">qui<\/a><\/p>\n<h3>Il tuo contenuto<\/h3>\n<p>Gli utenti non possono caricare i seguenti tipi di file:<\/p>\n<ul>\n<li>File che contengono informazioni personali di un\u2019altra persona senza il consenso scritto della persona.<\/li>\n<li>File che contengono informazioni che incoraggiano una condotta che potrebbe essere considerata criminale.<\/li>\n<li>File che un utente carica senza il diritto di usare tali file (vale a dire materiale protetto da copyright).<\/li>\n<li>File che sono tecnicamente nocivi per Amberscript o servizi da altri.<\/li>\n<\/ul>\n<p>Amberscript si riserva il diritto di non accettare file o rifiutare di trascrivere qualsiasi materiale caricato che v\u00ecoli i termini elencati precedentemente.<\/p>\n<h3>La Fair Use Policy (FUP)<\/h3>\n<div class=\"c-message_kit__blocks c-message_kit__blocks--rich_text\">\n<div class=\"c-message__message_blocks c-message__message_blocks--rich_text\" data-qa=\"message-text\">\n<div class=\"p-block_kit_renderer\" data-qa=\"block-kit-renderer\">\n<div class=\"p-block_kit_renderer__block_wrapper p-block_kit_renderer__block_wrapper--first\">\n<div class=\"p-rich_text_block\" dir=\"auto\">\n<div class=\"p-rich_text_section\">La Fair Use Policy (FUP) ha lo scopo di prevenire l\u2019uso imoroprio del servizio di traduzione automatico.<\/div>\n<div><\/div>\n<div><\/div>\n<div class=\"p-rich_text_section\">Amberscript riterr\u00e0 eccessivo e\/o irragionevole l\u2019uso del servizio di traduzione automatico da parte dell\u2019utente se questo supera in modo significativo i modelli di utilizzo previsti o se \u00e8 in grado di danneggiare o influenzare negativamente il funzionamento del servizio.<\/div>\n<\/div>\n<\/div>\n<\/div>\n<div class=\"p-block_kit_renderer\" data-qa=\"block-kit-renderer\">\n<div class=\"p-block_kit_renderer__block_wrapper p-block_kit_renderer__block_wrapper--first\">\n<div class=\"p-rich_text_block\" dir=\"auto\">\n<div><\/div>\n<p class=\"p-rich_text_section\">Amberscript si riserva il diritto di limitare, sospendere o terminare il tuo accesso al servizio di traduzione automatico immediatamente e senza alcuna giustificazione se il tuo uso eccessivo o irragionevole persiste nonostante le nostre richieste di interrompere o modificare la tipologia di uso.<\/p>\n<div><\/div>\n<h3 class=\"p-rich_text_section\">Utilizzo di segni distintivi del Cliente, nonch\u00e9 referenziazione del Cliente<\/h3>\n<\/div>\n<\/div>\n<ul>\n<li>Il Fornitore riceve il diritto non trasferibile, geograficamente illimitato, non esclusivo e concedibile di utilizzo dei marchi, della ragione sociale e dei loghi del Cliente, nonch\u00e9 dei terzi autorizzati (denominati di seguito collettivamente \u00absegni distintivi\u00bb). Tale diritto di utilizzo dei segni distintivi \u00e8 limitato a un uso pertinente all\u2019adempimento delle prestazioni contrattuali di cui ai contratti di prestazione e dura fino al termine dei relativi contratti di prestazione. Il Fornitore deve attenersi alle direttive del Cliente nell\u2019utilizzare i segni distintivi.<\/li>\n<li>In costanza del rapporto contrattuale tra il Fornitore e il Cliente, il Fornitore \u00e8 autorizzato a citare il Cliente e i terzi autorizzati quale referenza (p.es. sul sito Web del Fornitore, sui suoi documenti di marketing, ecc..) e a utilizzare in proposito i segni distintivi. La documentazione, i documenti, ecc. gi\u00e0 redatti non devono essere distrutti dopo la cessazione del rapporto contrattuale.<\/li>\n<li>Qualora un terzo dovesse procedere contro il Fornitore (o i relativi subcontraenti) per via dell\u2019utilizzo dei segni distintivi da parte del Fornitore (o dei relativi subcontraenti), il Cliente tiene completamente indenne il Fornitore dalle pretese di terzi (inclusa assunzione delle spese processuali, nonch\u00e9 di ragionevoli spese di patrocinio).<\/li>\n<li>Il Fornitore rimuover\u00e0 ogni segno distintivo del Cliente in sette giorni lavorativi dal sito Web e dai documenti di marketing se questi lo richieder\u00e0 espressamente in forma scritta (lettera, e-mail, etc.).<\/li>\n<\/ul>\n<\/div>\n<\/div>\n<\/div>\n<div class=\"c-message_kit__reaction_bar c-reaction_bar c-reaction_bar--light c-reaction_bar--collapsed\" role=\"group\" data-qa=\"reaction_bar\" aria-label=\"Reactions\" data-stringify-ignore=\"true\"><\/div>\n<\/div>\n    <\/div>\n<\/div>\n\n\n<section class=\"w-full flex justify-center\">\n    <div class=\"flex flex-col max-w-container w-full px-4 lg:px-[100px] gap-title-description-spacing-mobile sm:gap-title-description-spacing-desktop py-block-padding-1-mobile xl:py-block-padding-1-desktop\">\n        <div class=\"flex flex-col p-6 w-full gap-title-description-spacing-mobile sm:gap-title-description-spacing-desktop bg-surface-elevated shadow-sm active:outline active:outline-1 active:outline-offset-4 active:outline-blue-500 rounded-lg overflow-hidden border-and-shadow\">\n            <h5 class=\"text-h5 text-content-primary !mt-0\">Disclaimer<\/h5>\n            <p class=\"text-body-2 text-content-secondary whitespace-pre-line\"><p class=\"p1\">Per ragioni di coerenza, Amberscript redige i termini e le condizioni generali, la dichiarazione sulla privacy e altri documenti legali in Inglese. Anche se offriamo le traduzioni di questi documenti, in caso di ambiguit\u00e0, per favore prenda sempre in riferimento la versione inglese dei documenti.<br \/>\nLe versioni originali pu\u00f2 trovarle qui:<\/p>\n<p class=\"p1\"><a href=\"https:\/\/wp-staging.amberscript.com\/fr\/termes-et-conditions\/\">Terms and Conditions<\/a><br \/>\n<a href=\"&quot;https:\/\/wp-staging.amberscript.com\/en\/privacy-policy\/u0022\">Privacy Statement<\/a><\/p>\n<\/p>\n                                                <a href=\"\/it\/contatti\/\" target=\"_self\" class=\"cursor-pointer group border-inline text-body-2 border-box h-12 inline-flex justify-center items-center gap-1 rounded px-5 py-3 text-button shadow-xs no-underline bg-accent hover:bg-accent-hover active:bg-accent-active border-accent hover:border-accent-hover text-white border-solid border-2 w-full sm:w-fit\">Domande? Contattaci<\/a>                                    <\/div>\n    <\/div>\n<\/section>\n","protected":false},"excerpt":{"rendered":"","protected":false},"author":70,"featured_media":0,"parent":0,"menu_order":0,"comment_status":"closed","ping_status":"closed","template":"page-redesign.php","meta":{"_acf_changed":true,"inline_featured_image":false,"footnotes":""},"class_list":["post-33654","page","type-page","status-publish","hentry"],"acf":{"show_footer":true,"header_dark_mode":false},"_links":{"self":[{"href":"https:\/\/wp-staging.amberscript.com\/it\/wp-json\/wp\/v2\/pages\/33654","targetHints":{"allow":["GET"]}}],"collection":[{"href":"https:\/\/wp-staging.amberscript.com\/it\/wp-json\/wp\/v2\/pages"}],"about":[{"href":"https:\/\/wp-staging.amberscript.com\/it\/wp-json\/wp\/v2\/types\/page"}],"author":[{"embeddable":true,"href":"https:\/\/wp-staging.amberscript.com\/it\/wp-json\/wp\/v2\/users\/70"}],"replies":[{"embeddable":true,"href":"https:\/\/wp-staging.amberscript.com\/it\/wp-json\/wp\/v2\/comments?post=33654"}],"version-history":[{"count":0,"href":"https:\/\/wp-staging.amberscript.com\/it\/wp-json\/wp\/v2\/pages\/33654\/revisions"}],"wp:attachment":[{"href":"https:\/\/wp-staging.amberscript.com\/it\/wp-json\/wp\/v2\/media?parent=33654"}],"curies":[{"name":"wp","href":"https:\/\/api.w.org\/{rel}","templated":true}]}}