{"id":98897,"date":"2024-10-03T16:12:22","date_gmt":"2024-10-03T14:12:22","guid":{"rendered":"https:\/\/wp-staging.amberscript.com\/?page_id=98897"},"modified":"2024-10-14T17:04:44","modified_gmt":"2024-10-14T15:04:44","slug":"non-disponible","status":"publish","type":"page","link":"https:\/\/wp-staging.amberscript.com\/fr\/non-disponible\/","title":{"rendered":"Discontinued Products Warning | FR"},"content":{"rendered":"<style>\n\t.card-image{\n\t\twidth: 100%;\n\t\theight: 200px;\n\t\tobject-fit: contain;\n\t\tmargin-bottom: 2rem;\n\t}\n<\/style>\n\n<div class=\"block button-cards\">\n    <div class=\"grid-container\">\n        <div class=\"grid-x align-center grid-margin-x grid-margin-y\">\n            \n<div class=\"cell large-12 text-center\">\n  <div class=\"title-holder\">\n\n\n\n                          <h6>Mais ne vous inqui\u00e9tez pas ! Vous pouvez explorer notre portfolio complet pour trouver quelque chose d&rsquo;autre qui vous conviendra.<\/h6>\n                    \n                                    <h2>Essayez d\u2019autres produits d\u2019Amberscript<\/h2>\n                      <\/div>           \n<\/div>\n                        \n                \n                <div class=\"cell medium-4 large-4\">\n                    <div class=\"background border-radius\">\n                        <div class=\"inner\">\n\t\t\t\t\t\t\t\n                            <h5>Transcription automatique<\/h5>\n\t\t\t\t\t\t\t\n\t\t\t\t\t\t\t\t\t\t\t\t\t\t\n\t\t\t\t\t\t\t\t<p style=\"min-height: 0\">\n\t\t\t\t\t\t\t\t\tConvertissez automatiquement votre audio et vid\u00e9o en texte gr\u00e2ce \u00e0 notre plateforme d&rsquo;IA.\t\t\t\t\t\t\t\t\n\t\t\t\t\t\t\t\t<\/p>\n\t\t\t\t\t\t\t\n\t\t\t\t\t\t\t\t\t\t\t\t\t\t\n\t\t\t\t\t\t\t\n                            \t\t\t\t\t\t\t\n                                                            <a class=\"button secondary\" id=\"button_block_d442a189519975b2f403107fb0e73980\" href=\"https:\/\/wp-staging.amberscript.com\/fr\/produits\/transcription-automatique\/\" target=\"_blank\">En savoir plus<\/a>\n                            \t\t\t\t\t\t\t\n                        <\/div>\n                    <\/div>\n                <\/div>\n                    \n                \n                <div class=\"cell medium-4 large-4\">\n                    <div class=\"background border-radius\">\n                        <div class=\"inner\">\n\t\t\t\t\t\t\t\n                            <h5> Transcription professionnelle<\/h5>\n\t\t\t\t\t\t\t\n\t\t\t\t\t\t\t\t\t\t\t\t\t\t\n\t\t\t\t\t\t\t\t<p style=\"min-height: 0\">\n\t\t\t\t\t\t\t\t\tLaissez nos professionnels transcrire votre contenu audio ou vid\u00e9o.\t\t\t\t\t\t\t\t\n\t\t\t\t\t\t\t\t<\/p>\n\t\t\t\t\t\t\t\n\t\t\t\t\t\t\t\t\t\t\t\t\t\t\n\t\t\t\t\t\t\t\n                            \t\t\t\t\t\t\t\n                                                            <a class=\"button secondary\" id=\"button_block_d442a189519975b2f403107fb0e73980\" href=\"https:\/\/wp-staging.amberscript.com\/fr\/produits\/transcription-manuelle\/\" target=\"_blank\">En savoir plus<\/a>\n                            \t\t\t\t\t\t\t\n                        <\/div>\n                    <\/div>\n                <\/div>\n                    \n                \n                <div class=\"cell medium-4 large-4\">\n                    <div class=\"background border-radius\">\n                        <div class=\"inner\">\n\t\t\t\t\t\t\t\n                            <h5>Sous-titres automatiques<\/h5>\n\t\t\t\t\t\t\t\n\t\t\t\t\t\t\t\t\t\t\t\t\t\t\n\t\t\t\t\t\t\t\t<p style=\"min-height: 0\">\n\t\t\t\t\t\t\t\t\tG\u00e9n\u00e9rez et ajoutez automatiquement des sous-titres \u00e0 vos vid\u00e9os.\t\t\t\t\t\t\t\t\n\t\t\t\t\t\t\t\t<\/p>\n\t\t\t\t\t\t\t\n\t\t\t\t\t\t\t\t\t\t\t\t\t\t\n\t\t\t\t\t\t\t\n                            \t\t\t\t\t\t\t\n                                                            <a class=\"button secondary\" id=\"button_block_d442a189519975b2f403107fb0e73980\" href=\"https:\/\/wp-staging.amberscript.com\/fr\/produits\/sous-titres-automatiques\/\" target=\"_blank\">En savoir plus<\/a>\n                            \t\t\t\t\t\t\t\n                        <\/div>\n                    <\/div>\n                <\/div>\n                    \n                \n                <div class=\"cell medium-4 large-4\">\n                    <div class=\"background border-radius\">\n                        <div class=\"inner\">\n\t\t\t\t\t\t\t\n                            <h5> Sous-titres professionnels<\/h5>\n\t\t\t\t\t\t\t\n\t\t\t\t\t\t\t\t\t\t\t\t\t\t\n\t\t\t\t\t\t\t\t<p style=\"min-height: 0\">\n\t\t\t\t\t\t\t\t\tLaissez nos professionnels cr\u00e9er des sous-titres pour vos vid\u00e9os.\t\t\t\t\t\t\t\t\n\t\t\t\t\t\t\t\t<\/p>\n\t\t\t\t\t\t\t\n\t\t\t\t\t\t\t\t\t\t\t\t\t\t\n\t\t\t\t\t\t\t\n                            \t\t\t\t\t\t\t\n                                                            <a class=\"button secondary\" id=\"button_block_d442a189519975b2f403107fb0e73980\" href=\"https:\/\/wp-staging.amberscript.com\/fr\/produits\/sous-titres-manuels\/\" target=\"_blank\">En savoir plus<\/a>\n                            \t\t\t\t\t\t\t\n                        <\/div>\n                    <\/div>\n                <\/div>\n                    \n                \n                <div class=\"cell medium-4 large-4\">\n                    <div class=\"background border-radius\">\n                        <div class=\"inner\">\n\t\t\t\t\t\t\t\n                            <h5> Sous-titres traduits<\/h5>\n\t\t\t\t\t\t\t\n\t\t\t\t\t\t\t\t\t\t\t\t\t\t\n\t\t\t\t\t\t\t\t<p style=\"min-height: 0\">\n\t\t\t\t\t\t\t\t\t Faites traduire vos sous-titres dans plus de 18 langues.\t\t\t\t\t\t\t\t\n\t\t\t\t\t\t\t\t<\/p>\n\t\t\t\t\t\t\t\n\t\t\t\t\t\t\t\t\t\t\t\t\t\t\n\t\t\t\t\t\t\t\n                            \t\t\t\t\t\t\t\n                                                            <a class=\"button secondary\" id=\"button_block_d442a189519975b2f403107fb0e73980\" href=\"https:\/\/wp-staging.amberscript.com\/fr\/produits\/sous-titres-traduits\/\" target=\"_blank\">En savoir plus<\/a>\n                            \t\t\t\t\t\t\t\n                        <\/div>\n                    <\/div>\n                <\/div>\n                    \n                \n                <div class=\"cell medium-4 large-4\">\n                    <div class=\"background border-radius\">\n                        <div class=\"inner\">\n\t\t\t\t\t\t\t\n                            <h5>Parole-en-texte API<\/h5>\n\t\t\t\t\t\t\t\n\t\t\t\t\t\t\t\t\t\t\t\t\t\t\n\t\t\t\t\t\t\t\t<p style=\"min-height: 0\">\n\t\t\t\t\t\t\t\t\tInt\u00e9grez nos capacit\u00e9s de transcription dans votre logiciel.\t\t\t\t\t\t\t\t\n\t\t\t\t\t\t\t\t<\/p>\n\t\t\t\t\t\t\t\n\t\t\t\t\t\t\t\t\t\t\t\t\t\t\n\t\t\t\t\t\t\t\n                            \t\t\t\t\t\t\t\n                                                            <a class=\"button secondary\" id=\"button_block_d442a189519975b2f403107fb0e73980\" href=\"https:\/\/wp-staging.amberscript.com\/fr\/voix-en-texte\/\" target=\"_blank\">En savoir plus<\/a>\n                            \t\t\t\t\t\t\t\n                        <\/div>\n                    <\/div>\n                <\/div>\n                    \n                            \n                        \n        <\/div>\n    <\/div>\n<\/div>","protected":false},"excerpt":{"rendered":"","protected":false},"author":70,"featured_media":0,"parent":0,"menu_order":0,"comment_status":"closed","ping_status":"closed","template":"","meta":{"_acf_changed":true,"inline_featured_image":false,"footnotes":""},"class_list":["post-98897","page","type-page","status-publish","hentry"],"acf":{"show_footer":true,"header_dark_mode":false},"_links":{"self":[{"href":"https:\/\/wp-staging.amberscript.com\/fr\/wp-json\/wp\/v2\/pages\/98897","targetHints":{"allow":["GET"]}}],"collection":[{"href":"https:\/\/wp-staging.amberscript.com\/fr\/wp-json\/wp\/v2\/pages"}],"about":[{"href":"https:\/\/wp-staging.amberscript.com\/fr\/wp-json\/wp\/v2\/types\/page"}],"author":[{"embeddable":true,"href":"https:\/\/wp-staging.amberscript.com\/fr\/wp-json\/wp\/v2\/users\/70"}],"replies":[{"embeddable":true,"href":"https:\/\/wp-staging.amberscript.com\/fr\/wp-json\/wp\/v2\/comments?post=98897"}],"version-history":[{"count":0,"href":"https:\/\/wp-staging.amberscript.com\/fr\/wp-json\/wp\/v2\/pages\/98897\/revisions"}],"wp:attachment":[{"href":"https:\/\/wp-staging.amberscript.com\/fr\/wp-json\/wp\/v2\/media?parent=98897"}],"curies":[{"name":"wp","href":"https:\/\/api.w.org\/{rel}","templated":true}]}}