{"id":72999,"date":"2023-02-02T17:02:45","date_gmt":"2023-02-02T16:02:45","guid":{"rendered":"https:\/\/wp-staging.amberscript.com\/?page_id=72999"},"modified":"2023-03-09T17:14:43","modified_gmt":"2023-03-09T16:14:43","slug":"parrainage-chez-amberscript","status":"publish","type":"page","link":"https:\/\/wp-staging.amberscript.com\/fr\/blog\/parrainage-chez-amberscript\/","title":{"rendered":"Referral page | FR"},"content":{"rendered":"\n\n<!-- \/\/ small -->\n    <div class=\"block usps\">\n\t\t\t<div class=\"grid-container\">\n        <div class=\"grid-x grid-margin-x grid-margin-y  align-center\">\n\n            \n<div class=\"cell large-12 text-center\">\n  <div class=\"title-holder\">\n\n\n\n                    \n                                    <h2>Comment \u00e7a marche ? <\/h2>\n                      <\/div>           \n<\/div>\n\n                            \n\t\t\t\t\t\t\t<div class=\"cell small-6 large-4\">\n\t\t\t                        <div class=\"usp-item\"\n                                                     >\n                            <div class=\"grid-x grid-margin-x grid-margin-y align-middle\">\n                                                                    <div class=\"cell small-12 text-center justify-center\">\n                                        <div class=\"usp-icon theme-background-secondary \">\n                                                <img decoding=\"async\" src=\"https:\/\/wp-staging.amberscript.com\/wp-content\/uploads\/2021\/07\/automatic-transcription-icon.png\" alt=\"Automatic transcription icon\">\n                                        <\/div>\n                                    <\/div>\n                                                                \n                                <div class=\"cell auto\">\n                                    <div class=\"title theme-text-color-primary text-center \">Partagez l&rsquo;adresse \u00e9lectronique professionnelle de votre ami<\/div>\n                                <\/div>\n                                <div class=\"cell small-12 text-center\">\n                                    <p>Remplissez le formulaire ci-dessous et partagez l&rsquo;adresse e-mail professionnelle de votre contact. Nous les contacterons.<\/p>\n                                <\/div>\n                            <\/div>\n                        <\/div>\n                    <\/div>\n                \n\t\t\t\t\t\t\t<div class=\"cell small-6 large-4\">\n\t\t\t                        <div class=\"usp-item\"\n                                                     >\n                            <div class=\"grid-x grid-margin-x grid-margin-y align-middle\">\n                                                                    <div class=\"cell small-12 text-center justify-center\">\n                                        <div class=\"usp-icon theme-background-secondary \">\n                                                <img decoding=\"async\" src=\"https:\/\/wp-staging.amberscript.com\/wp-content\/uploads\/2021\/09\/innovation-icon.svg\" alt=\"Bulb with gears\">\n                                        <\/div>\n                                    <\/div>\n                                                                \n                                <div class=\"cell auto\">\n                                    <div class=\"title theme-text-color-primary text-center \">Il b\u00e9n\u00e9ficie de 10% de r\u00e9duction <\/div>\n                                <\/div>\n                                <div class=\"cell small-12 text-center\">\n                                    <p>Nous accordons \u00e0 vos filleuls une remise de 10% sur leur premier achat s&rsquo;ils commencent \u00e0 utiliser Amberscript. <\/p>\n                                <\/div>\n                            <\/div>\n                        <\/div>\n                    <\/div>\n                \n\t\t\t\t\t\t\t<div class=\"cell small-6 large-4\">\n\t\t\t                        <div class=\"usp-item\"\n                                                     >\n                            <div class=\"grid-x grid-margin-x grid-margin-y align-middle\">\n                                                                    <div class=\"cell small-12 text-center justify-center\">\n                                        <div class=\"usp-icon theme-background-secondary \">\n                                                <img decoding=\"async\" src=\"https:\/\/wp-staging.amberscript.com\/wp-content\/uploads\/2021\/06\/employees-icon.png\" alt=\"Amberscript employees icon\">\n                                        <\/div>\n                                    <\/div>\n                                                                \n                                <div class=\"cell auto\">\n                                    <div class=\"title theme-text-color-primary text-center \">Vous b\u00e9n\u00e9ficiez de la m\u00eame r\u00e9duction<\/div>\n                                <\/div>\n                                <div class=\"cell small-12 text-center\">\n                                    <p>Si votre personne de r\u00e9f\u00e9rence devient un client d&rsquo;Amberscript, vous b\u00e9n\u00e9ficierez de la m\u00eame r\u00e9duction sur votre prochain achat. Tout le monde y gagne.<\/p>\n                                <\/div>\n                            <\/div>\n                        <\/div>\n                    <\/div>\n                                    <\/div>\n    <\/div>\n    \n \n    <div class=\"usps-slider hide-for-large\">\n        <div class=\"responsive-slider\">\n                                                <div class=\"carousel-cell usp-item\">\n                        <div class=\"grid-container\">\n                            <div class=\"grid-x align-center align-middle grid-margin-y grid-margin-x\">\n                                <div class=\"cell shrink\">\n                                <div class=\"usp-icon theme-background-secondary \">\n                                                                                    <img decoding=\"async\" src=\"https:\/\/wp-staging.amberscript.com\/wp-content\/uploads\/2021\/07\/automatic-transcription-icon.png\" alt=\"Automatic transcription icon\">\n                                                                            <\/div>\n                                <\/div>\n                                <div class=\"cell shrink\">\n                                    <div class=\"title theme-text-color-primary\">Partagez l&rsquo;adresse \u00e9lectronique professionnelle de votre ami<\/div>\n                                    <\/div>\n                                \n                                <div class=\"cell large-10 text-center\">\n                                    <p>Remplissez le formulaire ci-dessous et partagez l&rsquo;adresse e-mail professionnelle de votre contact. Nous les contacterons.<\/p>\n                                <\/div>\n                            <\/div>\n                        <\/div>\n                    <\/div>\n                                    <div class=\"carousel-cell usp-item\">\n                        <div class=\"grid-container\">\n                            <div class=\"grid-x align-center align-middle grid-margin-y grid-margin-x\">\n                                <div class=\"cell shrink\">\n                                <div class=\"usp-icon theme-background-secondary \">\n                                                                                    <img decoding=\"async\" src=\"https:\/\/wp-staging.amberscript.com\/wp-content\/uploads\/2021\/09\/innovation-icon.svg\" alt=\"Bulb with gears\">\n                                                                            <\/div>\n                                <\/div>\n                                <div class=\"cell shrink\">\n                                    <div class=\"title theme-text-color-primary\">Il b\u00e9n\u00e9ficie de 10% de r\u00e9duction <\/div>\n                                    <\/div>\n                                \n                                <div class=\"cell large-10 text-center\">\n                                    <p>Nous accordons \u00e0 vos filleuls une remise de 10% sur leur premier achat s&rsquo;ils commencent \u00e0 utiliser Amberscript. <\/p>\n                                <\/div>\n                            <\/div>\n                        <\/div>\n                    <\/div>\n                                    <div class=\"carousel-cell usp-item\">\n                        <div class=\"grid-container\">\n                            <div class=\"grid-x align-center align-middle grid-margin-y grid-margin-x\">\n                                <div class=\"cell shrink\">\n                                <div class=\"usp-icon theme-background-secondary \">\n                                                                                    <img decoding=\"async\" src=\"https:\/\/wp-staging.amberscript.com\/wp-content\/uploads\/2021\/06\/employees-icon.png\" alt=\"Amberscript employees icon\">\n                                                                            <\/div>\n                                <\/div>\n                                <div class=\"cell shrink\">\n                                    <div class=\"title theme-text-color-primary\">Vous b\u00e9n\u00e9ficiez de la m\u00eame r\u00e9duction<\/div>\n                                    <\/div>\n                                \n                                <div class=\"cell large-10 text-center\">\n                                    <p>Si votre personne de r\u00e9f\u00e9rence devient un client d&rsquo;Amberscript, vous b\u00e9n\u00e9ficierez de la m\u00eame r\u00e9duction sur votre prochain achat. Tout le monde y gagne.<\/p>\n                                <\/div>\n                            <\/div>\n                        <\/div>\n                    <\/div>\n                                    <\/div>\n    <\/div>\n<\/div>\n\n\n\n\n\n\t\t\n\n\n<p class=\"has-text-align-center\"><br><strong>Par exemple : <\/strong><\/p>\n\n\n\n<p class=\"has-text-align-center\">Si votre personne de r\u00e9f\u00e9rence ach\u00e8te des produits Amberscript d&rsquo;une valeur de 25 000 EUR, elle b\u00e9n\u00e9ficiera d&rsquo;une remise de 10 %, soit 2 500 EUR. De votre c\u00f4t\u00e9, vous b\u00e9n\u00e9ficierez de la m\u00eame remise de 2 500 euros sur votre prochaine commande.<\/p>\n\n\n<div class=\"block text-image\">\n\t<div class=\"grid-container\">\n      <div class=\"grid-x align-middle grid-margin-y grid-margin-x\">\n\t\t  \n\n        <div class=\"cell medium-6 large-5 medium-order-2 medium-offset-0 large-offset-1\t\">\t\t  \n\n                            <div class=\"image-holder text-center\">\n\n                                    <img decoding=\"async\" width=\"640\" height=\"426\" src=\"https:\/\/wp-staging.amberscript.com\/wp-content\/uploads\/2022\/02\/Referral-pic-640x426.jpeg\" class=\"img-responsive\" alt=\"\" srcset=\"https:\/\/wp-staging.amberscript.com\/wp-content\/uploads\/2022\/02\/Referral-pic-640x426.jpeg 640w, https:\/\/wp-staging.amberscript.com\/wp-content\/uploads\/2022\/02\/Referral-pic-768x512.jpeg 768w, https:\/\/wp-staging.amberscript.com\/wp-content\/uploads\/2022\/02\/Referral-pic.jpeg 800w\" sizes=\"(max-width: 640px) 100vw, 640px\" \/>                                    <\/div>\n            \t\t\t\n        <\/div>\n\t\t  \n\n        <div class=\"cell medium-6 large-5  \">  \n\n               \n                                                  \n                                                           <h3>Exigences : <\/h3>\n                                    \n                                   <ul>\n<li><span data-sheets-value=\"{&quot;1&quot;:2,&quot;2&quot;:&quot;La personne que vous recommandez ne doit pas \u00eatre d\u00e9j\u00e0 client chez Amberscript. &quot;}\" data-sheets-userformat=\"{&quot;2&quot;:513,&quot;3&quot;:{&quot;1&quot;:0},&quot;12&quot;:0}\">La personne que vous recommandez ne doit pas \u00eatre d\u00e9j\u00e0 client chez Amberscript. <\/span><\/li>\n<li><span data-sheets-value=\"{&quot;1&quot;:2,&quot;2&quot;:&quot;La personne que vous parrainez doit avoir une adresse mail professionnelle. &quot;}\" data-sheets-userformat=\"{&quot;2&quot;:513,&quot;3&quot;:{&quot;1&quot;:0},&quot;12&quot;:0}\">La personne que vous parrainez doit avoir une adresse <strong>mail professionnelle<\/strong>. <\/span><\/li>\n<li><span data-sheets-value=\"{&quot;1&quot;:2,&quot;2&quot;:&quot;Avant de b\u00e9n\u00e9ficier d'une r\u00e9duction de 10 % sur votre prochain achat, votre filleul doit devenir un client Amberscript. &quot;}\" data-sheets-userformat=\"{&quot;2&quot;:513,&quot;3&quot;:{&quot;1&quot;:0},&quot;12&quot;:0}\">Avant de b\u00e9n\u00e9ficier d&rsquo;une r\u00e9duction de 10 % sur votre prochain achat, votre filleul doit devenir un client Amberscript. <\/span><\/li>\n<\/ul>\n<div id=\"contactus\"><\/div>\n               \n                            \n        <\/div>\n      <\/div>\n   <\/div>\n<\/div>\n\n\n\n\t<div class=\"block maps\">\n\t\t<div class=\"grid-container\">\n\t\t\t<div class=\"grid-x align-center grid-margin-x grid-margin-y\">\n\t\t\t\n\t\t\t\t<div class=\"cell large-8 text-center\">\n\t\t\t\t\t<!--[if lte IE 8]>\n\t\t\t\t\t<script charset=\"utf-8\" type=\"text\/javascript\" src=\"\/\/js-eu1.hsforms.net\/forms\/v2-legacy.js\"><\/script>\n\t\t\t\t\t<![endif]-->\n\t\t\t\t\t<script charset=\"utf-8\" type=\"text\/javascript\" src=\"\/\/js-eu1.hsforms.net\/forms\/v2.js\"><\/script>\n\t\t\t\t\t<script>\n\t\t\t\t\thbspt.forms.create({\n\t\t\t\t\tregion: \"eu1\",\n\t\t\t\t\tportalId: \"25039104\",\n\t\t\t\t\tformId: \"be4b3422-d706-455e-80b6-779c7fe0dfec\"\n\t\t\t\t\t});\n\t\t\t\t\t<\/script>\n\t\t\t\t<\/div>\n\t\t\t\t\n\t\t\t<\/div>\n\t\t<\/div>\n\t<\/div>\n\n","protected":false},"excerpt":{"rendered":"<p>Par exemple : Si votre personne de r\u00e9f\u00e9rence ach\u00e8te des produits Amberscript d&rsquo;une valeur de 25 000 EUR, elle b\u00e9n\u00e9ficiera d&rsquo;une remise de 10 %, soit 2 500 EUR. De votre c\u00f4t\u00e9, vous b\u00e9n\u00e9ficierez de la m\u00eame remise de 2 500 euros sur votre prochaine commande.<\/p>\n","protected":false},"author":70,"featured_media":0,"parent":22799,"menu_order":0,"comment_status":"closed","ping_status":"closed","template":"","meta":{"_acf_changed":false,"inline_featured_image":false,"footnotes":""},"class_list":["post-72999","page","type-page","status-publish","hentry"],"acf":{"show_footer":true,"header_dark_mode":false},"_links":{"self":[{"href":"https:\/\/wp-staging.amberscript.com\/fr\/wp-json\/wp\/v2\/pages\/72999","targetHints":{"allow":["GET"]}}],"collection":[{"href":"https:\/\/wp-staging.amberscript.com\/fr\/wp-json\/wp\/v2\/pages"}],"about":[{"href":"https:\/\/wp-staging.amberscript.com\/fr\/wp-json\/wp\/v2\/types\/page"}],"author":[{"embeddable":true,"href":"https:\/\/wp-staging.amberscript.com\/fr\/wp-json\/wp\/v2\/users\/70"}],"replies":[{"embeddable":true,"href":"https:\/\/wp-staging.amberscript.com\/fr\/wp-json\/wp\/v2\/comments?post=72999"}],"version-history":[{"count":0,"href":"https:\/\/wp-staging.amberscript.com\/fr\/wp-json\/wp\/v2\/pages\/72999\/revisions"}],"up":[{"embeddable":true,"href":"https:\/\/wp-staging.amberscript.com\/fr\/wp-json\/wp\/v2\/pages\/22799"}],"wp:attachment":[{"href":"https:\/\/wp-staging.amberscript.com\/fr\/wp-json\/wp\/v2\/media?parent=72999"}],"curies":[{"name":"wp","href":"https:\/\/api.w.org\/{rel}","templated":true}]}}