{"id":36469,"date":"2021-06-15T08:54:17","date_gmt":"2021-06-15T08:54:17","guid":{"rendered":"https:\/\/wp-staging.amberscript.com\/affiliate-program-fr\/"},"modified":"2024-08-23T10:48:22","modified_gmt":"2024-08-23T08:48:22","slug":"partenariat","status":"publish","type":"page","link":"https:\/\/wp-staging.amberscript.com\/fr\/carrieres\/partenariat\/","title":{"rendered":"Affiliate program | FR"},"content":{"rendered":"<div class=\"block text-image\">\n\t<div class=\"grid-container\">\n      <div class=\"grid-x align-middle grid-margin-y grid-margin-x\">\n\t\t  \n\n        <div class=\"cell medium-6 large-5 medium-order-2 medium-offset-0 large-offset-1\t\">\t\t  \n\n                            <div class=\"image-holder text-center\">\n\n                                    <img decoding=\"async\" width=\"640\" height=\"427\" src=\"https:\/\/wp-staging.amberscript.com\/wp-content\/uploads\/2022\/08\/HeroImg-French-min-640x427.webp\" class=\"img-responsive\" alt=\"\" srcset=\"https:\/\/wp-staging.amberscript.com\/wp-content\/uploads\/2022\/08\/HeroImg-French-min-640x427.webp 640w, https:\/\/wp-staging.amberscript.com\/wp-content\/uploads\/2022\/08\/HeroImg-French-min-768x512.webp 768w, https:\/\/wp-staging.amberscript.com\/wp-content\/uploads\/2022\/08\/HeroImg-French-min.webp 820w\" sizes=\"(max-width: 640px) 100vw, 640px\" \/>                                    <\/div>\n            \t\t\t\n        <\/div>\n\t\t  \n\n        <div class=\"cell medium-6 large-5  \">  \n\n               \n                                                           <h6>Postulez maintenant<\/h6>\n                                   \n                                                           <h3>Gagnez jusqu&rsquo;\u00e0 15 % de commission<\/h3>\n                                    \n                                   <p>Amberscript d\u00e9veloppe des solutions SaaS qui permettent aux utilisateurs de transformer automatiquement des fichiers audio et vid\u00e9o en texte et en sous-titres gr\u00e2ce \u00e0 la reconnaissance vocale. Nous utilisons les donn\u00e9es g\u00e9n\u00e9r\u00e9es par nos utilisateurs pour former les meilleurs moteurs de reconnaissance vocale des langues europ\u00e9ennes. Notre \u00e9diteur de texte en ligne et nos transcripteurs professionnels font en sorte d&rsquo;atteindre une pr\u00e9cision de 100% \u00e0 votre transcription.<\/p>\n<p>Avez-vous un site web ou un blog avec un trafic important ? Un compte sur les r\u00e9seaux sociaux avec beaucoup de followers ou une bonne liste de diffusion ? Demandez \u00e0 devenir un partenaire et gagnez jusqu&rsquo;\u00e0 15 % de commission sur les ventes r\u00e9alis\u00e9es \u00e0 l&rsquo;aide de votre lien. Nous avons une politique g\u00e9n\u00e9reuse de 30 jours en mati\u00e8re de cookies.<\/p>\n               \n                                <a class=\"button theme-color-secondary\" id=\"button_block_9e5185962a048f23d7d993f84ccbe0c6\" href=\"https:\/\/ui.awin.com\/merchant-profile\/27852%20\" target=\"_self\" rel=\"noopener\">Inscrivez-vous maintenant<\/a>\n                            \n        <\/div>\n      <\/div>\n   <\/div>\n<\/div>\n\n\n\n\n<!-- \/\/ small -->\n    <div class=\"block usps\">\n\t\t\t<div class=\"grid-container\">\n        <div class=\"grid-x grid-margin-x grid-margin-y  align-center\">\n\n            \n<div class=\"cell large-12 text-center\">\n  <div class=\"title-holder\">\n\n\n\n                    \n                                    <h2>Pourquoi devenir partenaire ? <\/h2>\n                      <\/div>           \n<\/div>\n\n                            \n\t\t\t\t\t\t\t<div class=\"cell small-6 large-4\">\n\t\t\t                        <div class=\"usp-item\"\n                                                     >\n                            <div class=\"grid-x grid-margin-x grid-margin-y align-middle\">\n                                                                    <div class=\"cell small-12 text-center justify-center\">\n                                        <div class=\"usp-icon theme-background-secondary \">\n                                                <img decoding=\"async\" src=\"https:\/\/wp-staging.amberscript.com\/wp-content\/uploads\/2021\/04\/salary-1.png\" alt=\"\">\n                                        <\/div>\n                                    <\/div>\n                                                                \n                                <div class=\"cell auto\">\n                                    <div class=\"title theme-text-color-primary text-center \">L&rsquo;une des commissions les plus \u00e9lev\u00e9es du march\u00e9<\/div>\n                                <\/div>\n                                <div class=\"cell small-12 text-center\">\n                                    <p>Amberscript paie jusqu&rsquo;\u00e0 15% de commission sur les ventes r\u00e9alis\u00e9es via votre lien ! <br \/>\r\nLes paiements sont mensuels, le 15 de chaque mois. <\/p>\n                                <\/div>\n                            <\/div>\n                        <\/div>\n                    <\/div>\n                \n\t\t\t\t\t\t\t<div class=\"cell small-6 large-4\">\n\t\t\t                        <div class=\"usp-item\"\n                                                     >\n                            <div class=\"grid-x grid-margin-x grid-margin-y align-middle\">\n                                                                    <div class=\"cell small-12 text-center justify-center\">\n                                        <div class=\"usp-icon theme-background-secondary \">\n                                                <img decoding=\"async\" src=\"https:\/\/wp-staging.amberscript.com\/wp-content\/uploads\/2021\/02\/icon_3.svg\" alt=\"\">\n                                        <\/div>\n                                    <\/div>\n                                                                \n                                <div class=\"cell auto\">\n                                    <div class=\"title theme-text-color-primary text-center \">Taux de conversion \u00e9lev\u00e9s et clients satisfaits<\/div>\n                                <\/div>\n                                <div class=\"cell small-12 text-center\">\n                                    <p>\u00c0 ce jour, plus d&rsquo;un million de clients ont utilis\u00e9 notre plateforme. Vous ferez la promotion d&rsquo;un produit que les utilisateurs du monde entier adorent ! <\/p>\n                                <\/div>\n                            <\/div>\n                        <\/div>\n                    <\/div>\n                \n\t\t\t\t\t\t\t<div class=\"cell small-6 large-4\">\n\t\t\t                        <div class=\"usp-item\"\n                                                     >\n                            <div class=\"grid-x grid-margin-x grid-margin-y align-middle\">\n                                                                    <div class=\"cell small-12 text-center justify-center\">\n                                        <div class=\"usp-icon theme-background-secondary \">\n                                                <img decoding=\"async\" src=\"https:\/\/wp-staging.amberscript.com\/wp-content\/uploads\/2021\/04\/globe-1-1.png\" alt=\"\">\n                                        <\/div>\n                                    <\/div>\n                                                                \n                                <div class=\"cell auto\">\n                                    <div class=\"title theme-text-color-primary text-center \">Notre programme accueille des partenaires du monde entier !<\/div>\n                                <\/div>\n                                <div class=\"cell small-12 text-center\">\n                                    <p>Si vous avez un blog, un site web ou une cha\u00eene sur les r\u00e9seaux sociaux qui s&rsquo;int\u00e9resse aux transcriptions et aux sous-titres, vous \u00eates un bon candidat pour notre programme !<\/p>\n                                <\/div>\n                            <\/div>\n                        <\/div>\n                    <\/div>\n                                    <\/div>\n    <\/div>\n    \n \n    <div class=\"usps-slider hide-for-large\">\n        <div class=\"responsive-slider\">\n                                                <div class=\"carousel-cell usp-item\">\n                        <div class=\"grid-container\">\n                            <div class=\"grid-x align-center align-middle grid-margin-y grid-margin-x\">\n                                <div class=\"cell shrink\">\n                                <div class=\"usp-icon theme-background-secondary \">\n                                                                                    <img decoding=\"async\" src=\"https:\/\/wp-staging.amberscript.com\/wp-content\/uploads\/2021\/04\/salary-1.png\" alt=\"\">\n                                                                            <\/div>\n                                <\/div>\n                                <div class=\"cell shrink\">\n                                    <div class=\"title theme-text-color-primary\">L&rsquo;une des commissions les plus \u00e9lev\u00e9es du march\u00e9<\/div>\n                                    <\/div>\n                                \n                                <div class=\"cell large-10 text-center\">\n                                    <p>Amberscript paie jusqu&rsquo;\u00e0 15% de commission sur les ventes r\u00e9alis\u00e9es via votre lien ! <br \/>\r\nLes paiements sont mensuels, le 15 de chaque mois. <\/p>\n                                <\/div>\n                            <\/div>\n                        <\/div>\n                    <\/div>\n                                    <div class=\"carousel-cell usp-item\">\n                        <div class=\"grid-container\">\n                            <div class=\"grid-x align-center align-middle grid-margin-y grid-margin-x\">\n                                <div class=\"cell shrink\">\n                                <div class=\"usp-icon theme-background-secondary \">\n                                                                                    <img decoding=\"async\" src=\"https:\/\/wp-staging.amberscript.com\/wp-content\/uploads\/2021\/02\/icon_3.svg\" alt=\"\">\n                                                                            <\/div>\n                                <\/div>\n                                <div class=\"cell shrink\">\n                                    <div class=\"title theme-text-color-primary\">Taux de conversion \u00e9lev\u00e9s et clients satisfaits<\/div>\n                                    <\/div>\n                                \n                                <div class=\"cell large-10 text-center\">\n                                    <p>\u00c0 ce jour, plus d&rsquo;un million de clients ont utilis\u00e9 notre plateforme. Vous ferez la promotion d&rsquo;un produit que les utilisateurs du monde entier adorent ! <\/p>\n                                <\/div>\n                            <\/div>\n                        <\/div>\n                    <\/div>\n                                    <div class=\"carousel-cell usp-item\">\n                        <div class=\"grid-container\">\n                            <div class=\"grid-x align-center align-middle grid-margin-y grid-margin-x\">\n                                <div class=\"cell shrink\">\n                                <div class=\"usp-icon theme-background-secondary \">\n                                                                                    <img decoding=\"async\" src=\"https:\/\/wp-staging.amberscript.com\/wp-content\/uploads\/2021\/04\/globe-1-1.png\" alt=\"\">\n                                                                            <\/div>\n                                <\/div>\n                                <div class=\"cell shrink\">\n                                    <div class=\"title theme-text-color-primary\">Notre programme accueille des partenaires du monde entier !<\/div>\n                                    <\/div>\n                                \n                                <div class=\"cell large-10 text-center\">\n                                    <p>Si vous avez un blog, un site web ou une cha\u00eene sur les r\u00e9seaux sociaux qui s&rsquo;int\u00e9resse aux transcriptions et aux sous-titres, vous \u00eates un bon candidat pour notre programme !<\/p>\n                                <\/div>\n                            <\/div>\n                        <\/div>\n                    <\/div>\n                                    <\/div>\n    <\/div>\n<\/div>\n\n\n\n\n\n\t\t\n\n\n            <div class=\"block banner background green padding\"\n                        >\n            <div class=\"grid-container\">\n                <div class=\"grid-x align-middle grid-margin-x\">\n                    <div class=\"cell small-6 large-8\">\n\n                                                                                    \n                                                                                                <h2 class=\"inherit\">Nous rendons l&rsquo;audio accessible !<\/h2>\n                                                                                                    \n                    <\/div>\n                    <div class=\"cell small-6 large-4 text-right\">\n                        <div class=\"grid-x grid-margin-x\">\n                                                        <div class=\"cell shrink\">\n                                    <a class=\"button btn white invert\" href=\"https:\/\/app.amberscript.com\/register?lang=fr\" target=\"_self\" rel=\"noopener\">Essayez gratuitement<\/a>\n                                <\/div>\n                                                            \n                                                            \n                        <\/div>\n                    \n                    <\/div>\n                <\/div>\n            <\/div>\n        <\/div>\n    \n    \n","protected":false},"excerpt":{"rendered":"","protected":false},"author":70,"featured_media":0,"parent":22908,"menu_order":0,"comment_status":"closed","ping_status":"closed","template":"","meta":{"_acf_changed":true,"inline_featured_image":false,"footnotes":""},"class_list":["post-36469","page","type-page","status-publish","hentry"],"acf":{"show_footer":true,"header_dark_mode":false},"_links":{"self":[{"href":"https:\/\/wp-staging.amberscript.com\/fr\/wp-json\/wp\/v2\/pages\/36469","targetHints":{"allow":["GET"]}}],"collection":[{"href":"https:\/\/wp-staging.amberscript.com\/fr\/wp-json\/wp\/v2\/pages"}],"about":[{"href":"https:\/\/wp-staging.amberscript.com\/fr\/wp-json\/wp\/v2\/types\/page"}],"author":[{"embeddable":true,"href":"https:\/\/wp-staging.amberscript.com\/fr\/wp-json\/wp\/v2\/users\/70"}],"replies":[{"embeddable":true,"href":"https:\/\/wp-staging.amberscript.com\/fr\/wp-json\/wp\/v2\/comments?post=36469"}],"version-history":[{"count":0,"href":"https:\/\/wp-staging.amberscript.com\/fr\/wp-json\/wp\/v2\/pages\/36469\/revisions"}],"up":[{"embeddable":true,"href":"https:\/\/wp-staging.amberscript.com\/fr\/wp-json\/wp\/v2\/pages\/22908"}],"wp:attachment":[{"href":"https:\/\/wp-staging.amberscript.com\/fr\/wp-json\/wp\/v2\/media?parent=36469"}],"curies":[{"name":"wp","href":"https:\/\/api.w.org\/{rel}","templated":true}]}}