{"id":25389,"date":"2021-04-15T14:57:36","date_gmt":"2021-04-15T14:57:36","guid":{"rendered":"https:\/\/localhost:10083\/contactez-nous\/"},"modified":"2024-10-25T10:10:20","modified_gmt":"2024-10-25T08:10:20","slug":"contactez-nous","status":"publish","type":"page","link":"https:\/\/wp-staging.amberscript.com\/fr\/contactez-nous\/","title":{"rendered":"Contact us | FR"},"content":{"rendered":"\n\t<div class=\"block maps\">\n\t\t<div class=\"grid-container\">\n\t\t\t<div class=\"grid-x align-center grid-margin-x grid-margin-y\">\n\t\t\t\n\t\t\t\t<div class=\"cell large-8 text-center\">\n\t\t\t\t\t<!--[if lte IE 8]>\n\t\t\t\t\t<script charset=\"utf-8\" type=\"text\/javascript\" src=\"\/\/js-eu1.hsforms.net\/forms\/v2-legacy.js\"><\/script>\n\t\t\t\t\t<![endif]-->\n\t\t\t\t\t<script charset=\"utf-8\" type=\"text\/javascript\" src=\"\/\/js-eu1.hsforms.net\/forms\/v2.js\"><\/script>\n\t\t\t\t\t<script>\n\t\t\t\t\thbspt.forms.create({\n\t\t\t\t\tregion: \"eu1\",\n\t\t\t\t\tportalId: \"25039104\",\n\t\t\t\t\tformId: \"e777bdb5-8469-4267-97b7-7a7e529a4b70\"\n\t\t\t\t\t});\n\t\t\t\t\t<\/script>\n\t\t\t\t<\/div>\n\t\t\t\t\n\t\t\t<\/div>\n\t\t<\/div>\n\t<\/div>\n\n\n\n<div>\n\t\t<div class=\"grid-container\">\n\t\t<div class=\"grid-x\">\n\t\t\t<div class=\"cell small-12\">\n\n      \n            <div class=\"grid-x grid-margin-x align-center \">\n               <div class=\"large-8 cell\">\n\n                                    <h2>\n                     Notre \u00e9quipe est bas\u00e9e \u00e0 Amsterdam                  <\/h2>\n                  \n                  <b>Notre si\u00e8ge est situ\u00e9 dans:<\/b><br>\r\nHerengracht 477<br>\r\n1017 BS Amsterdam<br>\r\nThe Netherlands<br><br>\r\n\r\n\n                  <iframe src=\"https:\/\/www.google.com\/maps\/embed?pb=!1m18!1m12!1m3!1d2436.2408340091574!2d4.887650077583979!3d52.36605294761483!2m3!1f0!2f0!3f0!3m2!1i1024!2i768!4f13.1!3m3!1m2!1s0x47c5e28b2d6aaaab%3A0xfd28fc993007735d!2sAmberscript%20B.V.!5e0!3m2!1sen!2snl!4v1723542035129!5m2!1sen!2snl\" width=\"100%\" height=\"450\" style=\"border:0;\" allowfullscreen=\"\" loading=\"lazy\" referrerpolicy=\"no-referrer-when-downgrade\"><\/iframe>\n\n               <\/div>\n            <\/div>\n\n\n\t\t\t\t\t\t<\/div>\n\t\t\t<\/div>\n\t\t<\/div>\n\t<\/div>","protected":false},"excerpt":{"rendered":"","protected":false},"author":70,"featured_media":0,"parent":0,"menu_order":0,"comment_status":"closed","ping_status":"closed","template":"","meta":{"_acf_changed":true,"inline_featured_image":false,"footnotes":""},"class_list":["post-25389","page","type-page","status-publish","hentry"],"acf":{"show_footer":true,"header_dark_mode":false},"_links":{"self":[{"href":"https:\/\/wp-staging.amberscript.com\/fr\/wp-json\/wp\/v2\/pages\/25389","targetHints":{"allow":["GET"]}}],"collection":[{"href":"https:\/\/wp-staging.amberscript.com\/fr\/wp-json\/wp\/v2\/pages"}],"about":[{"href":"https:\/\/wp-staging.amberscript.com\/fr\/wp-json\/wp\/v2\/types\/page"}],"author":[{"embeddable":true,"href":"https:\/\/wp-staging.amberscript.com\/fr\/wp-json\/wp\/v2\/users\/70"}],"replies":[{"embeddable":true,"href":"https:\/\/wp-staging.amberscript.com\/fr\/wp-json\/wp\/v2\/comments?post=25389"}],"version-history":[{"count":0,"href":"https:\/\/wp-staging.amberscript.com\/fr\/wp-json\/wp\/v2\/pages\/25389\/revisions"}],"wp:attachment":[{"href":"https:\/\/wp-staging.amberscript.com\/fr\/wp-json\/wp\/v2\/media?parent=25389"}],"curies":[{"name":"wp","href":"https:\/\/api.w.org\/{rel}","templated":true}]}}