{"id":104753,"date":"2026-01-05T22:09:16","date_gmt":"2026-01-05T21:09:16","guid":{"rendered":"https:\/\/wp-staging.amberscript.com\/?page_id=104753"},"modified":"2026-01-06T14:08:23","modified_gmt":"2026-01-06T13:08:23","slug":"connaissances-de-base","status":"publish","type":"page","link":"https:\/\/wp-staging.amberscript.com\/fr\/connaissances-de-base\/","title":{"rendered":"Resources &#8211; FR"},"content":{"rendered":"<div class=\"w-full flex justify-center\">\n    <div class=\"flex flex-col max-w-container w-full px-4 lg:px-[100px] gap-title-description-spacing-mobile sm:gap-title-description-spacing-desktop py-block-padding-1-mobile xl:py-block-padding-1-desktop\">\n        <h2 class=\"text-h1 text-center\">Connaissances de base<\/h2>\n        <div class=\"grid mx-auto grid-cols-1 xl:grid-cols-2 gap-5 items-stretch\">\n                            <a href=\"\/fr\/blog\/\" target=\"_self\"  class=\"h-full cursor-pointer group py-6 px-8 flex flex-col gap-3 overflow-hidden rounded-lg hover:bg-primary shadow-sm active:outline active:outline-1 active:outline-offset-4 active:outline-blue-500 border-and-shadow bg-surface-elevated\">\n                    <div>\n                        <img decoding=\"async\" src=\"\/wp-content\/themes\/amberscript\/assets\/illustrations\/default\/legal.svg\" class=\"block group-hover:hidden\" alt=\"Illustration\"\/>\n                        <img decoding=\"async\" src=\"\/wp-content\/themes\/amberscript\/assets\/illustrations\/hover\/legal.svg\" class=\"hidden group-hover:block\" alt=\"Illustration\"\/>\n                    <\/div>\n                    <div class=\"flex flex-col grow gap-3\">\n                        <h2 class=\"my-0 text-h5 group-hover:text-white\">Blog<\/h2>\n                        <p class=\"my-0 text-body-2 group-hover:text-white\">Guides pratiques pour les industries et les logiciels populaires.<\/p>\n                    <\/div>\n                    <div class=\"flex justify-end items-center mt-3\">\n                        <svg class=\"size-8 group-hover:text-white\" width=\"24\" height=\"24\" viewBox=\"0 0 24 24\" fill=\"none\" xmlns=\"http:\/\/www.w3.org\/2000\/svg\">\n<path d=\"M15.2176 17.5174C14.9645 15.4097 14.8042 13.2092 15.4569 10.4862L7.31469 18.6284L5.38973 16.7034L13.5319 8.56125C10.8276 9.19539 8.59034 9.03549 6.48259 8.78242L6.78828 5.89799C9.86819 6.19587 13.0412 6.36428 16.6671 5.35344L18.6647 7.35105C17.6539 10.9769 17.8042 14.1319 18.102 17.2117L15.2176 17.5174Z\" fill=\"currentColor\"\/>\n<\/svg>                    <\/div>\n                <\/a>\n                            <a href=\"\/fr\/etudes-de-cas\/\" target=\"_self\"  class=\"h-full cursor-pointer group py-6 px-8 flex flex-col gap-3 overflow-hidden rounded-lg hover:bg-primary shadow-sm active:outline active:outline-1 active:outline-offset-4 active:outline-blue-500 border-and-shadow bg-surface-elevated\">\n                    <div>\n                        <img decoding=\"async\" src=\"\/wp-content\/themes\/amberscript\/assets\/illustrations\/default\/media.svg\" class=\"block group-hover:hidden\" alt=\"Illustration\"\/>\n                        <img decoding=\"async\" src=\"\/wp-content\/themes\/amberscript\/assets\/illustrations\/hover\/media.svg\" class=\"hidden group-hover:block\" alt=\"Illustration\"\/>\n                    <\/div>\n                    <div class=\"flex flex-col grow gap-3\">\n                        <h2 class=\"my-0 text-h5 group-hover:text-white\">\u00c9tudes de cas<\/h2>\n                        <p class=\"my-0 text-body-2 group-hover:text-white\">D\u00e9couvrez comment Amberscript aide ses clients \u00e0 atteindre leurs objectifs commerciaux.<\/p>\n                    <\/div>\n                    <div class=\"flex justify-end items-center mt-3\">\n                        <svg class=\"size-8 group-hover:text-white\" width=\"24\" height=\"24\" viewBox=\"0 0 24 24\" fill=\"none\" xmlns=\"http:\/\/www.w3.org\/2000\/svg\">\n<path d=\"M15.2176 17.5174C14.9645 15.4097 14.8042 13.2092 15.4569 10.4862L7.31469 18.6284L5.38973 16.7034L13.5319 8.56125C10.8276 9.19539 8.59034 9.03549 6.48259 8.78242L6.78828 5.89799C9.86819 6.19587 13.0412 6.36428 16.6671 5.35344L18.6647 7.35105C17.6539 10.9769 17.8042 14.1319 18.102 17.2117L15.2176 17.5174Z\" fill=\"currentColor\"\/>\n<\/svg>                    <\/div>\n                <\/a>\n                            <a href=\"\/fr\/les-directives\/\" target=\"_self\"  class=\"h-full cursor-pointer group py-6 px-8 flex flex-col gap-3 overflow-hidden rounded-lg hover:bg-primary shadow-sm active:outline active:outline-1 active:outline-offset-4 active:outline-blue-500 border-and-shadow bg-surface-elevated\">\n                    <div>\n                        <img decoding=\"async\" src=\"\/wp-content\/themes\/amberscript\/assets\/illustrations\/default\/education.svg\" class=\"block group-hover:hidden\" alt=\"Illustration\"\/>\n                        <img decoding=\"async\" src=\"\/wp-content\/themes\/amberscript\/assets\/illustrations\/hover\/education.svg\" class=\"hidden group-hover:block\" alt=\"Illustration\"\/>\n                    <\/div>\n                    <div class=\"flex flex-col grow gap-3\">\n                        <h2 class=\"my-0 text-h5 group-hover:text-white\">Les directives<\/h2>\n                        <p class=\"my-0 text-body-2 group-hover:text-white\">Le guide d\u00e9taill\u00e9 pour l\u2019ajout de sous-titres aux logiciels et plateformes.<\/p>\n                    <\/div>\n                    <div class=\"flex justify-end items-center mt-3\">\n                        <svg class=\"size-8 group-hover:text-white\" width=\"24\" height=\"24\" viewBox=\"0 0 24 24\" fill=\"none\" xmlns=\"http:\/\/www.w3.org\/2000\/svg\">\n<path d=\"M15.2176 17.5174C14.9645 15.4097 14.8042 13.2092 15.4569 10.4862L7.31469 18.6284L5.38973 16.7034L13.5319 8.56125C10.8276 9.19539 8.59034 9.03549 6.48259 8.78242L6.78828 5.89799C9.86819 6.19587 13.0412 6.36428 16.6671 5.35344L18.6647 7.35105C17.6539 10.9769 17.8042 14.1319 18.102 17.2117L15.2176 17.5174Z\" fill=\"currentColor\"\/>\n<\/svg>                    <\/div>\n                <\/a>\n                            <a href=\"https:\/\/helpdesk.amberscript.com\/fr\" target=\"_blank\" rel=\"noopener noreferrer\" class=\"h-full cursor-pointer group py-6 px-8 flex flex-col gap-3 overflow-hidden rounded-lg hover:bg-primary shadow-sm active:outline active:outline-1 active:outline-offset-4 active:outline-blue-500 border-and-shadow bg-surface-elevated\">\n                    <div>\n                        <img decoding=\"async\" src=\"\/wp-content\/themes\/amberscript\/assets\/illustrations\/default\/questions.svg\" class=\"block group-hover:hidden\" alt=\"Illustration\"\/>\n                        <img decoding=\"async\" src=\"\/wp-content\/themes\/amberscript\/assets\/illustrations\/hover\/questions.svg\" class=\"hidden group-hover:block\" alt=\"Illustration\"\/>\n                    <\/div>\n                    <div class=\"flex flex-col grow gap-3\">\n                        <h2 class=\"my-0 text-h5 group-hover:text-white\">Helpdesk<\/h2>\n                        <p class=\"my-0 text-body-2 group-hover:text-white\">Vous avez une question ? Lisez nos guides pratiques ou contactez notre \u00e9quipe.<\/p>\n                    <\/div>\n                    <div class=\"flex justify-end items-center mt-3\">\n                        <svg class=\"size-8 group-hover:text-white\" width=\"24\" height=\"24\" viewBox=\"0 0 24 24\" fill=\"none\" xmlns=\"http:\/\/www.w3.org\/2000\/svg\">\n<path d=\"M15.2176 17.5174C14.9645 15.4097 14.8042 13.2092 15.4569 10.4862L7.31469 18.6284L5.38973 16.7034L13.5319 8.56125C10.8276 9.19539 8.59034 9.03549 6.48259 8.78242L6.78828 5.89799C9.86819 6.19587 13.0412 6.36428 16.6671 5.35344L18.6647 7.35105C17.6539 10.9769 17.8042 14.1319 18.102 17.2117L15.2176 17.5174Z\" fill=\"currentColor\"\/>\n<\/svg>                    <\/div>\n                <\/a>\n                            <a href=\"\/fr\/formats-audio-video-en-texte\/\" target=\"_self\"  class=\"h-full cursor-pointer group py-6 px-8 flex flex-col gap-3 overflow-hidden rounded-lg hover:bg-primary shadow-sm active:outline active:outline-1 active:outline-offset-4 active:outline-blue-500 border-and-shadow bg-surface-elevated\">\n                    <div>\n                        <img decoding=\"async\" src=\"\/wp-content\/themes\/amberscript\/assets\/illustrations\/default\/media.svg\" class=\"block group-hover:hidden\" alt=\"Illustration\"\/>\n                        <img decoding=\"async\" src=\"\/wp-content\/themes\/amberscript\/assets\/illustrations\/hover\/media.svg\" class=\"hidden group-hover:block\" alt=\"Illustration\"\/>\n                    <\/div>\n                    <div class=\"flex flex-col grow gap-3\">\n                        <h2 class=\"my-0 text-h5 group-hover:text-white\">Formats de fichiers<\/h2>\n                        <p class=\"my-0 text-body-2 group-hover:text-white\">Formats de fichiers pris en charge pour les sous-titres et les transcriptions.<\/p>\n                    <\/div>\n                    <div class=\"flex justify-end items-center mt-3\">\n                        <svg class=\"size-8 group-hover:text-white\" width=\"24\" height=\"24\" viewBox=\"0 0 24 24\" fill=\"none\" xmlns=\"http:\/\/www.w3.org\/2000\/svg\">\n<path d=\"M15.2176 17.5174C14.9645 15.4097 14.8042 13.2092 15.4569 10.4862L7.31469 18.6284L5.38973 16.7034L13.5319 8.56125C10.8276 9.19539 8.59034 9.03549 6.48259 8.78242L6.78828 5.89799C9.86819 6.19587 13.0412 6.36428 16.6671 5.35344L18.6647 7.35105C17.6539 10.9769 17.8042 14.1319 18.102 17.2117L15.2176 17.5174Z\" fill=\"currentColor\"\/>\n<\/svg>                    <\/div>\n                <\/a>\n                            <a href=\"\/fr\/outil-wer\/\" target=\"_self\"  class=\"h-full cursor-pointer group py-6 px-8 flex flex-col gap-3 overflow-hidden rounded-lg hover:bg-primary shadow-sm active:outline active:outline-1 active:outline-offset-4 active:outline-blue-500 border-and-shadow bg-surface-elevated\">\n                    <div>\n                        <img decoding=\"async\" src=\"\/wp-content\/themes\/amberscript\/assets\/illustrations\/default\/media.svg\" class=\"block group-hover:hidden\" alt=\"Illustration\"\/>\n                        <img decoding=\"async\" src=\"\/wp-content\/themes\/amberscript\/assets\/illustrations\/hover\/media.svg\" class=\"hidden group-hover:block\" alt=\"Illustration\"\/>\n                    <\/div>\n                    <div class=\"flex flex-col grow gap-3\">\n                        <h2 class=\"my-0 text-h5 group-hover:text-white\">Outil TEM<\/h2>\n                        <p class=\"my-0 text-body-2 group-hover:text-white\">V\u00e9rifier l\u2019exactitude des transcriptions g\u00e9n\u00e9r\u00e9es automatiquement.<\/p>\n                    <\/div>\n                    <div class=\"flex justify-end items-center mt-3\">\n                        <svg class=\"size-8 group-hover:text-white\" width=\"24\" height=\"24\" viewBox=\"0 0 24 24\" fill=\"none\" xmlns=\"http:\/\/www.w3.org\/2000\/svg\">\n<path d=\"M15.2176 17.5174C14.9645 15.4097 14.8042 13.2092 15.4569 10.4862L7.31469 18.6284L5.38973 16.7034L13.5319 8.56125C10.8276 9.19539 8.59034 9.03549 6.48259 8.78242L6.78828 5.89799C9.86819 6.19587 13.0412 6.36428 16.6671 5.35344L18.6647 7.35105C17.6539 10.9769 17.8042 14.1319 18.102 17.2117L15.2176 17.5174Z\" fill=\"currentColor\"\/>\n<\/svg>                    <\/div>\n                <\/a>\n                            <a href=\"https:\/\/helpdesk.amberscript.com\/fr\/confidentialit%C3%A9-et-s%C3%A9curit%C3%A9\" target=\"_blank\" rel=\"noopener noreferrer\" class=\"h-full cursor-pointer group py-6 px-8 flex flex-col gap-3 overflow-hidden rounded-lg hover:bg-primary shadow-sm active:outline active:outline-1 active:outline-offset-4 active:outline-blue-500 border-and-shadow bg-surface-elevated\">\n                    <div>\n                        <img decoding=\"async\" src=\"\/wp-content\/themes\/amberscript\/assets\/illustrations\/default\/reliable.svg\" class=\"block group-hover:hidden\" alt=\"Illustration\"\/>\n                        <img decoding=\"async\" src=\"\/wp-content\/themes\/amberscript\/assets\/illustrations\/hover\/reliable.svg\" class=\"hidden group-hover:block\" alt=\"Illustration\"\/>\n                    <\/div>\n                    <div class=\"flex flex-col grow gap-3\">\n                        <h2 class=\"my-0 text-h5 group-hover:text-white\">S\u00e9curit\u00e9<\/h2>\n                        <p class=\"my-0 text-body-2 group-hover:text-white\">Comment nous assurons la s\u00e9curit\u00e9 de vos donn\u00e9es et de votre vie priv\u00e9e.<\/p>\n                    <\/div>\n                    <div class=\"flex justify-end items-center mt-3\">\n                        <svg class=\"size-8 group-hover:text-white\" width=\"24\" height=\"24\" viewBox=\"0 0 24 24\" fill=\"none\" xmlns=\"http:\/\/www.w3.org\/2000\/svg\">\n<path d=\"M15.2176 17.5174C14.9645 15.4097 14.8042 13.2092 15.4569 10.4862L7.31469 18.6284L5.38973 16.7034L13.5319 8.56125C10.8276 9.19539 8.59034 9.03549 6.48259 8.78242L6.78828 5.89799C9.86819 6.19587 13.0412 6.36428 16.6671 5.35344L18.6647 7.35105C17.6539 10.9769 17.8042 14.1319 18.102 17.2117L15.2176 17.5174Z\" fill=\"currentColor\"\/>\n<\/svg>                    <\/div>\n                <\/a>\n                            <a href=\"\/fr\/connaissances-de-base\/ebooks\/\" target=\"_self\"  class=\"h-full cursor-pointer group py-6 px-8 flex flex-col gap-3 overflow-hidden rounded-lg hover:bg-primary shadow-sm active:outline active:outline-1 active:outline-offset-4 active:outline-blue-500 border-and-shadow bg-surface-elevated\">\n                    <div>\n                        <img decoding=\"async\" src=\"\/wp-content\/themes\/amberscript\/assets\/illustrations\/default\/media.svg\" class=\"block group-hover:hidden\" alt=\"Illustration\"\/>\n                        <img decoding=\"async\" src=\"\/wp-content\/themes\/amberscript\/assets\/illustrations\/hover\/media.svg\" class=\"hidden group-hover:block\" alt=\"Illustration\"\/>\n                    <\/div>\n                    <div class=\"flex flex-col grow gap-3\">\n                        <h2 class=\"my-0 text-h5 group-hover:text-white\">eBooks<\/h2>\n                        <p class=\"my-0 text-body-2 group-hover:text-white\">Guides et ressources sur la recherche, les entretiens et divers sujets.<\/p>\n                    <\/div>\n                    <div class=\"flex justify-end items-center mt-3\">\n                        <svg class=\"size-8 group-hover:text-white\" width=\"24\" height=\"24\" viewBox=\"0 0 24 24\" fill=\"none\" xmlns=\"http:\/\/www.w3.org\/2000\/svg\">\n<path d=\"M15.2176 17.5174C14.9645 15.4097 14.8042 13.2092 15.4569 10.4862L7.31469 18.6284L5.38973 16.7034L13.5319 8.56125C10.8276 9.19539 8.59034 9.03549 6.48259 8.78242L6.78828 5.89799C9.86819 6.19587 13.0412 6.36428 16.6671 5.35344L18.6647 7.35105C17.6539 10.9769 17.8042 14.1319 18.102 17.2117L15.2176 17.5174Z\" fill=\"currentColor\"\/>\n<\/svg>                    <\/div>\n                <\/a>\n                            <a href=\"\/fr\/telechargements\/\" target=\"_self\"  class=\"h-full cursor-pointer group py-6 px-8 flex flex-col gap-3 overflow-hidden rounded-lg hover:bg-primary shadow-sm active:outline active:outline-1 active:outline-offset-4 active:outline-blue-500 border-and-shadow bg-surface-elevated\">\n                    <div>\n                        <img decoding=\"async\" src=\"\/wp-content\/themes\/amberscript\/assets\/illustrations\/default\/research.svg\" class=\"block group-hover:hidden\" alt=\"Illustration\"\/>\n                        <img decoding=\"async\" src=\"\/wp-content\/themes\/amberscript\/assets\/illustrations\/hover\/research.svg\" class=\"hidden group-hover:block\" alt=\"Illustration\"\/>\n                    <\/div>\n                    <div class=\"flex flex-col grow gap-3\">\n                        <h2 class=\"my-0 text-h5 group-hover:text-white\">T\u00e9l\u00e9chargements<\/h2>\n                        <p class=\"my-0 text-body-2 group-hover:text-white\">Lisez nos recherches et rapports.<\/p>\n                    <\/div>\n                    <div class=\"flex justify-end items-center mt-3\">\n                        <svg class=\"size-8 group-hover:text-white\" width=\"24\" height=\"24\" viewBox=\"0 0 24 24\" fill=\"none\" xmlns=\"http:\/\/www.w3.org\/2000\/svg\">\n<path d=\"M15.2176 17.5174C14.9645 15.4097 14.8042 13.2092 15.4569 10.4862L7.31469 18.6284L5.38973 16.7034L13.5319 8.56125C10.8276 9.19539 8.59034 9.03549 6.48259 8.78242L6.78828 5.89799C9.86819 6.19587 13.0412 6.36428 16.6671 5.35344L18.6647 7.35105C17.6539 10.9769 17.8042 14.1319 18.102 17.2117L15.2176 17.5174Z\" fill=\"currentColor\"\/>\n<\/svg>                    <\/div>\n                <\/a>\n                    <\/div>\n    <\/div>\n<\/div>\n","protected":false},"excerpt":{"rendered":"","protected":false},"author":70,"featured_media":0,"parent":0,"menu_order":0,"comment_status":"closed","ping_status":"closed","template":"page-redesign.php","meta":{"_acf_changed":true,"inline_featured_image":false,"footnotes":""},"class_list":["post-104753","page","type-page","status-publish","hentry"],"acf":{"show_footer":true,"header_dark_mode":false},"_links":{"self":[{"href":"https:\/\/wp-staging.amberscript.com\/fr\/wp-json\/wp\/v2\/pages\/104753","targetHints":{"allow":["GET"]}}],"collection":[{"href":"https:\/\/wp-staging.amberscript.com\/fr\/wp-json\/wp\/v2\/pages"}],"about":[{"href":"https:\/\/wp-staging.amberscript.com\/fr\/wp-json\/wp\/v2\/types\/page"}],"author":[{"embeddable":true,"href":"https:\/\/wp-staging.amberscript.com\/fr\/wp-json\/wp\/v2\/users\/70"}],"replies":[{"embeddable":true,"href":"https:\/\/wp-staging.amberscript.com\/fr\/wp-json\/wp\/v2\/comments?post=104753"}],"version-history":[{"count":0,"href":"https:\/\/wp-staging.amberscript.com\/fr\/wp-json\/wp\/v2\/pages\/104753\/revisions"}],"wp:attachment":[{"href":"https:\/\/wp-staging.amberscript.com\/fr\/wp-json\/wp\/v2\/media?parent=104753"}],"curies":[{"name":"wp","href":"https:\/\/api.w.org\/{rel}","templated":true}]}}