{"id":98925,"date":"2024-10-04T16:13:51","date_gmt":"2024-10-04T14:13:51","guid":{"rendered":"https:\/\/wp-staging.amberscript.com\/?page_id=98925"},"modified":"2024-10-04T16:14:14","modified_gmt":"2024-10-04T14:14:14","slug":"no-disponible","status":"publish","type":"page","link":"https:\/\/wp-staging.amberscript.com\/es\/no-disponible\/","title":{"rendered":"Discontinued Products Warning | ES"},"content":{"rendered":"<style>\n\t.card-image{\n\t\twidth: 100%;\n\t\theight: 200px;\n\t\tobject-fit: contain;\n\t\tmargin-bottom: 2rem;\n\t}\n<\/style>\n\n<div class=\"block button-cards\">\n    <div class=\"grid-container\">\n        <div class=\"grid-x align-center grid-margin-x grid-margin-y\">\n            \n<div class=\"cell large-12 text-center\">\n  <div class=\"title-holder\">\n\n\n\n                          <h6>\u00a1Pero no te preocupes! Puedes explorar nuestro portafolio completo para encontrar algo m\u00e1s que se ajuste a tus necesidades.<\/h6>\n                    \n                                    <h2>Prueba otros productos de Amberscript<\/h2>\n                      <\/div>           \n<\/div>\n                        \n                \n                <div class=\"cell medium-4 large-4\">\n                    <div class=\"background border-radius\">\n                        <div class=\"inner\">\n\t\t\t\t\t\t\t\n                            <h5> Transcripci\u00f3n autom\u00e1tica<\/h5>\n\t\t\t\t\t\t\t\n\t\t\t\t\t\t\t\t\t\t\t\t\t\t\n\t\t\t\t\t\t\t\t<p style=\"min-height: 0\">\n\t\t\t\t\t\t\t\t\tConvierte autom\u00e1ticamente tu audio y video en texto utilizando nuestra plataforma de IA.\t\t\t\t\t\t\t\t\n\t\t\t\t\t\t\t\t<\/p>\n\t\t\t\t\t\t\t\n\t\t\t\t\t\t\t\t\t\t\t\t\t\t\n\t\t\t\t\t\t\t\n                            \t\t\t\t\t\t\t\n                                                            <a class=\"button secondary\" id=\"button_block_ee15af2012f1a6b2084b306d0a43c2a9\" href=\"https:\/\/wp-staging.amberscript.com\/es\/productos\/transcripcion-automatica\/\" target=\"_blank\">M\u00e1s informaci\u00f3n<\/a>\n                            \t\t\t\t\t\t\t\n                        <\/div>\n                    <\/div>\n                <\/div>\n                    \n                \n                <div class=\"cell medium-4 large-4\">\n                    <div class=\"background border-radius\">\n                        <div class=\"inner\">\n\t\t\t\t\t\t\t\n                            <h5>Transcripci\u00f3n profesional<\/h5>\n\t\t\t\t\t\t\t\n\t\t\t\t\t\t\t\t\t\t\t\t\t\t\n\t\t\t\t\t\t\t\t<p style=\"min-height: 0\">\n\t\t\t\t\t\t\t\t\tPermite que nuestros profesionales transcriban tu contenido de audio o video.\t\t\t\t\t\t\t\t\n\t\t\t\t\t\t\t\t<\/p>\n\t\t\t\t\t\t\t\n\t\t\t\t\t\t\t\t\t\t\t\t\t\t\n\t\t\t\t\t\t\t\n                            \t\t\t\t\t\t\t\n                                                            <a class=\"button secondary\" id=\"button_block_ee15af2012f1a6b2084b306d0a43c2a9\" href=\"https:\/\/wp-staging.amberscript.com\/es\/productos\/transcripcion-manual\/\" target=\"_blank\">M\u00e1s informaci\u00f3n<\/a>\n                            \t\t\t\t\t\t\t\n                        <\/div>\n                    <\/div>\n                <\/div>\n                    \n                \n                <div class=\"cell medium-4 large-4\">\n                    <div class=\"background border-radius\">\n                        <div class=\"inner\">\n\t\t\t\t\t\t\t\n                            <h5> Subt\u00edtulos autom\u00e1ticos<\/h5>\n\t\t\t\t\t\t\t\n\t\t\t\t\t\t\t\t\t\t\t\t\t\t\n\t\t\t\t\t\t\t\t<p style=\"min-height: 0\">\n\t\t\t\t\t\t\t\t\t Genera y a\u00f1ade subt\u00edtulos autom\u00e1ticamente a tus videos.\t\t\t\t\t\t\t\t\n\t\t\t\t\t\t\t\t<\/p>\n\t\t\t\t\t\t\t\n\t\t\t\t\t\t\t\t\t\t\t\t\t\t\n\t\t\t\t\t\t\t\n                            \t\t\t\t\t\t\t\n                                                            <a class=\"button secondary\" id=\"button_block_ee15af2012f1a6b2084b306d0a43c2a9\" href=\"https:\/\/wp-staging.amberscript.com\/es\/productos\/subtitulos-automaticos\/\" target=\"_blank\">M\u00e1s informaci\u00f3n<\/a>\n                            \t\t\t\t\t\t\t\n                        <\/div>\n                    <\/div>\n                <\/div>\n                    \n                \n                <div class=\"cell medium-4 large-4\">\n                    <div class=\"background border-radius\">\n                        <div class=\"inner\">\n\t\t\t\t\t\t\t\n                            <h5>Subt\u00edtulos profesionales<\/h5>\n\t\t\t\t\t\t\t\n\t\t\t\t\t\t\t\t\t\t\t\t\t\t\n\t\t\t\t\t\t\t\t<p style=\"min-height: 0\">\n\t\t\t\t\t\t\t\t\t Permite que nuestros profesionales creen subt\u00edtulos para tus videos.\t\t\t\t\t\t\t\t\n\t\t\t\t\t\t\t\t<\/p>\n\t\t\t\t\t\t\t\n\t\t\t\t\t\t\t\t\t\t\t\t\t\t\n\t\t\t\t\t\t\t\n                            \t\t\t\t\t\t\t\n                                                            <a class=\"button secondary\" id=\"button_block_ee15af2012f1a6b2084b306d0a43c2a9\" href=\"https:\/\/wp-staging.amberscript.com\/es\/productos\/subtitulos-manuales\/\" target=\"_blank\">M\u00e1s informaci\u00f3n<\/a>\n                            \t\t\t\t\t\t\t\n                        <\/div>\n                    <\/div>\n                <\/div>\n                    \n                \n                <div class=\"cell medium-4 large-4\">\n                    <div class=\"background border-radius\">\n                        <div class=\"inner\">\n\t\t\t\t\t\t\t\n                            <h5> Subt\u00edtulos traducidos<\/h5>\n\t\t\t\t\t\t\t\n\t\t\t\t\t\t\t\t\t\t\t\t\t\t\n\t\t\t\t\t\t\t\t<p style=\"min-height: 0\">\n\t\t\t\t\t\t\t\t\tObt\u00e9n la traducci\u00f3n de tus subt\u00edtulos en m\u00e1s de 18 idiomas.\t\t\t\t\t\t\t\t\n\t\t\t\t\t\t\t\t<\/p>\n\t\t\t\t\t\t\t\n\t\t\t\t\t\t\t\t\t\t\t\t\t\t\n\t\t\t\t\t\t\t\n                            \t\t\t\t\t\t\t\n                                                            <a class=\"button secondary\" id=\"button_block_ee15af2012f1a6b2084b306d0a43c2a9\" href=\"https:\/\/wp-staging.amberscript.com\/es\/productos\/subtitulos-traducidos\/\" target=\"_blank\">M\u00e1s informaci\u00f3n<\/a>\n                            \t\t\t\t\t\t\t\n                        <\/div>\n                    <\/div>\n                <\/div>\n                    \n                \n                <div class=\"cell medium-4 large-4\">\n                    <div class=\"background border-radius\">\n                        <div class=\"inner\">\n\t\t\t\t\t\t\t\n                            <h5>Voz-en-texto API<\/h5>\n\t\t\t\t\t\t\t\n\t\t\t\t\t\t\t\t\t\t\t\t\t\t\n\t\t\t\t\t\t\t\t<p style=\"min-height: 0\">\n\t\t\t\t\t\t\t\t\tA\u00f1ada nuestra API de voz a texto a su paquete.\t\t\t\t\t\t\t\t\n\t\t\t\t\t\t\t\t<\/p>\n\t\t\t\t\t\t\t\n\t\t\t\t\t\t\t\t\t\t\t\t\t\t\n\t\t\t\t\t\t\t\n                            \t\t\t\t\t\t\t\n                                                            <a class=\"button secondary\" id=\"button_block_ee15af2012f1a6b2084b306d0a43c2a9\" href=\"https:\/\/wp-staging.amberscript.com\/es\/productos\/subtitulos-traducidos\/\" target=\"_blank\">M\u00e1s informaci\u00f3n<\/a>\n                            \t\t\t\t\t\t\t\n                        <\/div>\n                    <\/div>\n                <\/div>\n                    \n                            \n                        \n        <\/div>\n    <\/div>\n<\/div>","protected":false},"excerpt":{"rendered":"","protected":false},"author":70,"featured_media":0,"parent":0,"menu_order":0,"comment_status":"closed","ping_status":"closed","template":"","meta":{"_acf_changed":true,"inline_featured_image":false,"footnotes":""},"class_list":["post-98925","page","type-page","status-publish","hentry"],"acf":{"show_footer":true,"header_dark_mode":false},"_links":{"self":[{"href":"https:\/\/wp-staging.amberscript.com\/es\/wp-json\/wp\/v2\/pages\/98925","targetHints":{"allow":["GET"]}}],"collection":[{"href":"https:\/\/wp-staging.amberscript.com\/es\/wp-json\/wp\/v2\/pages"}],"about":[{"href":"https:\/\/wp-staging.amberscript.com\/es\/wp-json\/wp\/v2\/types\/page"}],"author":[{"embeddable":true,"href":"https:\/\/wp-staging.amberscript.com\/es\/wp-json\/wp\/v2\/users\/70"}],"replies":[{"embeddable":true,"href":"https:\/\/wp-staging.amberscript.com\/es\/wp-json\/wp\/v2\/comments?post=98925"}],"version-history":[{"count":0,"href":"https:\/\/wp-staging.amberscript.com\/es\/wp-json\/wp\/v2\/pages\/98925\/revisions"}],"wp:attachment":[{"href":"https:\/\/wp-staging.amberscript.com\/es\/wp-json\/wp\/v2\/media?parent=98925"}],"curies":[{"name":"wp","href":"https:\/\/api.w.org\/{rel}","templated":true}]}}