{"id":41276,"date":"2021-09-14T08:57:52","date_gmt":"2021-09-14T08:57:52","guid":{"rendered":"https:\/\/wp-staging.amberscript.com\/programa-de-afiliacion-es\/"},"modified":"2024-08-23T10:49:30","modified_gmt":"2024-08-23T08:49:30","slug":"programa-de-afiliacion-es","status":"publish","type":"page","link":"https:\/\/wp-staging.amberscript.com\/es\/carreras\/programa-de-afiliacion-es\/","title":{"rendered":"Programa de afiliaci\u00f3n | ES"},"content":{"rendered":"<div class=\"block text-image\">\n\t<div class=\"grid-container\">\n      <div class=\"grid-x align-middle grid-margin-y grid-margin-x\">\n\t\t  \n\n        <div class=\"cell medium-6 large-5 medium-order-2 medium-offset-0 large-offset-1\t\">\t\t  \n\n                            <div class=\"image-holder text-center\">\n\n                                    <img decoding=\"async\" width=\"640\" height=\"427\" src=\"https:\/\/wp-staging.amberscript.com\/wp-content\/uploads\/2022\/11\/HeroImg-Spanish-min-640x427.png\" class=\"img-responsive\" alt=\"\" srcset=\"https:\/\/wp-staging.amberscript.com\/wp-content\/uploads\/2022\/11\/HeroImg-Spanish-min-640x427.png 640w, https:\/\/wp-staging.amberscript.com\/wp-content\/uploads\/2022\/11\/HeroImg-Spanish-min-768x512.png 768w, https:\/\/wp-staging.amberscript.com\/wp-content\/uploads\/2022\/11\/HeroImg-Spanish-min.png 820w\" sizes=\"(max-width: 640px) 100vw, 640px\" \/>                                    <\/div>\n            \t\t\t\n        <\/div>\n\t\t  \n\n        <div class=\"cell medium-6 large-5  \">  \n\n               \n                                                           <h6>Inscr\u00edbete ahora<\/h6>\n                                   \n                                                           <h3>Recibe hasta un 15% de comisi\u00f3n<\/h3>\n                                    \n                                   <p>Amberscript est\u00e1 creando soluciones SaaS que permiten a los usuarios transformar autom\u00e1ticamente audio y v\u00eddeo en texto y subt\u00edtulos mediante el reconocimiento de voz. Utilizamos los datos generados por nuestros usuarios para entrenar los mejores motores de reconocimiento de voz en las lenguas europeas. Nuestro editor de texto online y nuestros transcriptores profesionales consiguen que el texto sea 100% exacto.<\/p>\n<p>\u00bfTienes un sitio web o un blog con un alto nivel de tr\u00e1fico? \u00bfUn canal de redes sociales con muchos seguidores o una buena lista de correo? Entonces reg\u00edstrate para convertirte en afiliado y ganar hasta un 15% de comisi\u00f3n por las ventas realizadas a trav\u00e9s de tu enlace. Tenemos una generosa pol\u00edtica de cookies de 30 d\u00edas.<\/p>\n               \n                                <a class=\"button theme-color-secondary\" id=\"button_block_6964a5451d6eee0a5159035538c48bff\" href=\"https:\/\/ui.awin.com\/merchant-profile\/27852\" target=\"_self\" rel=\"noopener\">Inscr\u00edbete ahora<\/a>\n                            \n        <\/div>\n      <\/div>\n   <\/div>\n<\/div>\n\n\n\n\n<!-- \/\/ small -->\n    <div class=\"block usps\">\n\t\t\t<div class=\"grid-container\">\n        <div class=\"grid-x grid-margin-x grid-margin-y  align-center\">\n\n            \n<div class=\"cell large-12 text-center\">\n  <div class=\"title-holder\">\n\n\n\n                    \n                                    <h2>\u00bfPor qu\u00e9 participar en nuestro programa?<\/h2>\n                      <\/div>           \n<\/div>\n\n                            \n\t\t\t\t\t\t\t<div class=\"cell small-6 large-4\">\n\t\t\t                        <div class=\"usp-item\"\n                                                     >\n                            <div class=\"grid-x grid-margin-x grid-margin-y align-middle\">\n                                                                    <div class=\"cell small-12 text-center justify-center\">\n                                        <div class=\"usp-icon theme-background-secondary \">\n                                                <img decoding=\"async\" src=\"https:\/\/wp-staging.amberscript.com\/wp-content\/uploads\/2021\/04\/salary-1.png\" alt=\"\">\n                                        <\/div>\n                                    <\/div>\n                                                                \n                                <div class=\"cell auto\">\n                                    <div class=\"title theme-text-color-primary text-center \">Una de las mayores comisiones del mercado<\/div>\n                                <\/div>\n                                <div class=\"cell small-12 text-center\">\n                                    <p>\u00a1Amberscript paga hasta un 15% de comisi\u00f3n por las ventas realizadas a trav\u00e9s de tu enlace!<br \/>\r\nLos pagos son mensuales, cada decimoquinto d\u00eda del mes.<\/p>\n                                <\/div>\n                            <\/div>\n                        <\/div>\n                    <\/div>\n                \n\t\t\t\t\t\t\t<div class=\"cell small-6 large-4\">\n\t\t\t                        <div class=\"usp-item\"\n                                                     >\n                            <div class=\"grid-x grid-margin-x grid-margin-y align-middle\">\n                                                                    <div class=\"cell small-12 text-center justify-center\">\n                                        <div class=\"usp-icon theme-background-secondary \">\n                                                <img decoding=\"async\" src=\"https:\/\/wp-staging.amberscript.com\/wp-content\/uploads\/2021\/02\/icon_3.svg\" alt=\"\">\n                                        <\/div>\n                                    <\/div>\n                                                                \n                                <div class=\"cell auto\">\n                                    <div class=\"title theme-text-color-primary text-center \">Altas tasas de conversi\u00f3n y clientes satisfechos.<\/div>\n                                <\/div>\n                                <div class=\"cell small-12 text-center\">\n                                    <p>Hasta ahora, m\u00e1s de 1.000.000 de clientes han utilizado nuestra plataforma. \u00a1Promocionar\u00e1s un producto que atrae a usuarios de todo el mundo!<\/p>\n                                <\/div>\n                            <\/div>\n                        <\/div>\n                    <\/div>\n                \n\t\t\t\t\t\t\t<div class=\"cell small-6 large-4\">\n\t\t\t                        <div class=\"usp-item\"\n                                                     >\n                            <div class=\"grid-x grid-margin-x grid-margin-y align-middle\">\n                                                                    <div class=\"cell small-12 text-center justify-center\">\n                                        <div class=\"usp-icon theme-background-secondary \">\n                                                <img decoding=\"async\" src=\"https:\/\/wp-staging.amberscript.com\/wp-content\/uploads\/2021\/04\/globe-1-1.png\" alt=\"\">\n                                        <\/div>\n                                    <\/div>\n                                                                \n                                <div class=\"cell auto\">\n                                    <div class=\"title theme-text-color-primary text-center \">Nuestro programa acoge a colaboradores de todo el mundo.<\/div>\n                                <\/div>\n                                <div class=\"cell small-12 text-center\">\n                                    <p>Si tienes un blog, un sitio web o un canal en las redes sociales con un p\u00fablico interesado en transcripciones y subt\u00edtulos, eres perfecto para nuestro programa.<\/p>\n                                <\/div>\n                            <\/div>\n                        <\/div>\n                    <\/div>\n                                    <\/div>\n    <\/div>\n    \n \n    <div class=\"usps-slider hide-for-large\">\n        <div class=\"responsive-slider\">\n                                                <div class=\"carousel-cell usp-item\">\n                        <div class=\"grid-container\">\n                            <div class=\"grid-x align-center align-middle grid-margin-y grid-margin-x\">\n                                <div class=\"cell shrink\">\n                                <div class=\"usp-icon theme-background-secondary \">\n                                                                                    <img decoding=\"async\" src=\"https:\/\/wp-staging.amberscript.com\/wp-content\/uploads\/2021\/04\/salary-1.png\" alt=\"\">\n                                                                            <\/div>\n                                <\/div>\n                                <div class=\"cell shrink\">\n                                    <div class=\"title theme-text-color-primary\">Una de las mayores comisiones del mercado<\/div>\n                                    <\/div>\n                                \n                                <div class=\"cell large-10 text-center\">\n                                    <p>\u00a1Amberscript paga hasta un 15% de comisi\u00f3n por las ventas realizadas a trav\u00e9s de tu enlace!<br \/>\r\nLos pagos son mensuales, cada decimoquinto d\u00eda del mes.<\/p>\n                                <\/div>\n                            <\/div>\n                        <\/div>\n                    <\/div>\n                                    <div class=\"carousel-cell usp-item\">\n                        <div class=\"grid-container\">\n                            <div class=\"grid-x align-center align-middle grid-margin-y grid-margin-x\">\n                                <div class=\"cell shrink\">\n                                <div class=\"usp-icon theme-background-secondary \">\n                                                                                    <img decoding=\"async\" src=\"https:\/\/wp-staging.amberscript.com\/wp-content\/uploads\/2021\/02\/icon_3.svg\" alt=\"\">\n                                                                            <\/div>\n                                <\/div>\n                                <div class=\"cell shrink\">\n                                    <div class=\"title theme-text-color-primary\">Altas tasas de conversi\u00f3n y clientes satisfechos.<\/div>\n                                    <\/div>\n                                \n                                <div class=\"cell large-10 text-center\">\n                                    <p>Hasta ahora, m\u00e1s de 1.000.000 de clientes han utilizado nuestra plataforma. \u00a1Promocionar\u00e1s un producto que atrae a usuarios de todo el mundo!<\/p>\n                                <\/div>\n                            <\/div>\n                        <\/div>\n                    <\/div>\n                                    <div class=\"carousel-cell usp-item\">\n                        <div class=\"grid-container\">\n                            <div class=\"grid-x align-center align-middle grid-margin-y grid-margin-x\">\n                                <div class=\"cell shrink\">\n                                <div class=\"usp-icon theme-background-secondary \">\n                                                                                    <img decoding=\"async\" src=\"https:\/\/wp-staging.amberscript.com\/wp-content\/uploads\/2021\/04\/globe-1-1.png\" alt=\"\">\n                                                                            <\/div>\n                                <\/div>\n                                <div class=\"cell shrink\">\n                                    <div class=\"title theme-text-color-primary\">Nuestro programa acoge a colaboradores de todo el mundo.<\/div>\n                                    <\/div>\n                                \n                                <div class=\"cell large-10 text-center\">\n                                    <p>Si tienes un blog, un sitio web o un canal en las redes sociales con un p\u00fablico interesado en transcripciones y subt\u00edtulos, eres perfecto para nuestro programa.<\/p>\n                                <\/div>\n                            <\/div>\n                        <\/div>\n                    <\/div>\n                                    <\/div>\n    <\/div>\n<\/div>\n\n\n\n\n\n\t\t\n\n\n            <div class=\"block banner background green padding\"\n                        >\n            <div class=\"grid-container\">\n                <div class=\"grid-x align-middle grid-margin-x\">\n                    <div class=\"cell small-6 large-8\">\n\n                                                                                    \n                                                                                                <h2 class=\"inherit\">Hacemos el audio accesible<\/h2>\n                                                                                                    \n                    <\/div>\n                    <div class=\"cell small-6 large-4 text-right\">\n                        <div class=\"grid-x grid-margin-x\">\n                                                        <div class=\"cell shrink\">\n                                    <a class=\"button btn white invert\" href=\"https:\/\/app.amberscript.com\/register?lang=es\" target=\"_self\" rel=\"noopener\">Pru\u00e9balo gratis<\/a>\n                                <\/div>\n                                                            \n                                                            \n                        <\/div>\n                    \n                    <\/div>\n                <\/div>\n            <\/div>\n        <\/div>\n    \n    \n","protected":false},"excerpt":{"rendered":"","protected":false},"author":70,"featured_media":0,"parent":24680,"menu_order":0,"comment_status":"closed","ping_status":"closed","template":"","meta":{"_acf_changed":true,"inline_featured_image":false,"footnotes":""},"class_list":["post-41276","page","type-page","status-publish","hentry"],"acf":{"show_footer":true,"header_dark_mode":false},"_links":{"self":[{"href":"https:\/\/wp-staging.amberscript.com\/es\/wp-json\/wp\/v2\/pages\/41276","targetHints":{"allow":["GET"]}}],"collection":[{"href":"https:\/\/wp-staging.amberscript.com\/es\/wp-json\/wp\/v2\/pages"}],"about":[{"href":"https:\/\/wp-staging.amberscript.com\/es\/wp-json\/wp\/v2\/types\/page"}],"author":[{"embeddable":true,"href":"https:\/\/wp-staging.amberscript.com\/es\/wp-json\/wp\/v2\/users\/70"}],"replies":[{"embeddable":true,"href":"https:\/\/wp-staging.amberscript.com\/es\/wp-json\/wp\/v2\/comments?post=41276"}],"version-history":[{"count":0,"href":"https:\/\/wp-staging.amberscript.com\/es\/wp-json\/wp\/v2\/pages\/41276\/revisions"}],"up":[{"embeddable":true,"href":"https:\/\/wp-staging.amberscript.com\/es\/wp-json\/wp\/v2\/pages\/24680"}],"wp:attachment":[{"href":"https:\/\/wp-staging.amberscript.com\/es\/wp-json\/wp\/v2\/media?parent=41276"}],"curies":[{"name":"wp","href":"https:\/\/api.w.org\/{rel}","templated":true}]}}