{"id":31857,"date":"2021-04-30T10:02:55","date_gmt":"2021-04-30T10:02:55","guid":{"rendered":"https:\/\/wp-staging.amberscript.com\/terminos-y-condiciones\/"},"modified":"2026-01-16T10:26:44","modified_gmt":"2026-01-16T09:26:44","slug":"terminos-y-condiciones","status":"publish","type":"page","link":"https:\/\/wp-staging.amberscript.com\/es\/terminos-y-condiciones\/","title":{"rendered":"T\u00e9rminos y condiciones"},"content":{"rendered":"<div class=\"w-full flex justify-center bg-surface-elevated relative border-and-shadow-bottom\">\n    <div class=\"flex flex-col max-w-container w-full px-4 lg:px-[100px] gap-title-description-spacing-mobile sm:gap-title-description-spacing-desktop py-block-padding-1-mobile xl:py-block-padding-1-desktop\">\n        <div class=\"lg:mx-auto flex flex-col gap-title-description-spacing-mobile lg:max-w-4xl text-center\">\n            <h1 class=\"text-h1 text-content-primary\">T\u00e9rminos y condiciones<\/h1>\n            <p class=\"text-body-1 max-w-4xl text-content-secondary mx-auto text-lg\/8\">\u00daltima actualizaci\u00f3n: 29 de agosto de 2025<\/p>\n        <\/div>\n    <\/div>\n<\/div>\n\n\n<div class=\"w-full flex justify-center\">\n    <div class=\"flex flex-col max-w-container w-full px-4 lg:px-[100px] gap-title-description-spacing-mobile sm:gap-title-description-spacing-desktop py-block-padding-0.5-mobile xl:py-block-padding-0.5-desktop lg:!py-[68px] lg:!px-[290px]\">\n        <div class=\"text-body-2 text-content-secondary\"><h3><b>T\u00e9rminos y Condiciones<\/b><\/h3>\n<p>Te recomendamos encarecidamente que leas atentamente nuestros t\u00e9rminos y condiciones antes de utilizar nuestro sitio web. Al utilizar nuestro sitio web wp-staging.amberscript.com, indicas que aceptas nuestros t\u00e9rminos y condiciones.<\/p>\n<h3><b>Nuestra plataforma y nuestros servicios<\/b><\/h3>\n<p>Amberscript ha desarrollado la plataforma Amberscript utilizando tecnolog\u00eda de inteligencia artificial para proporcionar servicios de transcripci\u00f3n, subt\u00edtulos y subtitulado traducido. Usamos algoritmos automatizados de voz a texto para generar transcripciones \/ subt\u00edtulos precisos y un servicio opcional para que nuestros transcriptores perfeccionen los textos. Nuestro sitio web funciona para proporcionar los siguientes servicios (a continuaci\u00f3n, <i>servicios<\/i>):<\/p>\n<ul>\n<li aria-level=\"1\">Carga de archivos de audio \/ video a nuestro sitio web.<\/li>\n<li aria-level=\"1\">Creaci\u00f3n autom\u00e1tica de transcripciones \/ subt\u00edtulos de los archivos de audio \/ video.<\/li>\n<li aria-level=\"1\">Vincular la transcripci\u00f3n al contenido de audio \/ video relevante.<\/li>\n<li aria-level=\"1\">Nuestro editor en l\u00ednea en app.wp-staging.amberscript.com te permite editar f\u00e1cilmente la transcripci\u00f3n relevante.<\/li>\n<li aria-level=\"1\">Acceso a servicios de transcripci\u00f3n manual realizados por una amplia red de transcriptores calificados.<\/li>\n<li aria-level=\"1\">Acceso a servicios de subt\u00edtulos \/ subt\u00edtulos manuales realizados por una gran red de subtituladores calificados.<\/li>\n<li aria-level=\"1\">Varias formas de exportar y compartir el contenido.<\/li>\n<\/ul>\n<p>Amberscript se reserva el derecho de revisar estos t\u00e9rminos de vez en cuando. Se recomienda a los usuarios de Amberscript que revisen los t\u00e9rminos de uso actuales, ya que la \u00faltima versi\u00f3n es vinculante.<\/p>\n<h3><b>Prueba Gratuita, Tarifas &amp; Suscripciones: Transcripci\u00f3n Autom\u00e1tica \/ Subt\u00edtulos<\/b><\/h3>\n<p>Amberscript ofrece a los nuevos clientes una prueba gratuita de transcripci\u00f3n \/ subt\u00edtulos autom\u00e1ticos. Si eres un usuario nuevo que se registra en la Plataforma Amberscript por primera vez, se agregar\u00e1n 00:10:00 minutos de cr\u00e9ditos a tu cuenta. Tu cuenta tambi\u00e9n incluye un video de demostraci\u00f3n que explica nuestra herramienta. Estos cr\u00e9ditos se pueden usar para transcripciones \/ subt\u00edtulos autom\u00e1ticos para un archivo de audio \/ video que no exceda los minutos de cr\u00e9ditos en su cuenta (es decir, los minutos 00:10:00). No es necesario que introduzcas tus datos de pago para disfrutar de la prueba gratuita. Ten en cuenta que una vez superes los 00:10:00 minutos de cr\u00e9ditos, la plataforma te solicitar\u00e1 tus datos de pago.<\/p>\n<p>Cuando finalices tu prueba gratuita de transcripci\u00f3n autom\u00e1tica \/ subt\u00edtulos, puedes elegir una de las siguientes opciones:<\/p>\n<ul>\n<li aria-level=\"1\"><b>Autom\u00e1tico por hora:<\/b> Compras cr\u00e9ditos por hora (es decir, 00:60:00 minutos de cr\u00e9dito) que se agregar\u00e1n directamente a tu cuenta. Esto te permite cargar archivos de audio \/ video en la plataforma Amberscript hasta que hayas usado todos los cr\u00e9ditos comprados. Los cr\u00e9ditos en tu cuenta son v\u00e1lidos durante 12 meses a partir del d\u00eda de la compra. Los cr\u00e9ditos no utilizados no ser\u00e1n reembolsados.<\/li>\n<li aria-level=\"1\"><strong>Suscripciones anuales y mensuales autom\u00e1ticas:<\/strong> Cuando se suscribe a nuestra suscripci\u00f3n autom\u00e1tica anual o mensual, se solicita un pago el d\u00eda exacto de la suscripci\u00f3n por cinco (5) horas de cr\u00e9dito. El mismo d\u00eda del mes siguiente se procesa el siguiente pago (es decir, si se suscribe el 15 de mayo, el segundo pago se procesa el 15 de junio). Si no utiliza las cinco (5) horas de cr\u00e9dito en un mes concreto, no se transferir\u00e1n al mes siguiente en su cuenta. Si utiliza m\u00e1s de las cinco (5) horas de cr\u00e9ditos en un mes concreto, puede seguir subiendo archivos, pero recibir\u00e1 una factura adicional por los cr\u00e9ditos gastados adem\u00e1s de las cinco (5) horas al final del mes. Las horas adicionales compradas, adem\u00e1s de las cinco (5) horas, se transferir\u00e1n al mes siguiente en caso de que no se utilicen todas. El plazo m\u00ednimo para contratar nuestro abono mensual autom\u00e1tico es de dos (2) meses y para el abono anual de doce (12) meses.<\/li>\n<\/ul>\n<p><span data-sheets-value=\"{&quot;1&quot;:2,&quot;2&quot;:&quot;Todos los derechos de licencia pagables for el Licenciatario en virtud de este acuerdo por el uso de los sistemas de Amberscript est\u00e1n sujetos a un incremento del cinco por ciento (5%) anual o del IPC, seg\u00fan lo publicado en el Wall Street Journal, lo que sea mayor.&quot;}\" data-sheets-userformat=\"{&quot;2&quot;:771,&quot;3&quot;:{&quot;1&quot;:0},&quot;4&quot;:{&quot;1&quot;:2,&quot;2&quot;:16773836},&quot;11&quot;:4,&quot;12&quot;:0}\">Todos los derechos de licencia pagables por el Licenciatario en virtud de este acuerdo por el uso de los sistemas de Amberscript est\u00e1n sujetos a un incremento del cinco por ciento (5%) anual o del IPC, seg\u00fan lo publicado en el Wall Street Journal, lo que sea mayor.<\/span><\/p>\n<p>Puedes encontrar una descripci\u00f3n general de todas las tarifas de servicios de Amberscript <a href=\"https:\/\/wp-staging.amberscript.com\/es\/precios\/\">aqu\u00ed.<\/a><\/p>\n<h3><b>Cuentas duplicadas<\/b><\/h3>\n<p>Cada usuario puede tener una (1) cuenta activa de Amberscript. Amberscript se reserva el derecho a rechazar la creaci\u00f3n de cuentas duplicadas para el mismo usuario. En caso de que se detecten cuentas duplicadas, tenemos el derecho de desactivar estas cuentas duplicadas sin notificaci\u00f3n.<\/p>\n<h3><b>Tarifas &amp; Plazos de Entrega: Transcripci\u00f3n Manual \/ Subt\u00edtulos<\/b><\/h3>\n<p>Junto a nuestros servicios autom\u00e1ticos, Amberscript ofrece un servicio de transcripciones \/ subt\u00edtulos manuales. Esto lo realiza una gran red de transcriptores y traductores calificados, que corrigen la transcripci\u00f3n generada autom\u00e1ticamente de acuerdo con las pautas de transcripci\u00f3n de Amberscript y de acuerdo con los est\u00e1ndares de\u00a0 <a href=\"https:\/\/wp-staging.amberscript.com\/es\/blog\/transcripcion-natural-vs-literal\/\">Transcripci\u00f3n Natural o Literal<\/a>. Nuestros oficiales de control de calidad interna verifican la transcripci\u00f3n antes de entregarla al cliente. Por este servicio, paga por minuto transcrito \/ subtitulado.<\/p>\n<p><span data-sheets-value=\"{&quot;1&quot;:2,&quot;2&quot;:&quot;Todos los derechos de licencia pagables for el Licenciatario en virtud de este acuerdo por el uso de los sistemas de Amberscript est\u00e1n sujetos a un incremento del cinco por ciento (5%) anual o del IPC, seg\u00fan lo publicado en el Wall Street Journal, lo que sea mayor.&quot;}\" data-sheets-userformat=\"{&quot;2&quot;:771,&quot;3&quot;:{&quot;1&quot;:0},&quot;4&quot;:{&quot;1&quot;:2,&quot;2&quot;:16773836},&quot;11&quot;:4,&quot;12&quot;:0}\">Todos los derechos de licencia pagables por el Licenciatario en virtud de este acuerdo por el uso de los sistemas de Amberscript est\u00e1n sujetos a un incremento del cinco por ciento (5%) anual o del IPC, seg\u00fan lo publicado en el Wall Street Journal, lo que sea mayor.<\/span><\/p>\n<p>Amberscript se compromete a entregar los archivos dentro de los tres (3) a cinco (5) d\u00edas h\u00e1biles * posteriores a la carga del archivo. Los d\u00edas h\u00e1biles son los lunes, martes, mi\u00e9rcoles, jueves y viernes, a excepci\u00f3n de los feriados nacionales holandeses. Si el archivo se carga en la plataforma Amberscript antes de las 16:00 CET, Amberscript considerar\u00e1 que se carga ese d\u00eda h\u00e1bil. En caso de que un archivo se cargue despu\u00e9s de las 16:00 CET de un d\u00eda determinado, el siguiente d\u00eda h\u00e1bil se considera la fecha de carga (por ejemplo, si un archivo se carga el lunes antes de las 16:00 CET, el archivo estar\u00e1 listo a m\u00e1s tardar el el lunes siguiente a las 16:00 CET).<\/p>\n<p>Puedes encontrar una descripci\u00f3n general de todas las tarifas de los servicios de Amberscript <a href=\"https:\/\/wp-staging.amberscript.com\/es\/precios\/\">aqu\u00ed<\/a>.<\/p>\n<p><i>* Amberscript se reserva el derecho de extender el tiempo de entrega en caso de que un cliente cargue m\u00e1s de diez (10) horas de audio \/ video a la vez.<\/i><\/p>\n<h3><b>Politica de reembolso<\/b><\/h3>\n<p>Para asegurarnos de que nuestros clientes est\u00e9n familiarizados con nuestro producto y su calidad, ofrecemos una prueba gratuita de 10 minutos de nuestro software para transcripciones \/ subt\u00edtulos autom\u00e1ticos. Por lo tanto, no ofrecemos reembolsos basados en el nivel de satisfacci\u00f3n con la calidad del producto final. En caso de que se produzca un error t\u00e9cnico, Amberscript har\u00e1 todo lo posible para resolver el problema o compensar el tiempo de transcripci\u00f3n perdido.<\/p>\n<p>En el caso de una suscripci\u00f3n mensual autom\u00e1tica, el plazo m\u00ednimo de esta suscripci\u00f3n es de dos meses. Por lo tanto, incluso si cancelas tu suscripci\u00f3n despu\u00e9s de un mes, siempre se facturar\u00e1 por dos meses. Por lo tanto, Amberscript no puede ofrecer un reembolso por el segundo mes en caso de que hayas cancelado tu suscripci\u00f3n en el primer mes o en caso de que hayas olvidado cancelar tu suscripci\u00f3n.<\/p>\n<p><span data-sheets-value=\"{&quot;1&quot;:2,&quot;2&quot;:&quot;Para transcripciones manuales y subt\u00edtulos (traducidos), nuestros profesionales independientes corregir\u00e1n las transcripciones generadas autom\u00e1ticamente de acuerdo con los lineamientos y est\u00e1ndares de Amberscript. Nuestros ejecutivos de control de calidad evaluar\u00e1n la calidad del trabajo antes de entreg\u00e1rselo al cliente. Si considera que la transcripci\u00f3n o los subt\u00edtulos (traducidos) no alcanzan el nivel de precisi\u00f3n grarantizado, puede contactarse dentro de los cinco (5) d\u00edas laborables luego de haber recibido la transcripci\u00f3n o los subt\u00edtulos (traducidos). En este caso, Amberscript realizar\u00e1 una revisi\u00f3n del trabajo dentro de los dos (2) d\u00edas laborables para mejorar la calidad. En los casos excepcionales donde, luego de este proceso, la calidad de una transcripci\u00f3n y\/o subt\u00edtulos (traducidos) todav\u00eda no sea la esperada, Amberscript evaluar\u00e1 reembolsar, considerando cada caso individualmente, luego de comunicarse con el cliente. &quot;}\" data-sheets-userformat=\"{&quot;2&quot;:769,&quot;3&quot;:{&quot;1&quot;:0},&quot;11&quot;:4,&quot;12&quot;:0}\">Para transcripciones manuales y subt\u00edtulos (traducidos), nuestros profesionales independientes corregir\u00e1n las transcripciones generadas autom\u00e1ticamente de acuerdo con los lineamientos y est\u00e1ndares de Amberscript. Nuestros ejecutivos de control de calidad evaluar\u00e1n la calidad del trabajo antes de entreg\u00e1rselo al cliente. Si considera que la transcripci\u00f3n o los subt\u00edtulos (traducidos) no alcanzan el nivel de precisi\u00f3n garantizado, puede contactarse dentro de los cinco (5) d\u00edas laborables luego de haber recibido la transcripci\u00f3n o los subt\u00edtulos (traducidos). En este caso, Amberscript realizar\u00e1 una revisi\u00f3n del trabajo dentro de los cinco (5) d\u00edas laborables para mejorar la calidad. En los casos excepcionales donde, luego de este proceso, la calidad de una transcripci\u00f3n y\/o subt\u00edtulos (traducidos) todav\u00eda no sea la esperada, Amberscript evaluar\u00e1 reembolsar, considerando cada caso individualmente, luego de comunicarse con el cliente. <\/span><\/p>\n<p><span data-sheets-value=\"{&quot;1&quot;:2,&quot;2&quot;:&quot;Tenga en cuenta que el 99% de precisi\u00f3n es garantizada para audios de buena\/alta calidad, dado que una buena\/alta calidad del audio es un requerimiento imprescindible para una transcripci\u00f3n y subtitulado (traducido) preciso. Para archivos de audio de baja calidad, la precisi\u00f3n no puede ser garantizada. La calidad del audio es a discresi\u00f3n de Amberscript.&quot;}\" data-sheets-userformat=\"{&quot;2&quot;:769,&quot;3&quot;:{&quot;1&quot;:0},&quot;11&quot;:4,&quot;12&quot;:0}\">Tenga en cuenta que el 99% de precisi\u00f3n es garantizada para audios de buena\/alta calidad, dado que una buena\/alta calidad del audio es un requerimiento imprescindible para una transcripci\u00f3n y subtitulado (traducido) preciso. Para archivos de audio de baja calidad, la precisi\u00f3n no puede ser garantizada. La calidad del audio es a discresi\u00f3n de Amberscript.<\/span><\/p>\n<h3><b>Contenido del sitio web<\/b><\/h3>\n<p>Todo el contenido del sitio web de Amberscript est\u00e1 protegido por derechos de autor y otros derechos de propiedad intelectual. No se permite copiar ni licenciar ning\u00fan contenido del sitio web de Amberscript sin el permiso por escrito de Amberscript.<\/p>\n<h3><b>Acuerdo de servicio<\/b><\/h3>\n<ol>\n<li aria-level=\"1\">Amberscript tiene como objetivo estar en pleno funcionamiento las 24 horas del d\u00eda. Sin embargo, si por alguna raz\u00f3n el sitio web no est\u00e1 disponible, la empresa no se hace responsable.<\/li>\n<li aria-level=\"1\">Al registrarse para nuestros servicios, los clientes deben elegir una contrase\u00f1a. Los usuarios son responsables de mantener la confidencialidad de su contrase\u00f1a.<\/li>\n<\/ol>\n<ol>\n<li aria-level=\"1\">El servicio de atenci\u00f3n al cliente de Amberscript est\u00e1 disponible durante el horario comercial (09:00 a 18:00 CET) en d\u00edas h\u00e1biles (de lunes a viernes) por tel\u00e9fono o correo electr\u00f3nico.<\/li>\n<\/ol>\n<p>Para nuestro servicio autom\u00e1tico de transcripci\u00f3n \/ subt\u00edtulos, Amberscript entregar\u00e1 transcripciones editables de los archivos de audio \/ multimedia dentro de dos (2) horas el 95% de las veces cuando se cumplan los siguientes criterios:<\/p>\n<ul>\n<li aria-level=\"1\">Los archivos multimedia o de audio cargados no superen los 4 GB.<\/li>\n<li aria-level=\"1\">No se carguen m\u00e1s de diez (10) archivos simult\u00e1neamente.<\/li>\n<li aria-level=\"1\">El archivo no tenga m\u00e1s de dos (2) horas de duraci\u00f3n.<\/li>\n<\/ul>\n<p>En el caso de los siguientes eventos raros, Amberscript no est\u00e1 sujeto al acuerdo de servicio con respecto al tiempo de edici\u00f3n:<\/p>\n<ul>\n<li aria-level=\"1\">Inactividad programada.<\/li>\n<li aria-level=\"1\">Eventos fuera de lo razonable.<\/li>\n<\/ul>\n<p>Si Amberscript no cumple con el tiempo de edici\u00f3n y ninguna de las raras circunstancias es aplicable, los usuarios recibir\u00e1n un cup\u00f3n para la transcripci\u00f3n autom\u00e1tica de una (1) hora de audio (es decir, 00:60:00 cr\u00e9ditos).<\/p>\n<p>Amberscript no tiene ninguna obligaci\u00f3n de obtener un resultado con sus usuarios. La calidad de las transcripciones depende en gran medida de la calidad del audio. Ruido (s) de fondo, micr\u00f3fonos de baja calidad, calidad de grabaci\u00f3n baja \/ mala, acentos fuertes y, por ejemplo, las personas que hablan simult\u00e1neamente pueden reducir la calidad de la transcripci\u00f3n. Los propios usuarios son responsables de probar la calidad de la transcripci\u00f3n para comprender los resultados esperados. Amberscript nunca da reembolsos debido a una calidad de transcripci\u00f3n decepcionante. La calidad del audio queda a discreci\u00f3n de Amberscript.<\/p>\n<h3><b>Pol\u00edtica de Privacidad<\/b><\/h3>\n<p>Amberscript se toma muy en serio la privacidad de sus clientes, por eso ha implementado una serie de medidas para garantizar su cumplimiento. Para obtener m\u00e1s informaci\u00f3n sobre c\u00f3mo Amberscript protege tu informaci\u00f3n personal, consulta nuestra pol\u00edtica de privacidad <a href=\"https:\/\/wp-staging.amberscript.com\/es\/politica-de-privacidad\/\">aqu\u00ed<\/a>.<\/p>\n<h3><b>Tu contenido<\/b><\/h3>\n<p>Los usuarios no pueden cargar archivos del siguiente tipo:<\/p>\n<ul>\n<li aria-level=\"1\">Archivos que contienen informaci\u00f3n personal de otra persona sin el consentimiento por escrito de dicha persona.<\/li>\n<li aria-level=\"1\">Archivos que contienen informaci\u00f3n que fomenta una conducta que puede considerarse un delito.<\/li>\n<\/ul>\n<ul>\n<li aria-level=\"1\">Archivos que el usuario carga sin derecho a usar esos archivos (por ejemplo, material con derechos de autor).<\/li>\n<li aria-level=\"1\">Archivos que son t\u00e9cnicamente da\u00f1inos para nosotros o servicios de terceros.<\/li>\n<\/ul>\n<p>Amberscript se reserva el derecho de no aceptar archivos o negarse a transcribir cualquier material enviado que contravenga los t\u00e9rminos que se enumeran anteriormente.<\/p>\n<h3><strong>La Pol\u00edtica de Uso Justo (FUP)<\/strong><\/h3>\n<p>La Pol\u00edtica de Uso Justo (FUP) tiene como objetivo prevenir el uso injustificado de los servicios de traducci\u00f3n autom\u00e1ticos.<\/p>\n<p>Amberscript considerar\u00e1 que su uso de los servicios autom\u00e1ticos de traducci\u00f3n es excesivo y\/o irrazonable si excede significativamente el rango de patrones de uso previstos o si es susceptible de perjudicar o afectar su buen funcionamiento.<\/p>\n<p>Amberscript se reserva los derechos de restringir, suspender o terminar su acceso a los servicios de transcripci\u00f3n autom\u00e1ticos inmediatamente y sin justificaci\u00f3n si su uso excesivo o irrazonable persiste a pesar de nuestros requerimientos de interrumpir o cambiar la naturaleza de tal uso.<\/p>\n<h3><strong>Utilizaci\u00f3n de los Firmas distintivas del Cliente, as\u00ed como la referencia al Cliente.<\/strong><\/h3>\n<ul>\n<li>El Proveedor recibir\u00e1 el derecho intransferible, geogr\u00e1ficamente ilimitado y no exclusivo de utilizar las marcas, el nombre de la empresa y los logotipos del Cliente y de los Terceros Autorizados (en lo sucesivo denominados colectivamente \u00abSignos\u00bb). Este derecho de uso de los R\u00f3tulos se limita a su utilizaci\u00f3n en relaci\u00f3n con la ejecuci\u00f3n de los servicios contractuales en virtud de los Contratos de Servicios y dura hasta la finalizaci\u00f3n de los correspondientes Contratos de Servicios. Al utilizar los Signos, el Proveedor debe cumplir los requisitos del Cliente.<\/li>\n<li>Mientras contin\u00fae la relaci\u00f3n contractual entre el Proveedor y el Cliente, el Proveedor est\u00e1 autorizado a mencionar al Cliente y a los Terceros Autorizados como referencias (por ejemplo, en el sitio web del Proveedor, en sus documentos publicitarios, etc.) y a utilizar los Signos para este fin. No es necesario destruir la documentaci\u00f3n, los documentos, etc., que ya se hayan impreso una vez finalizada la relaci\u00f3n contractual.<\/li>\n<li>Si un tercero emprende acciones legales contra el Proveedor (o sus Subcontratistas) bas\u00e1ndose en el uso de los Signos por parte del Proveedor (o sus Subcontratistas), el Cliente indemnizar\u00e1 \u00edntegramente al Proveedor por las reclamaciones de terceros (incluyendo la asunci\u00f3n de los costes de los procedimientos legales y los costes razonables de representaci\u00f3n).<\/li>\n<li>El Proveedor eliminar\u00e1 todos los Signos del Cliente de su sitio web y documentos de marketing en un plazo de siete d\u00edas laborables si el Cliente as\u00ed se lo solicita al Proveedor por escrito (por carta, correo electr\u00f3nico, etc.).<\/li>\n<\/ul>\n<\/div>\n    <\/div>\n<\/div>\n\n\n<section class=\"w-full flex justify-center\">\n    <div class=\"flex flex-col max-w-container w-full px-4 lg:px-[100px] gap-title-description-spacing-mobile sm:gap-title-description-spacing-desktop py-block-padding-1-mobile xl:py-block-padding-1-desktop\">\n        <div class=\"flex flex-col p-6 w-full gap-title-description-spacing-mobile sm:gap-title-description-spacing-desktop bg-surface-elevated shadow-sm active:outline active:outline-1 active:outline-offset-4 active:outline-blue-500 rounded-lg overflow-hidden border-and-shadow\">\n            <h5 class=\"text-h5 text-content-primary !mt-0\">Descargo de responsabilidad<\/h5>\n            <p class=\"text-body-2 text-content-secondary whitespace-pre-line\"><p>Por razones de coherencia, Amberscript emite sus T\u00e9rminos y Condiciones Generales, Declaraci\u00f3n de privacidad y otros documentos legales en ingl\u00e9s. Si bien ofrecemos traducciones para estas declaraciones, consulte siempre la versi\u00f3n en ingl\u00e9s de los documentos en caso de que haya alguna falta de claridad.<\/p>\n<p>Las versiones originales se pueden encontrar aqu\u00ed:<\/p>\n<ul>\n<li aria-level=\"1\"><a href=\"https:\/\/wp-staging.amberscript.com\/en\/terms-and-conditions\/\">T\u00e9rminos y Condiciones\u00a0<\/a><\/li>\n<li aria-level=\"1\"><a href=\"&quot;https:\/\/wp-staging.amberscript.com\/en\/privacy-policy\/u0022\">Declaracion de Privacidad<\/a><\/li>\n<\/ul>\n<\/p>\n                                                <a href=\"\/es\/contactenos\/\" target=\"_self\" class=\"cursor-pointer group border-inline text-body-2 border-box h-12 inline-flex justify-center items-center gap-1 rounded px-5 py-3 text-button shadow-xs no-underline bg-accent hover:bg-accent-hover active:bg-accent-active border-accent hover:border-accent-hover text-white border-solid border-2 w-full sm:w-fit\">\u00bfPreguntas? Cont\u00e1ctanos<\/a>                                    <\/div>\n    <\/div>\n<\/section>\n","protected":false},"excerpt":{"rendered":"","protected":false},"author":70,"featured_media":0,"parent":0,"menu_order":0,"comment_status":"closed","ping_status":"closed","template":"page-redesign.php","meta":{"_acf_changed":true,"inline_featured_image":false,"footnotes":""},"class_list":["post-31857","page","type-page","status-publish","hentry"],"acf":{"show_footer":true,"header_dark_mode":false},"_links":{"self":[{"href":"https:\/\/wp-staging.amberscript.com\/es\/wp-json\/wp\/v2\/pages\/31857","targetHints":{"allow":["GET"]}}],"collection":[{"href":"https:\/\/wp-staging.amberscript.com\/es\/wp-json\/wp\/v2\/pages"}],"about":[{"href":"https:\/\/wp-staging.amberscript.com\/es\/wp-json\/wp\/v2\/types\/page"}],"author":[{"embeddable":true,"href":"https:\/\/wp-staging.amberscript.com\/es\/wp-json\/wp\/v2\/users\/70"}],"replies":[{"embeddable":true,"href":"https:\/\/wp-staging.amberscript.com\/es\/wp-json\/wp\/v2\/comments?post=31857"}],"version-history":[{"count":0,"href":"https:\/\/wp-staging.amberscript.com\/es\/wp-json\/wp\/v2\/pages\/31857\/revisions"}],"wp:attachment":[{"href":"https:\/\/wp-staging.amberscript.com\/es\/wp-json\/wp\/v2\/media?parent=31857"}],"curies":[{"name":"wp","href":"https:\/\/api.w.org\/{rel}","templated":true}]}}