{"id":104748,"date":"2026-01-05T21:59:32","date_gmt":"2026-01-05T20:59:32","guid":{"rendered":"https:\/\/wp-staging.amberscript.com\/?page_id=104748"},"modified":"2026-01-06T14:12:39","modified_gmt":"2026-01-06T13:12:39","slug":"resources","status":"publish","type":"page","link":"https:\/\/wp-staging.amberscript.com\/es\/resources\/","title":{"rendered":"Resources"},"content":{"rendered":"<div class=\"w-full flex justify-center\">\n    <div class=\"flex flex-col max-w-container w-full px-4 lg:px-[100px] gap-title-description-spacing-mobile sm:gap-title-description-spacing-desktop py-block-padding-1-mobile xl:py-block-padding-1-desktop\">\n        <h2 class=\"text-h1 text-center\">Base de conocimiento<\/h2>\n        <div class=\"grid mx-auto grid-cols-1 xl:grid-cols-2 gap-5 items-stretch\">\n                            <a href=\"\/es\/blog\/\" target=\"_self\"  class=\"h-full cursor-pointer group py-6 px-8 flex flex-col gap-3 overflow-hidden rounded-lg hover:bg-primary shadow-sm active:outline active:outline-1 active:outline-offset-4 active:outline-blue-500 border-and-shadow bg-surface-elevated\">\n                    <div>\n                        <img decoding=\"async\" src=\"\/wp-content\/themes\/amberscript\/assets\/illustrations\/default\/legal.svg\" class=\"block group-hover:hidden\" alt=\"Illustration\"\/>\n                        <img decoding=\"async\" src=\"\/wp-content\/themes\/amberscript\/assets\/illustrations\/hover\/legal.svg\" class=\"hidden group-hover:block\" alt=\"Illustration\"\/>\n                    <\/div>\n                    <div class=\"flex flex-col grow gap-3\">\n                        <h2 class=\"my-0 text-h5 group-hover:text-white\">Blog<\/h2>\n                        <p class=\"my-0 text-body-2 group-hover:text-white\">Gu\u00edas de explicaciones paso a paso para sectores y programas populares.<\/p>\n                    <\/div>\n                    <div class=\"flex justify-end items-center mt-3\">\n                        <svg class=\"size-8 group-hover:text-white\" width=\"24\" height=\"24\" viewBox=\"0 0 24 24\" fill=\"none\" xmlns=\"http:\/\/www.w3.org\/2000\/svg\">\n<path d=\"M15.2176 17.5174C14.9645 15.4097 14.8042 13.2092 15.4569 10.4862L7.31469 18.6284L5.38973 16.7034L13.5319 8.56125C10.8276 9.19539 8.59034 9.03549 6.48259 8.78242L6.78828 5.89799C9.86819 6.19587 13.0412 6.36428 16.6671 5.35344L18.6647 7.35105C17.6539 10.9769 17.8042 14.1319 18.102 17.2117L15.2176 17.5174Z\" fill=\"currentColor\"\/>\n<\/svg>                    <\/div>\n                <\/a>\n                            <a href=\"\/es\/estudios-de-caso\/\" target=\"_self\"  class=\"h-full cursor-pointer group py-6 px-8 flex flex-col gap-3 overflow-hidden rounded-lg hover:bg-primary shadow-sm active:outline active:outline-1 active:outline-offset-4 active:outline-blue-500 border-and-shadow bg-surface-elevated\">\n                    <div>\n                        <img decoding=\"async\" src=\"\/wp-content\/themes\/amberscript\/assets\/illustrations\/default\/guidelines.svg\" class=\"block group-hover:hidden\" alt=\"Illustration\"\/>\n                        <img decoding=\"async\" src=\"\/wp-content\/themes\/amberscript\/assets\/illustrations\/hover\/guidelines.svg\" class=\"hidden group-hover:block\" alt=\"Illustration\"\/>\n                    <\/div>\n                    <div class=\"flex flex-col grow gap-3\">\n                        <h2 class=\"my-0 text-h5 group-hover:text-white\">Estudios de caso<\/h2>\n                        <p class=\"my-0 text-body-2 group-hover:text-white\">Mantente informado con art\u00edculos, cursos, libros electr\u00f3nicos y mucho m\u00e1s.<\/p>\n                    <\/div>\n                    <div class=\"flex justify-end items-center mt-3\">\n                        <svg class=\"size-8 group-hover:text-white\" width=\"24\" height=\"24\" viewBox=\"0 0 24 24\" fill=\"none\" xmlns=\"http:\/\/www.w3.org\/2000\/svg\">\n<path d=\"M15.2176 17.5174C14.9645 15.4097 14.8042 13.2092 15.4569 10.4862L7.31469 18.6284L5.38973 16.7034L13.5319 8.56125C10.8276 9.19539 8.59034 9.03549 6.48259 8.78242L6.78828 5.89799C9.86819 6.19587 13.0412 6.36428 16.6671 5.35344L18.6647 7.35105C17.6539 10.9769 17.8042 14.1319 18.102 17.2117L15.2176 17.5174Z\" fill=\"currentColor\"\/>\n<\/svg>                    <\/div>\n                <\/a>\n                            <a href=\"https:\/\/helpdesk.amberscript.com\/es\" target=\"_blank\" rel=\"noopener noreferrer\" class=\"h-full cursor-pointer group py-6 px-8 flex flex-col gap-3 overflow-hidden rounded-lg hover:bg-primary shadow-sm active:outline active:outline-1 active:outline-offset-4 active:outline-blue-500 border-and-shadow bg-surface-elevated\">\n                    <div>\n                        <img decoding=\"async\" src=\"\/wp-content\/themes\/amberscript\/assets\/illustrations\/default\/questions.svg\" class=\"block group-hover:hidden\" alt=\"Illustration\"\/>\n                        <img decoding=\"async\" src=\"\/wp-content\/themes\/amberscript\/assets\/illustrations\/hover\/questions.svg\" class=\"hidden group-hover:block\" alt=\"Illustration\"\/>\n                    <\/div>\n                    <div class=\"flex flex-col grow gap-3\">\n                        <h2 class=\"my-0 text-h5 group-hover:text-white\">Servicio de asistencia<\/h2>\n                        <p class=\"my-0 text-body-2 group-hover:text-white\">\u00bfTienes alguna pregunta? Lee nuestras gu\u00edas pr\u00e1cticas o ponte en contacto con nuestro equipo.<\/p>\n                    <\/div>\n                    <div class=\"flex justify-end items-center mt-3\">\n                        <svg class=\"size-8 group-hover:text-white\" width=\"24\" height=\"24\" viewBox=\"0 0 24 24\" fill=\"none\" xmlns=\"http:\/\/www.w3.org\/2000\/svg\">\n<path d=\"M15.2176 17.5174C14.9645 15.4097 14.8042 13.2092 15.4569 10.4862L7.31469 18.6284L5.38973 16.7034L13.5319 8.56125C10.8276 9.19539 8.59034 9.03549 6.48259 8.78242L6.78828 5.89799C9.86819 6.19587 13.0412 6.36428 16.6671 5.35344L18.6647 7.35105C17.6539 10.9769 17.8042 14.1319 18.102 17.2117L15.2176 17.5174Z\" fill=\"currentColor\"\/>\n<\/svg>                    <\/div>\n                <\/a>\n                            <a href=\"\/es\/formatos-de-audio-video-a-texto\/\" target=\"_self\"  class=\"h-full cursor-pointer group py-6 px-8 flex flex-col gap-3 overflow-hidden rounded-lg hover:bg-primary shadow-sm active:outline active:outline-1 active:outline-offset-4 active:outline-blue-500 border-and-shadow bg-surface-elevated\">\n                    <div>\n                        <img decoding=\"async\" src=\"\/wp-content\/themes\/amberscript\/assets\/illustrations\/default\/media.svg\" class=\"block group-hover:hidden\" alt=\"Illustration\"\/>\n                        <img decoding=\"async\" src=\"\/wp-content\/themes\/amberscript\/assets\/illustrations\/hover\/media.svg\" class=\"hidden group-hover:block\" alt=\"Illustration\"\/>\n                    <\/div>\n                    <div class=\"flex flex-col grow gap-3\">\n                        <h2 class=\"my-0 text-h5 group-hover:text-white\">Formatos de archivo<\/h2>\n                        <p class=\"my-0 text-body-2 group-hover:text-white\">Formatos de archivo compatibles para subt\u00edtulos y transcripciones.<\/p>\n                    <\/div>\n                    <div class=\"flex justify-end items-center mt-3\">\n                        <svg class=\"size-8 group-hover:text-white\" width=\"24\" height=\"24\" viewBox=\"0 0 24 24\" fill=\"none\" xmlns=\"http:\/\/www.w3.org\/2000\/svg\">\n<path d=\"M15.2176 17.5174C14.9645 15.4097 14.8042 13.2092 15.4569 10.4862L7.31469 18.6284L5.38973 16.7034L13.5319 8.56125C10.8276 9.19539 8.59034 9.03549 6.48259 8.78242L6.78828 5.89799C9.86819 6.19587 13.0412 6.36428 16.6671 5.35344L18.6647 7.35105C17.6539 10.9769 17.8042 14.1319 18.102 17.2117L15.2176 17.5174Z\" fill=\"currentColor\"\/>\n<\/svg>                    <\/div>\n                <\/a>\n                            <a href=\"\/es\/herramienta-wer\/\" target=\"_self\"  class=\"h-full cursor-pointer group py-6 px-8 flex flex-col gap-3 overflow-hidden rounded-lg hover:bg-primary shadow-sm active:outline active:outline-1 active:outline-offset-4 active:outline-blue-500 border-and-shadow bg-surface-elevated\">\n                    <div>\n                        <img decoding=\"async\" src=\"\/wp-content\/themes\/amberscript\/assets\/illustrations\/default\/media.svg\" class=\"block group-hover:hidden\" alt=\"Illustration\"\/>\n                        <img decoding=\"async\" src=\"\/wp-content\/themes\/amberscript\/assets\/illustrations\/hover\/media.svg\" class=\"hidden group-hover:block\" alt=\"Illustration\"\/>\n                    <\/div>\n                    <div class=\"flex flex-col grow gap-3\">\n                        <h2 class=\"my-0 text-h5 group-hover:text-white\">Herramienta WER<\/h2>\n                        <p class=\"my-0 text-body-2 group-hover:text-white\">Comprueba la precisi\u00f3n de las transcripciones generadas autom\u00e1ticamente.<\/p>\n                    <\/div>\n                    <div class=\"flex justify-end items-center mt-3\">\n                        <svg class=\"size-8 group-hover:text-white\" width=\"24\" height=\"24\" viewBox=\"0 0 24 24\" fill=\"none\" xmlns=\"http:\/\/www.w3.org\/2000\/svg\">\n<path d=\"M15.2176 17.5174C14.9645 15.4097 14.8042 13.2092 15.4569 10.4862L7.31469 18.6284L5.38973 16.7034L13.5319 8.56125C10.8276 9.19539 8.59034 9.03549 6.48259 8.78242L6.78828 5.89799C9.86819 6.19587 13.0412 6.36428 16.6671 5.35344L18.6647 7.35105C17.6539 10.9769 17.8042 14.1319 18.102 17.2117L15.2176 17.5174Z\" fill=\"currentColor\"\/>\n<\/svg>                    <\/div>\n                <\/a>\n                            <a href=\"https:\/\/helpdesk.amberscript.com\/es\/privacidad-y-seguridad\" target=\"_blank\" rel=\"noopener noreferrer\" class=\"h-full cursor-pointer group py-6 px-8 flex flex-col gap-3 overflow-hidden rounded-lg hover:bg-primary shadow-sm active:outline active:outline-1 active:outline-offset-4 active:outline-blue-500 border-and-shadow bg-surface-elevated\">\n                    <div>\n                        <img decoding=\"async\" src=\"\/wp-content\/themes\/amberscript\/assets\/illustrations\/default\/reliable.svg\" class=\"block group-hover:hidden\" alt=\"Illustration\"\/>\n                        <img decoding=\"async\" src=\"\/wp-content\/themes\/amberscript\/assets\/illustrations\/hover\/reliable.svg\" class=\"hidden group-hover:block\" alt=\"Illustration\"\/>\n                    <\/div>\n                    <div class=\"flex flex-col grow gap-3\">\n                        <h2 class=\"my-0 text-h5 group-hover:text-white\">Seguridad<\/h2>\n                        <p class=\"my-0 text-body-2 group-hover:text-white\">C\u00f3mo protegemos tus datos y tu privacidad.<\/p>\n                    <\/div>\n                    <div class=\"flex justify-end items-center mt-3\">\n                        <svg class=\"size-8 group-hover:text-white\" width=\"24\" height=\"24\" viewBox=\"0 0 24 24\" fill=\"none\" xmlns=\"http:\/\/www.w3.org\/2000\/svg\">\n<path d=\"M15.2176 17.5174C14.9645 15.4097 14.8042 13.2092 15.4569 10.4862L7.31469 18.6284L5.38973 16.7034L13.5319 8.56125C10.8276 9.19539 8.59034 9.03549 6.48259 8.78242L6.78828 5.89799C9.86819 6.19587 13.0412 6.36428 16.6671 5.35344L18.6647 7.35105C17.6539 10.9769 17.8042 14.1319 18.102 17.2117L15.2176 17.5174Z\" fill=\"currentColor\"\/>\n<\/svg>                    <\/div>\n                <\/a>\n                            <a href=\"\/es\/ebooks\/\" target=\"_self\"  class=\"h-full cursor-pointer group py-6 px-8 flex flex-col gap-3 overflow-hidden rounded-lg hover:bg-primary shadow-sm active:outline active:outline-1 active:outline-offset-4 active:outline-blue-500 border-and-shadow bg-surface-elevated\">\n                    <div>\n                        <img decoding=\"async\" src=\"\/wp-content\/themes\/amberscript\/assets\/illustrations\/default\/e-books.svg\" class=\"block group-hover:hidden\" alt=\"Illustration\"\/>\n                        <img decoding=\"async\" src=\"\/wp-content\/themes\/amberscript\/assets\/illustrations\/hover\/e-books.svg\" class=\"hidden group-hover:block\" alt=\"Illustration\"\/>\n                    <\/div>\n                    <div class=\"flex flex-col grow gap-3\">\n                        <h2 class=\"my-0 text-h5 group-hover:text-white\">eBooks<\/h2>\n                        <p class=\"my-0 text-body-2 group-hover:text-white\">Gu\u00edas y recursos sobre investigaci\u00f3n, entrevistas y varios temas.<\/p>\n                    <\/div>\n                    <div class=\"flex justify-end items-center mt-3\">\n                        <svg class=\"size-8 group-hover:text-white\" width=\"24\" height=\"24\" viewBox=\"0 0 24 24\" fill=\"none\" xmlns=\"http:\/\/www.w3.org\/2000\/svg\">\n<path d=\"M15.2176 17.5174C14.9645 15.4097 14.8042 13.2092 15.4569 10.4862L7.31469 18.6284L5.38973 16.7034L13.5319 8.56125C10.8276 9.19539 8.59034 9.03549 6.48259 8.78242L6.78828 5.89799C9.86819 6.19587 13.0412 6.36428 16.6671 5.35344L18.6647 7.35105C17.6539 10.9769 17.8042 14.1319 18.102 17.2117L15.2176 17.5174Z\" fill=\"currentColor\"\/>\n<\/svg>                    <\/div>\n                <\/a>\n                            <a href=\"\/es\/pagina-de-guias\/\" target=\"_self\"  class=\"h-full cursor-pointer group py-6 px-8 flex flex-col gap-3 overflow-hidden rounded-lg hover:bg-primary shadow-sm active:outline active:outline-1 active:outline-offset-4 active:outline-blue-500 border-and-shadow bg-surface-elevated\">\n                    <div>\n                        <img decoding=\"async\" src=\"\/wp-content\/themes\/amberscript\/assets\/illustrations\/default\/guidelines.svg\" class=\"block group-hover:hidden\" alt=\"Illustration\"\/>\n                        <img decoding=\"async\" src=\"\/wp-content\/themes\/amberscript\/assets\/illustrations\/hover\/guidelines.svg\" class=\"hidden group-hover:block\" alt=\"Illustration\"\/>\n                    <\/div>\n                    <div class=\"flex flex-col grow gap-3\">\n                        <h2 class=\"my-0 text-h5 group-hover:text-white\">P\u00e1gina de Gu\u00edas<\/h2>\n                        <p class=\"my-0 text-body-2 group-hover:text-white\">Aprende a usar nuestros servicios.<\/p>\n                    <\/div>\n                    <div class=\"flex justify-end items-center mt-3\">\n                        <svg class=\"size-8 group-hover:text-white\" width=\"24\" height=\"24\" viewBox=\"0 0 24 24\" fill=\"none\" xmlns=\"http:\/\/www.w3.org\/2000\/svg\">\n<path d=\"M15.2176 17.5174C14.9645 15.4097 14.8042 13.2092 15.4569 10.4862L7.31469 18.6284L5.38973 16.7034L13.5319 8.56125C10.8276 9.19539 8.59034 9.03549 6.48259 8.78242L6.78828 5.89799C9.86819 6.19587 13.0412 6.36428 16.6671 5.35344L18.6647 7.35105C17.6539 10.9769 17.8042 14.1319 18.102 17.2117L15.2176 17.5174Z\" fill=\"currentColor\"\/>\n<\/svg>                    <\/div>\n                <\/a>\n                    <\/div>\n    <\/div>\n<\/div>\n\n\n\n<p><\/p>\n","protected":false},"excerpt":{"rendered":"","protected":false},"author":70,"featured_media":0,"parent":0,"menu_order":0,"comment_status":"closed","ping_status":"closed","template":"page-redesign.php","meta":{"_acf_changed":true,"inline_featured_image":false,"footnotes":""},"class_list":["post-104748","page","type-page","status-publish","hentry"],"acf":{"show_footer":true,"header_dark_mode":false},"_links":{"self":[{"href":"https:\/\/wp-staging.amberscript.com\/es\/wp-json\/wp\/v2\/pages\/104748","targetHints":{"allow":["GET"]}}],"collection":[{"href":"https:\/\/wp-staging.amberscript.com\/es\/wp-json\/wp\/v2\/pages"}],"about":[{"href":"https:\/\/wp-staging.amberscript.com\/es\/wp-json\/wp\/v2\/types\/page"}],"author":[{"embeddable":true,"href":"https:\/\/wp-staging.amberscript.com\/es\/wp-json\/wp\/v2\/users\/70"}],"replies":[{"embeddable":true,"href":"https:\/\/wp-staging.amberscript.com\/es\/wp-json\/wp\/v2\/comments?post=104748"}],"version-history":[{"count":0,"href":"https:\/\/wp-staging.amberscript.com\/es\/wp-json\/wp\/v2\/pages\/104748\/revisions"}],"wp:attachment":[{"href":"https:\/\/wp-staging.amberscript.com\/es\/wp-json\/wp\/v2\/media?parent=104748"}],"curies":[{"name":"wp","href":"https:\/\/api.w.org\/{rel}","templated":true}]}}