{"id":72714,"date":"2023-02-02T16:59:50","date_gmt":"2023-02-02T15:59:50","guid":{"rendered":"https:\/\/wp-staging.amberscript.com\/?page_id=72714"},"modified":"2023-03-09T17:10:26","modified_gmt":"2023-03-09T16:10:26","slug":"empfehlung-an-amberscript","status":"publish","type":"page","link":"https:\/\/wp-staging.amberscript.com\/de\/blog\/empfehlung-an-amberscript\/","title":{"rendered":"Referral page | DE"},"content":{"rendered":"\n\n<!-- \/\/ small -->\n    <div class=\"block usps\">\n\t\t\t<div class=\"grid-container\">\n        <div class=\"grid-x grid-margin-x grid-margin-y  align-center\">\n\n            \n<div class=\"cell large-12 text-center\">\n  <div class=\"title-holder\">\n\n\n\n                    \n                                    <h2>Wie es funktioniert<\/h2>\n                      <\/div>           \n<\/div>\n\n                            \n\t\t\t\t\t\t\t<div class=\"cell small-6 large-4\">\n\t\t\t                        <div class=\"usp-item\"\n                                                     >\n                            <div class=\"grid-x grid-margin-x grid-margin-y align-middle\">\n                                                                    <div class=\"cell small-12 text-center justify-center\">\n                                        <div class=\"usp-icon theme-background-secondary \">\n                                                <img decoding=\"async\" src=\"https:\/\/wp-staging.amberscript.com\/wp-content\/uploads\/2021\/07\/automatic-transcription-icon.png\" alt=\"Automatic transcription icon\">\n                                        <\/div>\n                                    <\/div>\n                                                                \n                                <div class=\"cell auto\">\n                                    <div class=\"title theme-text-color-primary text-center \">Teilen Sie die gesch\u00e4ftliche E-Mail-Adresse Ihrer Freunde<\/div>\n                                <\/div>\n                                <div class=\"cell small-12 text-center\">\n                                    <p>F\u00fcllen Sie das untenstehende Formular aus und geben Sie die gesch\u00e4ftliche E-Mail-Adresse Ihrer Freund:innen an. Wir werden sie anschlie\u00dfend kontaktieren.<\/p>\n                                <\/div>\n                            <\/div>\n                        <\/div>\n                    <\/div>\n                \n\t\t\t\t\t\t\t<div class=\"cell small-6 large-4\">\n\t\t\t                        <div class=\"usp-item\"\n                                                     >\n                            <div class=\"grid-x grid-margin-x grid-margin-y align-middle\">\n                                                                    <div class=\"cell small-12 text-center justify-center\">\n                                        <div class=\"usp-icon theme-background-secondary \">\n                                                <img decoding=\"async\" src=\"https:\/\/wp-staging.amberscript.com\/wp-content\/uploads\/2021\/09\/innovation-icon.svg\" alt=\"Bulb with gears\">\n                                        <\/div>\n                                    <\/div>\n                                                                \n                                <div class=\"cell auto\">\n                                    <div class=\"title theme-text-color-primary text-center \">Sie erhalten einen Rabatt von 10%.<\/div>\n                                <\/div>\n                                <div class=\"cell small-12 text-center\">\n                                    <p>Wir gew\u00e4hren Ihren Referrals 10% Rabatt auf ihren ersten Einkauf, wenn sie Amberscript nutzen. <\/p>\n                                <\/div>\n                            <\/div>\n                        <\/div>\n                    <\/div>\n                \n\t\t\t\t\t\t\t<div class=\"cell small-6 large-4\">\n\t\t\t                        <div class=\"usp-item\"\n                                                     >\n                            <div class=\"grid-x grid-margin-x grid-margin-y align-middle\">\n                                                                    <div class=\"cell small-12 text-center justify-center\">\n                                        <div class=\"usp-icon theme-background-secondary \">\n                                                <img decoding=\"async\" src=\"https:\/\/wp-staging.amberscript.com\/wp-content\/uploads\/2021\/06\/employees-icon.png\" alt=\"Amberscript employees icon\">\n                                        <\/div>\n                                    <\/div>\n                                                                \n                                <div class=\"cell auto\">\n                                    <div class=\"title theme-text-color-primary text-center \">Sie erhalten denselben Betrag als Rabatt.<\/div>\n                                <\/div>\n                                <div class=\"cell small-12 text-center\">\n                                    <p>Wenn Ihr:e Freund:in Amberscript-Kund:in wird, erhalten Sie denselben Betrag als Rabatt auf Ihren n\u00e4chsten Einkauf. Eine Win-Win-Situation.<\/p>\n                                <\/div>\n                            <\/div>\n                        <\/div>\n                    <\/div>\n                                    <\/div>\n    <\/div>\n    \n \n    <div class=\"usps-slider hide-for-large\">\n        <div class=\"responsive-slider\">\n                                                <div class=\"carousel-cell usp-item\">\n                        <div class=\"grid-container\">\n                            <div class=\"grid-x align-center align-middle grid-margin-y grid-margin-x\">\n                                <div class=\"cell shrink\">\n                                <div class=\"usp-icon theme-background-secondary \">\n                                                                                    <img decoding=\"async\" src=\"https:\/\/wp-staging.amberscript.com\/wp-content\/uploads\/2021\/07\/automatic-transcription-icon.png\" alt=\"Automatic transcription icon\">\n                                                                            <\/div>\n                                <\/div>\n                                <div class=\"cell shrink\">\n                                    <div class=\"title theme-text-color-primary\">Teilen Sie die gesch\u00e4ftliche E-Mail-Adresse Ihrer Freunde<\/div>\n                                    <\/div>\n                                \n                                <div class=\"cell large-10 text-center\">\n                                    <p>F\u00fcllen Sie das untenstehende Formular aus und geben Sie die gesch\u00e4ftliche E-Mail-Adresse Ihrer Freund:innen an. Wir werden sie anschlie\u00dfend kontaktieren.<\/p>\n                                <\/div>\n                            <\/div>\n                        <\/div>\n                    <\/div>\n                                    <div class=\"carousel-cell usp-item\">\n                        <div class=\"grid-container\">\n                            <div class=\"grid-x align-center align-middle grid-margin-y grid-margin-x\">\n                                <div class=\"cell shrink\">\n                                <div class=\"usp-icon theme-background-secondary \">\n                                                                                    <img decoding=\"async\" src=\"https:\/\/wp-staging.amberscript.com\/wp-content\/uploads\/2021\/09\/innovation-icon.svg\" alt=\"Bulb with gears\">\n                                                                            <\/div>\n                                <\/div>\n                                <div class=\"cell shrink\">\n                                    <div class=\"title theme-text-color-primary\">Sie erhalten einen Rabatt von 10%.<\/div>\n                                    <\/div>\n                                \n                                <div class=\"cell large-10 text-center\">\n                                    <p>Wir gew\u00e4hren Ihren Referrals 10% Rabatt auf ihren ersten Einkauf, wenn sie Amberscript nutzen. <\/p>\n                                <\/div>\n                            <\/div>\n                        <\/div>\n                    <\/div>\n                                    <div class=\"carousel-cell usp-item\">\n                        <div class=\"grid-container\">\n                            <div class=\"grid-x align-center align-middle grid-margin-y grid-margin-x\">\n                                <div class=\"cell shrink\">\n                                <div class=\"usp-icon theme-background-secondary \">\n                                                                                    <img decoding=\"async\" src=\"https:\/\/wp-staging.amberscript.com\/wp-content\/uploads\/2021\/06\/employees-icon.png\" alt=\"Amberscript employees icon\">\n                                                                            <\/div>\n                                <\/div>\n                                <div class=\"cell shrink\">\n                                    <div class=\"title theme-text-color-primary\">Sie erhalten denselben Betrag als Rabatt.<\/div>\n                                    <\/div>\n                                \n                                <div class=\"cell large-10 text-center\">\n                                    <p>Wenn Ihr:e Freund:in Amberscript-Kund:in wird, erhalten Sie denselben Betrag als Rabatt auf Ihren n\u00e4chsten Einkauf. Eine Win-Win-Situation.<\/p>\n                                <\/div>\n                            <\/div>\n                        <\/div>\n                    <\/div>\n                                    <\/div>\n    <\/div>\n<\/div>\n\n\n\n\n\n\t\t\n\n\n<p class=\"has-text-align-center\"><strong>Zum Beispiel:<\/strong><\/p>\n\n\n\n<p class=\"has-text-align-center\"> Falls Ihr:e Freund:in Amberscript Produkte im Wert von 25.000\u20ac erwirbt, erh\u00e4lt sie einen Rabatt von 10%, also 2.500\u20ac. Anschlie\u00dfend erhalten Sie ebenfalls einen Rabatt von 2.500\u20ac.<\/p>\n\n\n<div class=\"block text-image\">\n\t<div class=\"grid-container\">\n      <div class=\"grid-x align-middle grid-margin-y grid-margin-x\">\n\t\t  \n\n        <div class=\"cell medium-6 large-5 medium-order-2 medium-offset-0 large-offset-1\t\">\t\t  \n\n                            <div class=\"image-holder text-center\">\n\n                                    <img decoding=\"async\" width=\"640\" height=\"426\" src=\"https:\/\/wp-staging.amberscript.com\/wp-content\/uploads\/2022\/02\/Referral-pic-640x426.jpeg\" class=\"img-responsive\" alt=\"\" srcset=\"https:\/\/wp-staging.amberscript.com\/wp-content\/uploads\/2022\/02\/Referral-pic-640x426.jpeg 640w, https:\/\/wp-staging.amberscript.com\/wp-content\/uploads\/2022\/02\/Referral-pic-768x512.jpeg 768w, https:\/\/wp-staging.amberscript.com\/wp-content\/uploads\/2022\/02\/Referral-pic.jpeg 800w\" sizes=\"(max-width: 640px) 100vw, 640px\" \/>                                    <\/div>\n            \t\t\t\n        <\/div>\n\t\t  \n\n        <div class=\"cell medium-6 large-5  \">  \n\n               \n                                                  \n                                                           <h3>Anforderungen:<\/h3>\n                                    \n                                   <ul>\n<li><span data-sheets-value=\"{&quot;1&quot;:2,&quot;2&quot;:&quot;Die Person, die Sie empfehlen, sollte nicht bereits Kund:in bei Amberscript sein.&quot;}\" data-sheets-userformat=\"{&quot;2&quot;:769,&quot;3&quot;:{&quot;1&quot;:0},&quot;11&quot;:4,&quot;12&quot;:0}\">Die Person, die Sie empfehlen, sollte nicht bereits Kund:in bei Amberscript sein.<\/span><\/li>\n<li><span data-sheets-value=\"{&quot;1&quot;:2,&quot;2&quot;:&quot;Die von Ihnen geworbene Person muss eine gesch\u00e4ftliche E-Mail-Adresse haben.&quot;}\" data-sheets-userformat=\"{&quot;2&quot;:769,&quot;3&quot;:{&quot;1&quot;:0},&quot;11&quot;:4,&quot;12&quot;:0}\">Die von Ihnen geworbene Person muss eine <strong>gesch\u00e4ftliche E-Mail-Adresse<\/strong> haben.<\/span><\/li>\n<li><span data-sheets-value=\"{&quot;1&quot;:2,&quot;2&quot;:&quot;Bevor Sie einen Rabatt von 10 % auf Ihren n\u00e4chsten Einkauf erhalten, muss Ihre Empfehlung Kund:in bei Amberscript werden. &quot;}\" data-sheets-userformat=\"{&quot;2&quot;:769,&quot;3&quot;:{&quot;1&quot;:0},&quot;11&quot;:4,&quot;12&quot;:0}\">Bevor Sie einen Rabatt von 10 % auf Ihren n\u00e4chsten Einkauf erhalten, muss Ihre Empfehlung Kund:in bei Amberscript werden. <\/span><\/li>\n<\/ul>\n<div id=\"contactus\"><\/div>\n               \n                            \n        <\/div>\n      <\/div>\n   <\/div>\n<\/div>\n\n\n\n\t<div class=\"block maps\">\n\t\t<div class=\"grid-container\">\n\t\t\t<div class=\"grid-x align-center grid-margin-x grid-margin-y\">\n\t\t\t\n\t\t\t\t<div class=\"cell large-8 text-center\">\n\t\t\t\t\t<!--[if lte IE 8]>\n\t\t\t\t\t<script charset=\"utf-8\" type=\"text\/javascript\" src=\"\/\/js-eu1.hsforms.net\/forms\/v2-legacy.js\"><\/script>\n\t\t\t\t\t<![endif]-->\n\t\t\t\t\t<script charset=\"utf-8\" type=\"text\/javascript\" src=\"\/\/js-eu1.hsforms.net\/forms\/v2.js\"><\/script>\n\t\t\t\t\t<script>\n\t\t\t\t\thbspt.forms.create({\n\t\t\t\t\tregion: \"eu1\",\n\t\t\t\t\tportalId: \"25039104\",\n\t\t\t\t\tformId: \"2363448a-92b9-4a51-b131-087c869ece74\"\n\t\t\t\t\t});\n\t\t\t\t\t<\/script>\n\t\t\t\t<\/div>\n\t\t\t\t\n\t\t\t<\/div>\n\t\t<\/div>\n\t<\/div>\n\n","protected":false},"excerpt":{"rendered":"<p>Zum Beispiel: Falls Ihr:e Freund:in Amberscript Produkte im Wert von 25.000\u20ac erwirbt, erh\u00e4lt sie einen Rabatt von 10%, also 2.500\u20ac. Anschlie\u00dfend erhalten Sie ebenfalls einen Rabatt von 2.500\u20ac.<\/p>\n","protected":false},"author":70,"featured_media":0,"parent":24919,"menu_order":0,"comment_status":"closed","ping_status":"closed","template":"","meta":{"_acf_changed":false,"inline_featured_image":false,"footnotes":""},"class_list":["post-72714","page","type-page","status-publish","hentry"],"acf":{"show_footer":true,"header_dark_mode":false},"_links":{"self":[{"href":"https:\/\/wp-staging.amberscript.com\/de\/wp-json\/wp\/v2\/pages\/72714","targetHints":{"allow":["GET"]}}],"collection":[{"href":"https:\/\/wp-staging.amberscript.com\/de\/wp-json\/wp\/v2\/pages"}],"about":[{"href":"https:\/\/wp-staging.amberscript.com\/de\/wp-json\/wp\/v2\/types\/page"}],"author":[{"embeddable":true,"href":"https:\/\/wp-staging.amberscript.com\/de\/wp-json\/wp\/v2\/users\/70"}],"replies":[{"embeddable":true,"href":"https:\/\/wp-staging.amberscript.com\/de\/wp-json\/wp\/v2\/comments?post=72714"}],"version-history":[{"count":0,"href":"https:\/\/wp-staging.amberscript.com\/de\/wp-json\/wp\/v2\/pages\/72714\/revisions"}],"up":[{"embeddable":true,"href":"https:\/\/wp-staging.amberscript.com\/de\/wp-json\/wp\/v2\/pages\/24919"}],"wp:attachment":[{"href":"https:\/\/wp-staging.amberscript.com\/de\/wp-json\/wp\/v2\/media?parent=72714"}],"curies":[{"name":"wp","href":"https:\/\/api.w.org\/{rel}","templated":true}]}}