{"id":36477,"date":"2021-06-15T13:48:03","date_gmt":"2021-06-15T13:48:03","guid":{"rendered":"https:\/\/wp-staging.amberscript.com\/affiliate-program-de\/"},"modified":"2025-11-19T15:16:11","modified_gmt":"2025-11-19T14:16:11","slug":"affiliate-programm","status":"publish","type":"page","link":"https:\/\/wp-staging.amberscript.com\/de\/karriere\/affiliate-programm\/","title":{"rendered":"Affiliate program | DE"},"content":{"rendered":"<div class=\"block text-image\">\n\t<div class=\"grid-container\">\n      <div class=\"grid-x align-middle grid-margin-y grid-margin-x\">\n\t\t  \n\n        <div class=\"cell medium-6 large-5 medium-order-2 medium-offset-0 large-offset-1\t\">\t\t  \n\n                            <div class=\"image-holder text-center\">\n\n                                    <img decoding=\"async\" width=\"640\" height=\"427\" src=\"https:\/\/wp-staging.amberscript.com\/wp-content\/uploads\/2022\/09\/HeroImg-German-min-640x427.webp\" class=\"img-responsive\" alt=\"zwei frauen sitzen am tisch und unterhalten sich\" srcset=\"https:\/\/wp-staging.amberscript.com\/wp-content\/uploads\/2022\/09\/HeroImg-German-min-640x427.webp 640w, https:\/\/wp-staging.amberscript.com\/wp-content\/uploads\/2022\/09\/HeroImg-German-min-768x512.webp 768w, https:\/\/wp-staging.amberscript.com\/wp-content\/uploads\/2022\/09\/HeroImg-German-min.webp 820w\" sizes=\"(max-width: 640px) 100vw, 640px\" \/>                                    <\/div>\n            \t\t\t\n        <\/div>\n\t\t  \n\n        <div class=\"cell medium-6 large-5  \">  \n\n               \n                                                           <h6>Jetzt einschreiben<\/h6>\n                                   \n                                                           <h3>Sie erhalten bis zu 15 % Provision f\u00fcr alle Einnahmen, die Sie generieren.<\/h3>\n                                    \n                                   <p>Amberscript entwickelt SaaS-L\u00f6sungen, mit denen Sie Audio und Video mithilfe von Spracherkennung automatisch in Text und Untertitel umwandeln k\u00f6nnen. Wir verwenden die von unseren Benutzer:innen generierten Daten, um die beste Spracherkennung in den europ\u00e4ischen Sprachen zu trainieren. Damit Ihre Texte zu 100% vollst\u00e4ndig und genau sind, stehen Ihnen unser Online-Texteditor und erfahrene Transkriptor:innen zur Seite.<\/p>\n<p>Sie haben Ihre eigene Website, die regelm\u00e4\u00dfig von vielen Usern besucht wird? Oder ein Social-Media-Kanal, der viele Follower und\/oder gute E-Mail-Verteilerlisten hat? Dann melden Sie sich noch heute an, um Affiliate-Partner zu werden. F\u00fcr jeden Kauf von Amberscript-Produkten, der \u00fcber Ihren Link generiert wird, erhalten Sie eine Provision von 15 %. Wir haben eine gro\u00dfz\u00fcgige Cookie-Regelung von 30 Tagen.<\/p>\n               \n                                <a class=\"button theme-color-secondary\" id=\"button_block_6e28c1a24233466fff04286a47d867c9\" href=\"https:\/\/ui.awin.com\/merchant-profile\/27852\" target=\"_self\" rel=\"noopener\">Jetzt anmelden<\/a>\n                            \n        <\/div>\n      <\/div>\n   <\/div>\n<\/div>\n\n\n\n\n<!-- \/\/ small -->\n    <div class=\"block usps\">\n\t\t\t<div class=\"grid-container\">\n        <div class=\"grid-x grid-margin-x grid-margin-y  align-center\">\n\n            \n<div class=\"cell large-12 text-center\">\n  <div class=\"title-holder\">\n\n\n\n                    \n                                    <h2>Warum Sie am Partnerprogramm von Amberscript teilnehmen sollten: <\/h2>\n                      <\/div>           \n<\/div>\n\n                            \n\t\t\t\t\t\t\t<div class=\"cell small-6 large-4\">\n\t\t\t                        <div class=\"usp-item\"\n                                                     >\n                            <div class=\"grid-x grid-margin-x grid-margin-y align-middle\">\n                                                                    <div class=\"cell small-12 text-center justify-center\">\n                                        <div class=\"usp-icon theme-background-secondary \">\n                                                <img decoding=\"async\" src=\"https:\/\/wp-staging.amberscript.com\/wp-content\/uploads\/2021\/04\/salary-1.png\" alt=\"\">\n                                        <\/div>\n                                    <\/div>\n                                                                \n                                <div class=\"cell auto\">\n                                    <div class=\"title theme-text-color-primary text-center \">F\u00fcr eine Provision, die sich auszahlt<\/div>\n                                <\/div>\n                                <div class=\"cell small-12 text-center\">\n                                    <p>Amberscript entlohnt bis zu 15 % Provision f\u00fcr die Verk\u00e4ufe, die \u00fcber Ihren Link generiert werden! <br \/>\r\nDie Gewinnauszahlungen erfolgen jeweils zum 15. eines jeden Monats. <\/p>\n                                <\/div>\n                            <\/div>\n                        <\/div>\n                    <\/div>\n                \n\t\t\t\t\t\t\t<div class=\"cell small-6 large-4\">\n\t\t\t                        <div class=\"usp-item\"\n                                                     >\n                            <div class=\"grid-x grid-margin-x grid-margin-y align-middle\">\n                                                                    <div class=\"cell small-12 text-center justify-center\">\n                                        <div class=\"usp-icon theme-background-secondary \">\n                                                <img decoding=\"async\" src=\"https:\/\/wp-staging.amberscript.com\/wp-content\/uploads\/2021\/02\/icon_3.svg\" alt=\"\">\n                                        <\/div>\n                                    <\/div>\n                                                                \n                                <div class=\"cell auto\">\n                                    <div class=\"title theme-text-color-primary text-center \">Hohe Umsatzzahlen und zufriedene Kund:innen<\/div>\n                                <\/div>\n                                <div class=\"cell small-12 text-center\">\n                                    <p>Bis zum heutigen Tag, z\u00e4hlen wir \u00fcber 1,000,000 User unserer Plattform Sie werden ein Produkt promoten, das weltweit anerkannt und eingesetzt wird! <\/p>\n                                <\/div>\n                            <\/div>\n                        <\/div>\n                    <\/div>\n                \n\t\t\t\t\t\t\t<div class=\"cell small-6 large-4\">\n\t\t\t                        <div class=\"usp-item\"\n                                                     >\n                            <div class=\"grid-x grid-margin-x grid-margin-y align-middle\">\n                                                                    <div class=\"cell small-12 text-center justify-center\">\n                                        <div class=\"usp-icon theme-background-secondary \">\n                                                <img decoding=\"async\" src=\"https:\/\/wp-staging.amberscript.com\/wp-content\/uploads\/2021\/04\/globe-1-1.png\" alt=\"\">\n                                        <\/div>\n                                    <\/div>\n                                                                \n                                <div class=\"cell auto\">\n                                    <div class=\"title theme-text-color-primary text-center \">Unser Affiliate-Programm kennt keine Landesgrenzen!<\/div>\n                                <\/div>\n                                <div class=\"cell small-12 text-center\">\n                                    <p>Betreiben Sie einen Blog, eine Website oder einen Social-Media-Kanal mit der Zielgruppe, die sich f\u00fcr Transkripte und Untertitel interessiert? Dann sind Sie wie geschaffen f\u00fcr unser Programm!<\/p>\n                                <\/div>\n                            <\/div>\n                        <\/div>\n                    <\/div>\n                                    <\/div>\n    <\/div>\n    \n \n    <div class=\"usps-slider hide-for-large\">\n        <div class=\"responsive-slider\">\n                                                <div class=\"carousel-cell usp-item\">\n                        <div class=\"grid-container\">\n                            <div class=\"grid-x align-center align-middle grid-margin-y grid-margin-x\">\n                                <div class=\"cell shrink\">\n                                <div class=\"usp-icon theme-background-secondary \">\n                                                                                    <img decoding=\"async\" src=\"https:\/\/wp-staging.amberscript.com\/wp-content\/uploads\/2021\/04\/salary-1.png\" alt=\"\">\n                                                                            <\/div>\n                                <\/div>\n                                <div class=\"cell shrink\">\n                                    <div class=\"title theme-text-color-primary\">F\u00fcr eine Provision, die sich auszahlt<\/div>\n                                    <\/div>\n                                \n                                <div class=\"cell large-10 text-center\">\n                                    <p>Amberscript entlohnt bis zu 15 % Provision f\u00fcr die Verk\u00e4ufe, die \u00fcber Ihren Link generiert werden! <br \/>\r\nDie Gewinnauszahlungen erfolgen jeweils zum 15. eines jeden Monats. <\/p>\n                                <\/div>\n                            <\/div>\n                        <\/div>\n                    <\/div>\n                                    <div class=\"carousel-cell usp-item\">\n                        <div class=\"grid-container\">\n                            <div class=\"grid-x align-center align-middle grid-margin-y grid-margin-x\">\n                                <div class=\"cell shrink\">\n                                <div class=\"usp-icon theme-background-secondary \">\n                                                                                    <img decoding=\"async\" src=\"https:\/\/wp-staging.amberscript.com\/wp-content\/uploads\/2021\/02\/icon_3.svg\" alt=\"\">\n                                                                            <\/div>\n                                <\/div>\n                                <div class=\"cell shrink\">\n                                    <div class=\"title theme-text-color-primary\">Hohe Umsatzzahlen und zufriedene Kund:innen<\/div>\n                                    <\/div>\n                                \n                                <div class=\"cell large-10 text-center\">\n                                    <p>Bis zum heutigen Tag, z\u00e4hlen wir \u00fcber 1,000,000 User unserer Plattform Sie werden ein Produkt promoten, das weltweit anerkannt und eingesetzt wird! <\/p>\n                                <\/div>\n                            <\/div>\n                        <\/div>\n                    <\/div>\n                                    <div class=\"carousel-cell usp-item\">\n                        <div class=\"grid-container\">\n                            <div class=\"grid-x align-center align-middle grid-margin-y grid-margin-x\">\n                                <div class=\"cell shrink\">\n                                <div class=\"usp-icon theme-background-secondary \">\n                                                                                    <img decoding=\"async\" src=\"https:\/\/wp-staging.amberscript.com\/wp-content\/uploads\/2021\/04\/globe-1-1.png\" alt=\"\">\n                                                                            <\/div>\n                                <\/div>\n                                <div class=\"cell shrink\">\n                                    <div class=\"title theme-text-color-primary\">Unser Affiliate-Programm kennt keine Landesgrenzen!<\/div>\n                                    <\/div>\n                                \n                                <div class=\"cell large-10 text-center\">\n                                    <p>Betreiben Sie einen Blog, eine Website oder einen Social-Media-Kanal mit der Zielgruppe, die sich f\u00fcr Transkripte und Untertitel interessiert? Dann sind Sie wie geschaffen f\u00fcr unser Programm!<\/p>\n                                <\/div>\n                            <\/div>\n                        <\/div>\n                    <\/div>\n                                    <\/div>\n    <\/div>\n<\/div>\n\n\n\n\n\n\t\t\n\n\n            <div class=\"block banner background green padding\"\n                        >\n            <div class=\"grid-container\">\n                <div class=\"grid-x align-middle grid-margin-x\">\n                    <div class=\"cell small-6 large-8\">\n\n                                                                                    \n                                                                                                <h2 class=\"inherit\">Wir gestalten Audio barrierefrei<\/h2>\n                                                                                                    \n                    <\/div>\n                    <div class=\"cell small-6 large-4 text-right\">\n                        <div class=\"grid-x grid-margin-x\">\n                                                        <div class=\"cell shrink\">\n                                    <a class=\"button btn white invert\" href=\"https:\/\/app.amberscript.com\/register?lang=de\" target=\"_self\" rel=\"noopener\">Kostenlos testen<\/a>\n                                <\/div>\n                                                            \n                                                            \n                        <\/div>\n                    \n                    <\/div>\n                <\/div>\n            <\/div>\n        <\/div>\n    \n    \n\n\n\n<p><\/p>\n","protected":false},"excerpt":{"rendered":"","protected":false},"author":70,"featured_media":0,"parent":25136,"menu_order":0,"comment_status":"closed","ping_status":"closed","template":"","meta":{"_acf_changed":false,"inline_featured_image":false,"footnotes":""},"class_list":["post-36477","page","type-page","status-publish","hentry"],"acf":{"show_footer":true,"header_dark_mode":false},"_links":{"self":[{"href":"https:\/\/wp-staging.amberscript.com\/de\/wp-json\/wp\/v2\/pages\/36477","targetHints":{"allow":["GET"]}}],"collection":[{"href":"https:\/\/wp-staging.amberscript.com\/de\/wp-json\/wp\/v2\/pages"}],"about":[{"href":"https:\/\/wp-staging.amberscript.com\/de\/wp-json\/wp\/v2\/types\/page"}],"author":[{"embeddable":true,"href":"https:\/\/wp-staging.amberscript.com\/de\/wp-json\/wp\/v2\/users\/70"}],"replies":[{"embeddable":true,"href":"https:\/\/wp-staging.amberscript.com\/de\/wp-json\/wp\/v2\/comments?post=36477"}],"version-history":[{"count":0,"href":"https:\/\/wp-staging.amberscript.com\/de\/wp-json\/wp\/v2\/pages\/36477\/revisions"}],"up":[{"embeddable":true,"href":"https:\/\/wp-staging.amberscript.com\/de\/wp-json\/wp\/v2\/pages\/25136"}],"wp:attachment":[{"href":"https:\/\/wp-staging.amberscript.com\/de\/wp-json\/wp\/v2\/media?parent=36477"}],"curies":[{"name":"wp","href":"https:\/\/api.w.org\/{rel}","templated":true}]}}