{"id":34998,"date":"2021-06-02T07:42:12","date_gmt":"2021-06-02T07:42:12","guid":{"rendered":"https:\/\/wp-staging.amberscript.com\/impressum\/"},"modified":"2025-11-17T17:37:58","modified_gmt":"2025-11-17T16:37:58","slug":"impressum","status":"publish","type":"page","link":"https:\/\/wp-staging.amberscript.com\/de\/impressum\/","title":{"rendered":"Impressum | DE"},"content":{"rendered":"<div class=\"block left-sidebar-text\">\n\n    <div class=\"grid-container\">\n        <div class=\"grid-x\">\n            <div class=\"cell large-3\">\n                <div class=\"sidebar background lightgrey\">\n                 \n                \n\t\t\t\t\t                    \n                                            <h4>Haftungsausschluss:<\/h4>\n\t\t\t\t\t\t\t\t\t\t\n                                            <p><p><span style=\"font-weight: 400;\">Aus Gr\u00fcnden der Konsistenz ver\u00f6ffentlicht Amberscript seine Allgemeinen Gesch\u00e4ftsbedingungen, die Datenschutzerkl\u00e4rung und andere rechtliche Dokumente in englischer Sprache. W\u00e4hrend wir \u00dcbersetzungen f\u00fcr die Gesch\u00e4ftsbedingungen anbieten, beziehen Sie sich bitte immer auf die englische Version der Dokumente, falls es Unklarheiten gibt.<\/span><\/p>\n<p><span style=\"font-weight: 400;\">Die Originalversionen finden Sie hier:\u00a0<\/span><\/p>\n<ul>\n<li style=\"font-weight: 400;\" aria-level=\"1\"><a href=\"https:\/\/wp-staging.amberscript.com\/en\/terms-and-conditions\/\" target=\"_blank\" rel=\"noopener\"><span style=\"font-weight: 400;\">Terms and conditions (Gesch\u00e4ftsbedingungen)<\/span><\/a><\/li>\n<li style=\"font-weight: 400;\" aria-level=\"1\"><a href=\"https:\/\/wp-staging.amberscript.com\/en\/privacy-policy\/u0022 target=\" rel=\"noopener\"><span style=\"font-weight: 400;\">Privacy Policy (Datenschutzerkl\u00e4rung)<\/span><\/a><\/li>\n<\/ul>\n<\/p>\n                                                                <p>Haben Sie weitere Fragen?<\/p>\n                                          \n\t\t\t\t\t\n\n                                \n                <\/div>\n                <div class=\"newsletter background green\">\n\n                    \n                                        <div class=\"header\">Haben Sie weitere Fragen?<\/div>\n                    \n                                          \n                        \n                                                    <a class=\"button primary\" href=\"https:\/\/wp-staging.amberscript.com\/de\/kontakt\/\" id=\"button_block_cf8e1b7020738d7515be29df8b85d8ed\" target=\"_self\">Dann treten Sie gerne mit uns in Kontakt!<\/a>\n                        \n                        \n                        <div class=\"grid-x\">\n                            <div class=\"cell large-4\">    \n                                                            <\/div>\n                            <div class=\"cell large-8\">\n    \n                                                                \n\n                            <\/div>\n                        <\/div>\n                        \n                <\/div>\n            <\/div>\n            <div class=\"cell large-9\">\n                <div class=\"content\">\n                    <h3 class=\"p1\">Algemein<\/h3>\n<p>Betreiber und Herausgeber von <a href=\"https:\/\/wp-staging.amberscript.com\/de\/\">wp-staging.amberscript.com<\/a> ist:<\/p>\n<p><strong>Amberscript Global B.V.<\/strong><\/p>\n<p>Herengracht 477<br \/>\n1017 BS Amsterdam, Netherlands<\/p>\n<p>Vorstand<br \/>\nJan Willem de Coo<\/p>\n<p>Handelsregister (KvK): 81461887<br \/>\nUmsatzsteuer (BTW) nr: NL862103496B01<br \/>\nHerengracht 477, 1017 BS Amsterdam,\u00a0 Niederlande<\/p>\n<p><strong>Amberscript GmbH<\/strong><\/p>\n<p><span style=\"font-weight: 400\">Prinzessinnenstra\u00dfe 19\/20, 10969 Berlin, Deutschland\u00a0<\/span><\/p>\n<p><span style=\"font-weight: 400\">Gesch\u00e4ftsf\u00fchrer: Jan Willem de Coo<\/span><\/p>\n<p><span style=\"font-weight: 400\">USt.-ID: DE310197564\u00a0 \u00a0 \u00a0<\/span><\/p>\n<p><span style=\"font-weight: 400\">HR-Nr.: HRB 278874<\/span><\/p>\n<p><strong>Verbraucherinformation<\/strong><\/p>\n<p>Gem\u00e4\u00df Verordnung (EU) Nr. 524\/2013: Im Rahmen der Verordnung \u00fcber Online-Streitbeilegung zu Verbraucherangelegenheiten steht Ihnen unter<br \/>\n<a href=\"http:\/\/ec.europa.eu\/consumers\/odr\/\" target=\"_blank\" rel=\"noopener\">http:\/\/ec.europa.eu\/consumers\/odr\/<\/a><br \/>\neine Online-Streitbeilegungsplattform der EU-Kommission zur Verf\u00fcgung.<br \/>\nKontakt per Mail: <a href=\"mailto:info@amberscript.com\">info@amberscript.com<\/a><\/p>\n<h3>Kontaktm\u00f6glichkeiten<\/h3>\n<p>Tel: <a href=\"tel:+4932221093912\">+4932221093912<\/a><br \/>\nErreichbarkeit: Mo \u2013 Fr 09:00 \u2013 18:00 Uhr<br \/>\nPer Post: Herengracht 477, 1017 BS Amsterdam,\u00a0 Niederlande<br \/>\nKontakt per Mail: <a href=\"mailto:info@amberscript.com\">info@amberscript.com<\/a><\/p>\n<h3>Sicherheit und Technik<\/h3>\n<p>Postanschrift Support: Amberscript B.V., Herengracht 477, 1017 BS Amsterdam,\u00a0 Niederlande<br \/>\nSicherheit, phishing, etc.: <a href=\"mailto:info@amberscript.com\">info@amberscript.com<\/a><\/p>\n<h3>Redaktion und Feedback<\/h3>\n<p><a href=\"mailto:info@amberscript.com\">info@amberscript.com<\/a><\/p>\n\n                    \n\n                <\/div>\n            <\/div>\n        <\/div>\n    <\/div>\n\n<\/div>\n\n\n\n            <div class=\"block banner background green padding\"\n                        >\n            <div class=\"grid-container\">\n                <div class=\"grid-x align-middle grid-margin-x\">\n                    <div class=\"cell small-6 large-8\">\n\n                                                                                    \n                                                                                                <h2 class=\"inherit\">Wir machen Audio barrierefrei<\/h2>\n                                                                                                    \n                    <\/div>\n                    <div class=\"cell small-6 large-4 text-right\">\n                        <div class=\"grid-x grid-margin-x\">\n                                                        <div class=\"cell shrink\">\n                                    <a class=\"button btn white invert\" href=\"https:\/\/app.wp-staging.amberscript.com\/register?lang=de\" target=\"_blank\">Kostenlos ausprobieren<\/a>\n                                <\/div>\n                                                            \n                                                            \n                        <\/div>\n                    \n                    <\/div>\n                <\/div>\n            <\/div>\n        <\/div>\n    \n    \n","protected":false},"excerpt":{"rendered":"","protected":false},"author":70,"featured_media":0,"parent":0,"menu_order":0,"comment_status":"closed","ping_status":"closed","template":"","meta":{"_acf_changed":true,"inline_featured_image":false,"footnotes":""},"class_list":["post-34998","page","type-page","status-publish","hentry"],"acf":{"show_footer":true,"header_dark_mode":false},"_links":{"self":[{"href":"https:\/\/wp-staging.amberscript.com\/de\/wp-json\/wp\/v2\/pages\/34998","targetHints":{"allow":["GET"]}}],"collection":[{"href":"https:\/\/wp-staging.amberscript.com\/de\/wp-json\/wp\/v2\/pages"}],"about":[{"href":"https:\/\/wp-staging.amberscript.com\/de\/wp-json\/wp\/v2\/types\/page"}],"author":[{"embeddable":true,"href":"https:\/\/wp-staging.amberscript.com\/de\/wp-json\/wp\/v2\/users\/70"}],"replies":[{"embeddable":true,"href":"https:\/\/wp-staging.amberscript.com\/de\/wp-json\/wp\/v2\/comments?post=34998"}],"version-history":[{"count":0,"href":"https:\/\/wp-staging.amberscript.com\/de\/wp-json\/wp\/v2\/pages\/34998\/revisions"}],"wp:attachment":[{"href":"https:\/\/wp-staging.amberscript.com\/de\/wp-json\/wp\/v2\/media?parent=34998"}],"curies":[{"name":"wp","href":"https:\/\/api.w.org\/{rel}","templated":true}]}}