{"id":102914,"date":"2025-08-31T16:33:17","date_gmt":"2025-08-31T14:33:17","guid":{"rendered":"https:\/\/wp-staging.amberscript.com\/?page_id=102914"},"modified":"2025-11-21T12:38:41","modified_gmt":"2025-11-21T11:38:41","slug":"kontakt","status":"publish","type":"page","link":"https:\/\/wp-staging.amberscript.com\/de\/kontakt\/","title":{"rendered":"Redesign \u2013 Contact us &#8211; DE"},"content":{"rendered":"<section class=\"w-full flex justify-center\">\n    <div class=\"flex flex-col w-full max-w-container px-4 lg:px-[100px] py-block-padding-1-mobile xl:py-block-padding-1-desktop gap-title-description-spacing-mobile sm:gap-title-description-spacing-desktop\">\n        <h2 class=\"text-h2 text-center\"><\/h2>\n\n        <div class=\"flex flex-col gap-[20px]\">\n                            <div class=\"relative min-h-card w-full py-[60px] sm:py-6 px-4 sm:px-8 flex flex-col justify-center items-center gap-title-description-spacing-mobile sm:gap-title-description-spacing-desktop overflow-hidden rounded-lg bg-surface-elevated shadow-sm active:outline active:outline-1 active:outline-offset-4 active:outline-blue-500 border-and-shadow\">\n    <div class=\"flex flex-col items-center gap-cards-spacing-mobile sm:gap-cards-spacing-desktop w-full\">\n        <h3 class=\"my-0 text-h3 text-content-primary group-hover:text-white text-center max-w-[82%]\">Kontaktieren Sie uns<\/h3>\n        <p class=\"my-0 text-body-2 text-content-secondary group-hover:text-white text-center max-w-[82%]\"><span style=\"color: #4b5563;\">Sie erreichen uns w\u00e4hrend unserer Gesch\u00e4ftszeiten: Mo\u2013Fr, 9:00\u201318:00 Uhr (MEZ).<\/span><\/p>\n    <\/div>\n\n    <div class=\"flex flex-col sm:flex-row justify-center items-center mt-2 gap-4 w-full sm:w-initial\">\n                    <a href=\"https:\/\/helpdesk.amberscript.com\/de\/faq?_gl=1*rgf622*_up*MQ..*_ga*MjEwNzY2NTE5Ny4xNzU2NjMzNjg0*_ga_FR5QG4NGRG*czE3NTY2MzcxNjIkbzIkZzAkdDE3NTY2MzcxNjIkajYwJGwwJGg0NTk5NTk5ODk.\" target=\"_blank\" rel=\"noopener noreferrer\" class=\"cursor-pointer group border-inline text-body-2 border-box h-12 inline-flex justify-center items-center gap-1 rounded px-5 py-3 text-button shadow-xs no-underline bg-accent hover:bg-accent-hover active:bg-accent-active border-accent hover:border-accent-hover text-white border-solid border-2 w-fit\">FAQ ansehen<svg class=\"min-w-6 min-h-6 size-6\" width=\"24\" height=\"24\" viewBox=\"0 0 24 24\" fill=\"none\" xmlns=\"http:\/\/www.w3.org\/2000\/svg\">\n<path d=\"M15.2176 17.5174C14.9645 15.4097 14.8042 13.2092 15.4569 10.4862L7.31469 18.6284L5.38973 16.7034L13.5319 8.56125C10.8276 9.19539 8.59034 9.03549 6.48259 8.78242L6.78828 5.89799C9.86819 6.19587 13.0412 6.36428 16.6671 5.35344L18.6647 7.35105C17.6539 10.9769 17.8042 14.1319 18.102 17.2117L15.2176 17.5174Z\" fill=\"currentColor\"\/>\n<\/svg><\/a>                    <a href=\"https:\/\/share-eu1.hsforms.com\/14e4adGCQR42a0uPVsVHzAgewoao\" target=\"_blank\" rel=\"noopener noreferrer\" class=\"cursor-pointer group border-inline text-body-2 border-box h-12 inline-flex justify-center items-center gap-1 rounded px-5 py-3 text-button shadow-xs no-underline bg-on-accent hover:bg-on-accent-hover active:bg-on-accent-active border-accent text-accent hover:text-accent-hover hover:border-accent-hover border-2 border-solid w-fit\">Kontaktieren Sie uns<\/a>                    <a href=\"tel:+49%2032%20221%20093%20912\" target=\"_self\" class=\"cursor-pointer group border-inline text-body-2 border-box h-12 inline-flex justify-center items-center gap-1 rounded px-5 py-3 text-button shadow-xs no-underline bg-transparent hover:bg-secondary-hover active:bg-secondary-active text-primary border-2 border-solid border-transparent hover:border-transparent w-fit\"><svg class=\"min-w-6 min-h-6 size-6\" width=\"24\" height=\"24\" viewBox=\"0 0 24 24\" fill=\"none\" xmlns=\"http:\/\/www.w3.org\/2000\/svg\">\n<path d=\"M13.832 16.568C14.0385 16.6628 14.2712 16.6845 14.4917 16.6294C14.7122 16.5744 14.9073 16.4458 15.045 16.265L15.4 15.8C15.5863 15.5516 15.8279 15.35 16.1056 15.2111C16.3833 15.0723 16.6895 15 17 15H20C20.5304 15 21.0391 15.2107 21.4142 15.5858C21.7893 15.9609 22 16.4696 22 17V20C22 20.5304 21.7893 21.0391 21.4142 21.4142C21.0391 21.7893 20.5304 22 20 22C15.2261 22 10.6477 20.1036 7.27208 16.7279C3.89642 13.3523 2 8.7739 2 4C2 3.46957 2.21071 2.96086 2.58579 2.58579C2.96086 2.21071 3.46957 2 4 2H7C7.53043 2 8.03914 2.21071 8.41421 2.58579C8.78929 2.96086 9 3.46957 9 4V7C9 7.31049 8.92771 7.61672 8.78885 7.89443C8.65 8.17214 8.44839 8.41371 8.2 8.6L7.732 8.951C7.54842 9.09118 7.41902 9.29059 7.36579 9.51535C7.31256 9.74012 7.33878 9.97638 7.44 10.184C8.80668 12.9599 11.0544 15.2048 13.832 16.568Z\" stroke=\"currentColor\" stroke-width=\"1.5\" stroke-linecap=\"round\" stroke-linejoin=\"round\"\/>\n<\/svg>+49 32 221 093 912<\/a>            <\/div>\n\n    <img decoding=\"async\" src=\"\/wp-content\/themes\/amberscript\/assets\/images\/cards\/simple-card\/vector.svg\" alt=\"vector\" aria-hidden=\"true\" class=\"absolute hidden md:block right-0\"\/>\n    <img decoding=\"async\" src=\"\/wp-content\/themes\/amberscript\/assets\/images\/cards\/simple-card\/vector-mobile.svg\" alt=\"vector\" aria-hidden=\"true\" class=\"absolute block md:hidden right-0 top-[52px]\"\/>\n<\/div>\n            \n            <div class=\"grid grid-cols-1 lg:grid-cols-2 2xl:grid-cols-3 gap-[20px] w-full items-stretch\">\n                                    <div class=\"relative h-full w-full py-6 px-6 flex flex-col justify-between items-start gap-title-description-spacing-mobile overflow-hidden rounded-lg bg-surface-elevated shadow-sm active:outline active:outline-1 active:outline-offset-4 active:outline-blue-500 border-and-shadow\">\n    <div class=\"flex flex-col gap-title-description-spacing-mobile\">\n        <div>\n            <img decoding=\"async\" src=\"\/wp-content\/themes\/amberscript\/assets\/illustrations\/default\/call-center.svg\" class=\"block group-hover:hidden\" alt=\"Illustration\"\/>\n            <img decoding=\"async\" src=\"\/wp-content\/themes\/amberscript\/assets\/illustrations\/hover\/call-center.svg\" class=\"hidden group-hover:block\" alt=\"Illustration\"\/>\n        <\/div>\n        <div class=\"flex flex-col items-start gap-cards-spacing-mobile sm:gap-cards-spacing-desktop\">\n            <h2 class=\"text-h5 text-content-primary\">Mit dem Vertrieb sprechen<\/h2>\n                    <\/div>\n    <\/div>\n            <a href=\"https:\/\/wp-staging.amberscript.com\/de\/angebot-anfordern\/\" target=\"_self\" class=\"cursor-pointer group border-inline text-body-2 border-box h-12 inline-flex justify-center items-center gap-1 rounded px-5 py-3 text-button shadow-xs no-underline bg-on-accent hover:bg-on-accent-hover active:bg-on-accent-active border-accent text-accent hover:text-accent-hover hover:border-accent-hover border-2 border-solid w-full xl:w-fit w-full sm:w-fit\">Angebot anfordern<\/a>    <\/div>\n                                    <div class=\"relative h-full w-full py-6 px-6 flex flex-col justify-between items-start gap-title-description-spacing-mobile overflow-hidden rounded-lg bg-surface-elevated shadow-sm active:outline active:outline-1 active:outline-offset-4 active:outline-blue-500 border-and-shadow\">\n    <div class=\"flex flex-col gap-title-description-spacing-mobile\">\n        <div>\n            <img decoding=\"async\" src=\"\/wp-content\/themes\/amberscript\/assets\/illustrations\/default\/education.svg\" class=\"block group-hover:hidden\" alt=\"Illustration\"\/>\n            <img decoding=\"async\" src=\"\/wp-content\/themes\/amberscript\/assets\/illustrations\/hover\/education.svg\" class=\"hidden group-hover:block\" alt=\"Illustration\"\/>\n        <\/div>\n        <div class=\"flex flex-col items-start gap-cards-spacing-mobile sm:gap-cards-spacing-desktop\">\n            <h2 class=\"text-h5 text-content-primary\">Schnelle Antworten rund um die Uhr <br class=\"block sm:hidden\"\/><span style=\"color: #329678;\">\u2013 probieren Sie unseren Chatbot aus!<\/span><\/h2>\n                            <p class=\"text-body-2 text-content-secondary\">Starten Sie ein Gespr\u00e4ch mit unserem Chatbot f\u00fcr sofortige Hilfe. Sie finden ihn in der unteren rechten Ecke Ihres Bildschirms.<\/p>\n                    <\/div>\n    <\/div>\n            <button type=\"button\" class=\"cursor-pointer group border-inline text-body-2 border-box h-12 inline-flex justify-center items-center gap-1 rounded px-5 py-3 text-button shadow-xs no-underline bg-on-accent hover:bg-on-accent-hover active:bg-on-accent-active border-accent text-accent hover:text-accent-hover hover:border-accent-hover border-2 border-solid w-full xl:w-fit w-full sm:w-fit\" data-start-chat>Chat starten<\/button>    <\/div>\n                                    <div class=\"relative h-full w-full py-6 px-6 flex flex-col justify-between items-start gap-title-description-spacing-mobile overflow-hidden rounded-lg bg-surface-elevated shadow-sm active:outline active:outline-1 active:outline-offset-4 active:outline-blue-500 border-and-shadow\">\n    <div class=\"flex flex-col gap-title-description-spacing-mobile\">\n        <div>\n            <img decoding=\"async\" src=\"\/wp-content\/themes\/amberscript\/assets\/illustrations\/default\/journalism.svg\" class=\"block group-hover:hidden\" alt=\"Illustration\"\/>\n            <img decoding=\"async\" src=\"\/wp-content\/themes\/amberscript\/assets\/illustrations\/hover\/journalism.svg\" class=\"hidden group-hover:block\" alt=\"Illustration\"\/>\n        <\/div>\n        <div class=\"flex flex-col items-start gap-cards-spacing-mobile sm:gap-cards-spacing-desktop\">\n            <h2 class=\"text-h5 text-content-primary\">M\u00f6chten Sie als Sprachexpert:in f\u00fcr Amberscript arbeiten?<\/h2>\n                    <\/div>\n    <\/div>\n            <a href=\"https:\/\/wp-staging.amberscript.com\/de\/karriere\/transkriptor-in\/\" target=\"_blank\" rel=\"noopener noreferrer\" class=\"cursor-pointer group border-inline text-body-2 border-box h-12 inline-flex justify-center items-center gap-1 rounded px-5 py-3 text-button shadow-xs no-underline bg-on-accent hover:bg-on-accent-hover active:bg-on-accent-active border-accent text-accent hover:text-accent-hover hover:border-accent-hover border-2 border-solid w-full xl:w-fit w-full sm:w-fit\">Infos ansehen und hier bewerben<svg class=\"min-w-6 min-h-6 size-6\" width=\"24\" height=\"24\" viewBox=\"0 0 24 24\" fill=\"none\" xmlns=\"http:\/\/www.w3.org\/2000\/svg\">\n<path d=\"M15.2176 17.5174C14.9645 15.4097 14.8042 13.2092 15.4569 10.4862L7.31469 18.6284L5.38973 16.7034L13.5319 8.56125C10.8276 9.19539 8.59034 9.03549 6.48259 8.78242L6.78828 5.89799C9.86819 6.19587 13.0412 6.36428 16.6671 5.35344L18.6647 7.35105C17.6539 10.9769 17.8042 14.1319 18.102 17.2117L15.2176 17.5174Z\" fill=\"currentColor\"\/>\n<\/svg><\/a>    <\/div>\n                            <\/div>\n        <\/div>\n    <\/div>\n<\/section>\n\n\n<div class=\"w-full flex justify-center\">\n    <div class=\"flex flex-col items-center max-w-container w-full px-4 lg:px-[100px] gap-title-description-spacing-mobile sm:gap-title-description-spacing-desktop py-block-padding-1-mobile xl:py-block-padding-1-desktop\">\n        <div class=\"flex flex-col items-center py-20 px-5 sm:px-[190px] w-full gap-title-description-spacing-mobile sm:gap-title-description-spacing-desktop bg-surface-elevated shadow-sm active:outline active:outline-1 active:outline-offset-4 active:outline-blue-500 rounded-lg overflow-hidden border-and-shadow\">\n            <div class=\"flex flex-col items-center gap-3\">\n                <h2 class=\"my-0 text-h3 text-content-secondary text-center\"><span style=\"color: #000000;\">Marktf\u00fchrend f\u00fcr<\/span> <span style=\"color: #50947a;\">sichere Transkriptionen und Untertitel<\/span><\/h2>\n                <p class=\"my-0 text-body-2 text-content-secondary text-center\">Wir stellen die <span style=\"color: #015a50;\"><a style=\"color: #015a50;\" href=\"https:\/\/wp-staging.amberscript.com\/de\/datenschutzbestimmungen\/\" target=\"_blank\" rel=\"noopener\">Sicherheit Ihrer Daten<\/a> <\/span>in den Mittelpunkt. Unsere Plattform ist DSGVO\u2011konform, nach ISO\u202f27001 &amp; 9001 zertifiziert und tr\u00e4gt das TPN-Siegel f\u00fcr erstklassige Sicherheit.<\/p>\n            <\/div>\n\n            <div class=\"flex flex-col gap-3\">\n                <div class=\"flex flex-row justify-center items-center gap-4 xxs:gap-12\">\n                    <img decoding=\"async\" src=\"\/wp-content\/themes\/amberscript\/assets\/images\/cards\/cta-card\/trusted-partners.png\" alt=\"Logo\" aria-hidden=\"true\" class=\"w-[107px] h-[52px] xs:w-[125px] xs:h-[60px]\"\/>\n                    <img decoding=\"async\" src=\"\/wp-content\/themes\/amberscript\/assets\/images\/cards\/cta-card\/iso-v2.png\" alt=\"Logo\" aria-hidden=\"true\" class=\"w-[87px] h-[52px] xs:w-[100px] xs:h-[60px]\"\/>\n                    <img decoding=\"async\" src=\"\/wp-content\/themes\/amberscript\/assets\/images\/cards\/cta-card\/gdpr.png\" alt=\"Logo\" aria-hidden=\"true\" class=\"w-[51px] h-[52px] xs:w-[60px] xs:h-[60px]\"\/>\n                <\/div>\n\n                                    <div class=\"flex justify-center items-center\">\n                        <a href=\"https:\/\/drive.google.com\/file\/d\/1NeM1HjB2jRKZmIkAREUZklxOoeTsif8U\/view?usp=sharing\" target=\"_blank\" rel=\"noopener noreferrer\" class=\"cursor-pointer group border-inline text-body-2 border-box h-12 inline-flex justify-center items-center gap-1 rounded px-5 py-3 text-button shadow-xs no-underline bg-transparent hover:bg-secondary-hover active:bg-secondary-active text-primary border-2 border-solid border-transparent hover:border-transparent w-fit !underline hover:!underline\">Zertifikate ansehen<svg class=\"min-w-6 min-h-6 size-6\" width=\"24\" height=\"24\" viewBox=\"0 0 24 24\" fill=\"none\" xmlns=\"http:\/\/www.w3.org\/2000\/svg\">\n<path d=\"M15.2176 17.5174C14.9645 15.4097 14.8042 13.2092 15.4569 10.4862L7.31469 18.6284L5.38973 16.7034L13.5319 8.56125C10.8276 9.19539 8.59034 9.03549 6.48259 8.78242L6.78828 5.89799C9.86819 6.19587 13.0412 6.36428 16.6671 5.35344L18.6647 7.35105C17.6539 10.9769 17.8042 14.1319 18.102 17.2117L15.2176 17.5174Z\" fill=\"currentColor\"\/>\n<\/svg><\/a>                    <\/div>\n                            <\/div>\n        <\/div>\n    <\/div>\n<\/div>\n\n\n<div class=\"w-full flex justify-center\">\n    <div class=\"flex flex-col w-full max-w-container px-4 lg:px-[100px] py-block-padding-1-mobile xl:py-block-padding-1-desktop gap-title-description-spacing-mobile sm:gap-title-description-spacing-desktop\">\n        <h2 class=\"text-h2\">Unser Team hat seinen Sitz in <span style=\"color: #329678;\">Berlin &amp; Amsterdam<\/span><\/h2>\n        <div class=\"flex flex-col w-full gap-title-description-spacing-mobile sm:gap-title-description-spacing-desktop\">\n                            <div class=\"flex flex-col md:grid md:grid-cols-5 gap-[20px]\">\n    <div class=\"flex-grow col-span-3 w-full max-w-[820px]\">\n        <iframe src=\"https:\/\/www.google.com\/maps\/embed?pb=!1m14!1m8!1m3!1d2428.709032457605!2d13.41212!3d52.5025064!3m2!1i1024!2i768!4f13.1!3m3!1m2!1s0x47a84ff35c9d5c45%3A0x3e155ffdafefac8c!2sAmberscript%20GmbH!5e0!3m2!1snl!2snl!4v1758005619818!5m2!1snl!2snl\" style=\"border:0;height: 100%; width: 100%; aspect-ratio: 820\/450;\"\n                allowfullscreen=\"\" loading=\"lazy\"\n                referrerpolicy=\"no-referrer-when-downgrade\"><\/iframe>\n    <\/div>\n\n    <div class=\"col-span-2 w-full\">\n                    <div class=\"w-full h-full py-6 px-8 flex flex-col items-start gap-9 overflow-hidden rounded-lg bg-surface-elevated shadow-sm active:outline active:outline-1 active:outline-offset-4 active:outline-blue-500 border-and-shadow\">\n    <div class=\"flex flex-col items-start gap-3\">\n        <div class=\"my-0 text-body-2 text-content-secondary\">Adresse<\/div>\n        <div class=\"my-0 text-h5 font-bold\"><p>Amberscript GmbH<\/p>\n<p>&nbsp;<\/p>\n<p>Prinzessinnenstra\u00dfe 19\/20, 10969 Berlin, Deutschland<\/p>\n<\/div>\n    <\/div>\n            <div class=\"flex flex-col gap-3\">\n            <h2 class=\"my-0 text-body-2\">Phone<\/h2>\n            <p class=\"my-0 text-body-3\">F\u00fcr dringende Anfragen. Erreichbar w\u00e4hrend der Gesch\u00e4ftszeiten von 09:00 bis 18:00 Uhr MEZ.<\/p>\n            <a href=\"tel:+49%2032%20221%20093%20912\" target=\"_self\" class=\"cursor-pointer group border-inline text-body-2 border-box h-12 inline-flex justify-center items-center gap-1 rounded px-5 py-3 text-button shadow-xs no-underline bg-transparent hover:bg-secondary-hover active:bg-secondary-active text-primary border-2 border-solid border-transparent hover:border-transparent pl-0 pr-5 !justify-start gap-2 w-fit\"><svg class=\"min-w-6 min-h-6 size-6\" width=\"24\" height=\"24\" viewBox=\"0 0 24 24\" fill=\"none\" xmlns=\"http:\/\/www.w3.org\/2000\/svg\">\n<path d=\"M13.832 16.568C14.0385 16.6628 14.2712 16.6845 14.4917 16.6294C14.7122 16.5744 14.9073 16.4458 15.045 16.265L15.4 15.8C15.5863 15.5516 15.8279 15.35 16.1056 15.2111C16.3833 15.0723 16.6895 15 17 15H20C20.5304 15 21.0391 15.2107 21.4142 15.5858C21.7893 15.9609 22 16.4696 22 17V20C22 20.5304 21.7893 21.0391 21.4142 21.4142C21.0391 21.7893 20.5304 22 20 22C15.2261 22 10.6477 20.1036 7.27208 16.7279C3.89642 13.3523 2 8.7739 2 4C2 3.46957 2.21071 2.96086 2.58579 2.58579C2.96086 2.21071 3.46957 2 4 2H7C7.53043 2 8.03914 2.21071 8.41421 2.58579C8.78929 2.96086 9 3.46957 9 4V7C9 7.31049 8.92771 7.61672 8.78885 7.89443C8.65 8.17214 8.44839 8.41371 8.2 8.6L7.732 8.951C7.54842 9.09118 7.41902 9.29059 7.36579 9.51535C7.31256 9.74012 7.33878 9.97638 7.44 10.184C8.80668 12.9599 11.0544 15.2048 13.832 16.568Z\" stroke=\"currentColor\" stroke-width=\"1.5\" stroke-linecap=\"round\" stroke-linejoin=\"round\"\/>\n<\/svg>+49 32 221 093 912<\/a>        <\/div>\n    <\/div>\n            <\/div>\n<\/div>\n                            <div class=\"flex flex-col md:grid md:grid-cols-5 gap-[20px]\">\n    <div class=\"flex-grow col-span-3 w-full max-w-[820px]\">\n        <iframe src=\"https:\/\/www.google.com\/maps\/embed?pb=!1m18!1m12!1m3!1d2436.2408340091574!2d4.887650077583979!3d52.36605294761483!2m3!1f0!2f0!3f0!3m2!1i1024!2i768!4f13.1!3m3!1m2!1s0x47c5e28b2d6aaaab%3A0xfd28fc993007735d!2sAmberscript%20B.V.!5e0!3m2!1sen!2snl!4v1723542035129!5m2!1sen!2snl\" style=\"border:0;height: 100%; width: 100%; aspect-ratio: 820\/450;\"\n                allowfullscreen=\"\" loading=\"lazy\"\n                referrerpolicy=\"no-referrer-when-downgrade\"><\/iframe>\n    <\/div>\n\n    <div class=\"col-span-2 w-full\">\n                    <div class=\"w-full h-full py-6 px-8 flex flex-col items-start gap-9 overflow-hidden rounded-lg bg-surface-elevated shadow-sm active:outline active:outline-1 active:outline-offset-4 active:outline-blue-500 border-and-shadow\">\n    <div class=\"flex flex-col items-start gap-3\">\n        <div class=\"my-0 text-body-2 text-content-secondary\">Adresse<\/div>\n        <div class=\"my-0 text-h5 font-bold\"><p>Amberscript Global B.V.<\/p>\n<p>&nbsp;<\/p>\n<p>Herengracht 477, 1017 BS Amsterdam, The Netherlands<\/p>\n<\/div>\n    <\/div>\n            <div class=\"flex flex-col gap-3\">\n            <h2 class=\"my-0 text-body-2\">Phone<\/h2>\n            <p class=\"my-0 text-body-3\">F\u00fcr dringende Anfragen. Erreichbar w\u00e4hrend der Gesch\u00e4ftszeiten von 09:00 bis 18:00 Uhr MEZ.<\/p>\n            <a href=\"tel:%20+31%2020%20808%205623\" target=\"_self\" class=\"cursor-pointer group border-inline text-body-2 border-box h-12 inline-flex justify-center items-center gap-1 rounded px-5 py-3 text-button shadow-xs no-underline bg-transparent hover:bg-secondary-hover active:bg-secondary-active text-primary border-2 border-solid border-transparent hover:border-transparent pl-0 pr-5 !justify-start gap-2 w-fit\"><svg class=\"min-w-6 min-h-6 size-6\" width=\"24\" height=\"24\" viewBox=\"0 0 24 24\" fill=\"none\" xmlns=\"http:\/\/www.w3.org\/2000\/svg\">\n<path d=\"M13.832 16.568C14.0385 16.6628 14.2712 16.6845 14.4917 16.6294C14.7122 16.5744 14.9073 16.4458 15.045 16.265L15.4 15.8C15.5863 15.5516 15.8279 15.35 16.1056 15.2111C16.3833 15.0723 16.6895 15 17 15H20C20.5304 15 21.0391 15.2107 21.4142 15.5858C21.7893 15.9609 22 16.4696 22 17V20C22 20.5304 21.7893 21.0391 21.4142 21.4142C21.0391 21.7893 20.5304 22 20 22C15.2261 22 10.6477 20.1036 7.27208 16.7279C3.89642 13.3523 2 8.7739 2 4C2 3.46957 2.21071 2.96086 2.58579 2.58579C2.96086 2.21071 3.46957 2 4 2H7C7.53043 2 8.03914 2.21071 8.41421 2.58579C8.78929 2.96086 9 3.46957 9 4V7C9 7.31049 8.92771 7.61672 8.78885 7.89443C8.65 8.17214 8.44839 8.41371 8.2 8.6L7.732 8.951C7.54842 9.09118 7.41902 9.29059 7.36579 9.51535C7.31256 9.74012 7.33878 9.97638 7.44 10.184C8.80668 12.9599 11.0544 15.2048 13.832 16.568Z\" stroke=\"currentColor\" stroke-width=\"1.5\" stroke-linecap=\"round\" stroke-linejoin=\"round\"\/>\n<\/svg> +31 20 808 5623<\/a>        <\/div>\n    <\/div>\n            <\/div>\n<\/div>\n                    <\/div>\n    <\/div>\n<\/div>\n","protected":false},"excerpt":{"rendered":"","protected":false},"author":70,"featured_media":0,"parent":0,"menu_order":0,"comment_status":"closed","ping_status":"closed","template":"page-redesign.php","meta":{"_acf_changed":true,"inline_featured_image":false,"footnotes":""},"class_list":["post-102914","page","type-page","status-publish","hentry"],"acf":{"show_footer":true,"header_dark_mode":false},"_links":{"self":[{"href":"https:\/\/wp-staging.amberscript.com\/de\/wp-json\/wp\/v2\/pages\/102914","targetHints":{"allow":["GET"]}}],"collection":[{"href":"https:\/\/wp-staging.amberscript.com\/de\/wp-json\/wp\/v2\/pages"}],"about":[{"href":"https:\/\/wp-staging.amberscript.com\/de\/wp-json\/wp\/v2\/types\/page"}],"author":[{"embeddable":true,"href":"https:\/\/wp-staging.amberscript.com\/de\/wp-json\/wp\/v2\/users\/70"}],"replies":[{"embeddable":true,"href":"https:\/\/wp-staging.amberscript.com\/de\/wp-json\/wp\/v2\/comments?post=102914"}],"version-history":[{"count":0,"href":"https:\/\/wp-staging.amberscript.com\/de\/wp-json\/wp\/v2\/pages\/102914\/revisions"}],"wp:attachment":[{"href":"https:\/\/wp-staging.amberscript.com\/de\/wp-json\/wp\/v2\/media?parent=102914"}],"curies":[{"name":"wp","href":"https:\/\/api.w.org\/{rel}","templated":true}]}}